{"id":104,"date":"2024-10-13T15:41:43","date_gmt":"2024-10-13T13:41:43","guid":{"rendered":"https:\/\/spsro.pl\/?page_id=104"},"modified":"2024-10-15T00:23:05","modified_gmt":"2024-10-14T22:23:05","slug":"o-stowarzyszeniu","status":"publish","type":"page","link":"https:\/\/spsro.pl\/index.php\/o-stowarzyszeniu\/","title":{"rendered":"O Stowarzyszeniu"},"content":{"rendered":"\n<p>Byli cz\u0142onkowie \u201eSka\u0142y\u201d nie tworzyli odr\u0119bnego \u015brodowiska w ramach organizacji kombatanckich (jak np. \u015brodowisko b. \u017co\u0142nierzy AK), w latach PRL-u nale\u017celi do Zwi\u0105zku Bojownik\u00f3w o Wolno\u015b\u0107 i Demokracje, a po przemianach ustrojowych wst\u0119powali do Zwi\u0105zku Kombatant\u00f3w RP i By\u0142ych Wi\u0119\u017ani\u00f3w Politycznych, \u015awiatowego Zwi\u0105zku \u017bo\u0142nierzy AK czy Stowarzyszenia Wojskowy Korpus S\u0142u\u017cby Bezpiecze\u0144stwa AK. Nie powsta\u0142a jednak \u017cadna odr\u0119bna organizacja zrzeszaj\u0105ca cz\u0142onk\u00f3w \u201eSka\u0142y\u201d i stra\u017cak\u00f3w-konspirator\u00f3w.<br><\/p>\n\n\n\n<p>Pocz\u0105tki idei Stowarzyszenia i organizacji zrzeszaj\u0105cej rodziny cz\u0142onk\u00f3w Stra\u017cackiego Ruchu Oporu si\u0119gaj\u0105 pocz\u0105tk\u00f3w 2018 r., kiedy to I pluton Podhale Sekcji M\u0142odzie\u017cowej \u015awiatowego Zwi\u0105zku \u017bo\u0142nierzy Armii Krajowej w Nowym Targu staraniem obecnego Prezesa Stowarzyszenia przyj\u0105\u0142 za patrona Jerzego Lgockiego. W czerwcu tego samego roku odby\u0142o si\u0119 wr\u0119czenie odznak pami\u0105tkowych I Plutonu SM \u015aZ\u017bAK w obecno\u015bci wnuka J. Lgockiego, p. Andrzeja Orlik-R\u00fcckemanna, kt\u00f3ry odebra\u0142 odznak\u0119 w imieniu \u017cyj\u0105cej wtedy Krystyny \u2013 c\u00f3rki J. Lgockiego. Kilka miesi\u0119cy p\u00f3\u017aniej, w dniach 29-31 pa\u017adziernika 2018 r. w \u0141opusznej odby\u0142y si\u0119 uroczysto\u015bci 125. rocznicy urodzin Jerzego Lgockiego, zorganizowane przez \u015awiatowy Zwi\u0105zek \u017bo\u0142nierzy Armii Krajowej ko\u0142o Nowy Targ i I Pluton Sekcji M\u0142odzie\u017cowej \u015aZ\u017bAK przy wsp\u00f3\u0142pracy z Ma\u0142opolsk\u0105 Agencj\u0105 Rozwoju Regionalnego, Gminnym O\u015brodkiem Kultury w \u0141opusznej, Stadnin\u0105 Koni w \u0141opusznej, Ochotnicz\u0105 Stra\u017c\u0105 Po\u017carn\u0105 w \u0141opusznej, Komend\u0105 Powiatow\u0105 Pa\u0144stwowej Stra\u017cy Po\u017carnej w Nowym Targu, Ma\u0142opolskim Oddzia\u0142em Zwi\u0105zku OSP w Krakowie i pos\u0142em na Sejm RP p. Edwardem Siark\u0105, Stowarzyszeniem \u201eDrogi Tischnera\u201d oraz Plac\u00f3wk\u0105 Stra\u017cy Granicznej w Zakopanem. W uroczysto\u015bciach opr\u00f3cz wnuka J. Lgockiego wzi\u0119li udzia\u0142 \u015bp. pp\u0142k dr Janusz Kamocki (\u017co\u0142nierz AK, cz\u0142onek Kapitu\u0142y Orderu Krzy\u017ca Niepodleg\u0142o\u015bci), \u015bp. kpt. Jerzy Widejko (\u017co\u0142nierz AK), p. Anna Wende-Surmiak (\u00f3wczesna Dyrektor Muzeum Tatrza\u0144skiego w Zakopanem), p. Edward Siarka (pose\u0142 na Sejm RP, Prezes Ma\u0142opolskiego Zwi\u0105zku Ochotniczych Stra\u017cy Po\u017carnych RP w Krakowie), st. bryg. Pawe\u0142 Rochala (\u00f3wczesny Dyrektor Centralnego Muzeum Po\u017carnictwa w Mys\u0142owicach), p. dr Pawe\u0142 G\u0105siorczyk (Naczelnik Wydzia\u0142u Dokumentacji Zbior\u00f3w CMP) oraz stra\u017cacy, mieszka\u0144cy \u0141opusznej i Podhala. Od 2019 r. organizacj\u0119 uroczysto\u015bci przej\u0105\u0142 Zwi\u0105zek Kombatant\u00f3w RP i BWP w Nowym Targu. W 2019 zorganizowano uroczysto\u015bci 126 rocznicy urodzin J. Lgockiego, podczas kt\u00f3rych posadzono po\u015bwi\u0119cony mu d\u0105b pami\u0119ci przy ko\u015bciele pw. \u015aw. Tr\u00f3jcy w \u0141opusznej. 23 grudnia 2019 r. odby\u0142y si\u0119 tak\u017ce w \u0141opusznej uroczysto\u015bci zwi\u0105zane z 80. Rocznic\u0105 powstania Stra\u017cackiego Ruchu Oporu \u201eSka\u0142a\u201d. Specjalnie na t\u0105 okazje zaprojektowane zosta\u0142o logo Stra\u017cackiego Ruchu Oporu, kt\u00f3re sw\u0105 ostateczn\u0105 form\u0119 przyj\u0119\u0142o po poprawkach naniesionych w 2021 r.\u00a0\u00a0\u00a0\u00a0\u00a0\u00a0<br><\/p>\n\n\n\n<p>Ze wzgl\u0119du na sytuacj\u0119 epidemiczn\u0105 z lat 2020-2021, prace nad powstaniem Stowarzyszenia zosta\u0142y tymczasowo wstrzymane, jednak\u017ce do listopada 2019 r. opracowano wst\u0119pn\u0105 wersj\u0119 Statutu, a za\u0142o\u017cenie Stowarzyszenia zosta\u0142o zapowiedziane w styczniu 2020 r. w odpowiedzi na pismo bryg. Tomasza Ko\u0142odziejczyka, Dyrektora Gabinetu Komendanta G\u0142\u00f3wnego w sprawie upami\u0119tnienia dzia\u0142alno\u015bci \u201eSka\u0142y\u201d. Potrzeb\u0119 szerszego upami\u0119tnienia \u201eSka\u0142y\u201d podkre\u015bli\u0142 te\u017c w pi\u015bmie z dnia 28 listopada 2019 r. Komendant G\u0142\u00f3wny PSP gen. brygadier Leszek Suski. \u00a0<\/p>\n\n\n\n<p>W dniu 18 lutego 2022 r. w Komendzie G\u0142\u00f3wnej PSP odby\u0142o si\u0119 spotkanie z Dyrektorem Gabinetu KG PSP st. bryg. Markiem Piekutowskim, na kt\u00f3rym zosta\u0142y nakre\u015blone najwa\u017cniejsze dzia\u0142ania zwi\u0105zane z upami\u0119tnieniem Stra\u017cackiego Ruchu Oporu. 21 kwietnia 2022 r. w Nowym Targu odby\u0142o si\u0119 spotkanie za\u0142o\u017cycielskie Stowarzyszenia Pami\u0119ci Stra\u017cackiego Ruchu Oporu \u201eSka\u0142a\u201d, podczas kt\u00f3rego powo\u0142ano w\u0142adze i nakre\u015blono g\u0142\u00f3wne ramy dzia\u0142ania. Stowarzyszenie zarejestrowane zosta\u0142o w KRS w dniu 6 czerwca 2022 r., 3 tygodnie p\u00f3\u017aniej zmar\u0142a Krystyna Orlik-R\u00fcckemann, ostatni \u017cyj\u0105cy cz\u0142onek \u201eSka\u0142y\u201d.<br>\u00a0\u00a0\u00a0\u00a0\u00a0\u00a0\u00a0\u00a0\u00a0\u00a0\u00a0<\/p>\n\n\n\n<p><em>Arkadiusz Stefaniak-Guzik<\/em><\/p>\n\n\n\n<p><\/p>\n","protected":false},"excerpt":{"rendered":"<p>Byli cz\u0142onkowie \u201eSka\u0142y\u201d nie tworzyli odr\u0119bnego \u015brodowiska w ramach organizacji kombatanckich (jak np. \u015brodowisko b. \u017co\u0142nierzy AK), w latach PRL-u&#8230;<\/p>\n","protected":false},"author":1,"featured_media":0,"parent":0,"menu_order":0,"comment_status":"closed","ping_status":"closed","template":"","meta":{"footnotes":""},"class_list":["post-104","page","type-page","status-publish","hentry"],"_links":{"self":[{"href":"https:\/\/spsro.pl\/index.php\/wp-json\/wp\/v2\/pages\/104","targetHints":{"allow":["GET"]}}],"collection":[{"href":"https:\/\/spsro.pl\/index.php\/wp-json\/wp\/v2\/pages"}],"about":[{"href":"https:\/\/spsro.pl\/index.php\/wp-json\/wp\/v2\/types\/page"}],"author":[{"embeddable":true,"href":"https:\/\/spsro.pl\/index.php\/wp-json\/wp\/v2\/users\/1"}],"replies":[{"embeddable":true,"href":"https:\/\/spsro.pl\/index.php\/wp-json\/wp\/v2\/comments?post=104"}],"version-history":[{"count":5,"href":"https:\/\/spsro.pl\/index.php\/wp-json\/wp\/v2\/pages\/104\/revisions"}],"predecessor-version":[{"id":204,"href":"https:\/\/spsro.pl\/index.php\/wp-json\/wp\/v2\/pages\/104\/revisions\/204"}],"wp:attachment":[{"href":"https:\/\/spsro.pl\/index.php\/wp-json\/wp\/v2\/media?parent=104"}],"curies":[{"name":"wp","href":"https:\/\/api.w.org\/{rel}","templated":true}]}}