{"id":127,"date":"2024-10-13T17:59:43","date_gmt":"2024-10-13T15:59:43","guid":{"rendered":"https:\/\/spsro.pl\/?page_id=127"},"modified":"2025-01-05T23:03:13","modified_gmt":"2025-01-05T22:03:13","slug":"tadeusz-baran","status":"publish","type":"page","link":"https:\/\/spsro.pl\/index.php\/internetowy-katalog-czlonkow-strazackiego-ruchu-oporu-skala\/tadeusz-baran\/","title":{"rendered":"Tadeusz Baran"},"content":{"rendered":"\n<p><\/p>\n\n\n<div class=\"wp-block-image\">\n<figure class=\"aligncenter size-large is-resized\"><img loading=\"lazy\" decoding=\"async\" width=\"709\" height=\"1024\" src=\"https:\/\/spsro.pl\/wp-content\/uploads\/2024\/10\/20-709x1024.jpg\" alt=\"\" class=\"wp-image-128\" style=\"width:228px;height:auto\" srcset=\"https:\/\/spsro.pl\/wp-content\/uploads\/2024\/10\/20-709x1024.jpg 709w, https:\/\/spsro.pl\/wp-content\/uploads\/2024\/10\/20-208x300.jpg 208w, https:\/\/spsro.pl\/wp-content\/uploads\/2024\/10\/20-768x1109.jpg 768w, https:\/\/spsro.pl\/wp-content\/uploads\/2024\/10\/20.jpg 783w\" sizes=\"auto, (max-width: 709px) 100vw, 709px\" \/><\/figure>\n<\/div>\n\n\n<p class=\"has-text-align-center\">ppor. po\u017c. Tadeusz Baran, lata 40. XX w.<br>Fot. Archiwum KG PSP<\/p>\n\n\n\n<p><strong>1. Imi\u0119 i nazwisko: <\/strong>Tadeusz Stanis\u0142aw Baran<\/p>\n\n\n\n<p><strong>2. Pseudonim: <\/strong>b.d.<\/p>\n\n\n\n<p><strong>3. Data i miejsce urodzenia: <\/strong>3.09.1908 r., Nowy Targ<\/p>\n\n\n\n<p><strong>4. Data i miejsce \u015bmierci: <\/strong>11.12.1943 r., S\u0142omniki<\/p>\n\n\n\n<p><strong>5. Imiona rodzic\u00f3w: <\/strong>Kazimierz, Helena Ko\u015bcia\u0144ska<\/p>\n\n\n\n<p><strong>6. Wykszta\u0142cenie:<\/strong> \u015brednie \u2013 1926 r.; wy\u017csze \u2013 1935 r. magister filozofii.<br>Absolwent 2-letniego studium Centralnym Instytucie Wychowania Fizycznego w Warszawie &#8211; 1936 r. oraz kursu po\u017carniczego dla kandydat\u00f3w do Korpusu Technicznego ZSP RP realizowanego w Centralnym O\u015brodku Wyszkolenia Po\u017carniczego w Warszawie<\/p>\n\n\n\n<p><strong>7. Stopie\u0144<\/strong>:<br><strong>a) w Wojsku Polskim: <\/strong>podchor\u0105\u017cy rez. (?)<br><strong>b) w Stra\u017cy Po\u017carnej: <\/strong>m\u0142odszy instruktor\/podporucznik po\u017carnictwa (1939 r.)<\/p>\n\n\n\n<p><strong>8. Przebieg s\u0142u\u017cby:<\/strong> <br><strong>a) przed 1939: <\/strong>Po uko\u0144czeniu studi\u00f3w na Uniwersytecie Jagiello\u0144skim w Krakowie przeprowadza si\u0119 do Warszawy, gdzie rozpoczyna prac\u0119 w Zwi\u0105zku Stra\u017cy Po\u017carnych. Od 15.07.1938 r. zatrudniony by\u0142 na stanowisku referenta wychowania fizycznego i obywatelskiego w biurze Zarz\u0105du G\u0142\u00f3wnego ZSP RP. W sierpniu 1939 r. by\u0142 instruktorem stra\u017cy po\u017carnej na letnim obozie stra\u017cackim w Augustowie.<br><strong>b) w latach 1939-1945: <\/strong>Bra\u0142 udzia\u0142 w obronie Warszawy. W 1940 r. powraca do Nowego Targu. Na podstawie rekomendacji udzielonej przez Komisarycznego Kierownika Technicznego Po\u017carnictwa Jerzego Lgockiego, postanowieniem starosty nowotarskiego Viktora von Dewitza z dnia 26 wrze\u015bnia 1940 r. zosta\u0142 mianowany instruktorem po\u017carnictwa w powiecie nowotarskim (<em>Kreisfeuerwehrinstruktor im Kreise Neumarkt (Dunajec)<\/em>) od dnia 1.10.1940 r. Aresztowany 13\/14.11.1943 r. w Nowym Targu, wi\u0119ziony w Palace w Zakopanem oraz w wi\u0119zieniu na Montelupich w Krakowie. 11.12.1943 r. zamordowany przez Niemc\u00f3w w S\u0142omnikach.<br><strong>c) po 1945<\/strong>: &#8211; <\/p>\n\n\n\n<p><strong>9. Dzia\u0142alno\u015b\u0107 w ramach Stra\u017cackiego Ruchu Oporu \u201eSka\u0142a\u201d:<\/strong><br><strong>a) przydzia\u0142: <\/strong>IV Krakowski Okr\u0119g SRO<br><strong>b) pe\u0142nione funkcje: <\/strong>Komendant SRO w powiecie nowotarskim<\/p>\n\n\n\n<p><strong>10.&nbsp; Dzia\u0142alno\u015b\u0107 w ramach innych organizacji konspiracyjnych:<\/strong> nd.<\/p>\n\n\n\n<p><strong>11. Formy upami\u0119tnienia: <\/strong>Wymieniony na tablicach pami\u0105tkowych w kwaterze Stra\u017cackiego Ruchu Oporu &#8222;Ska\u0142a&#8221; na Cmentarzu Wojskowym na Pow\u0105zkach oraz w I LO im. Seweryna Goszczy\u0144skiego w Nowym Targu; tabliczka biograficzna na symbolicznym grobie zlokalizowanym na Cmentarzu Komunalnym w Nowym Targu; <\/p>\n\n\n\n<p><strong>12. Odznaczenia: <\/strong>&#8211; <\/p>\n\n\n\n<p><strong>13. Bibliografia<\/strong><br>Archiwa<br>Archiwum I Liceum Og\u00f3lnokszta\u0142c\u0105cego im. Seweryna Goszczy\u0144skiego w Nowym Targu, <em>Ksi\u0119ga Poleg\u0142ych<\/em>; Archiwum KG PSP, <em>akta osobowe sygn. 318\/11;<\/em> Archiwum Akademii Wychowania Fizycznego w Warszawie, <em>Absolwenci Studium Dwuletniego C.I.W.F za rok 1935\/1936<\/em>; Archiwum Uniwersytetu Jagiello\u0144skiego w Krakowie, <em>sygn. KM 56 \u2013 57; S II 339 a, S II 347, S II 353, S II 361, S II 369, S II 377<\/em>; Oddzia\u0142owe Archiwum Instytutu Pami\u0119ci Narodowej w Krakowie<em>, Kartoteka Okr\u0119gowej Komisji Badania Zbrodni przeciwko Narodowi Polskiemu, sygn. IPN Kr 488\/8<\/em>; Archiwum Muzeum Tatrza\u0144skiego w Zakopanem, <em>Obwieszczenie Dow\u00f3dcy SS i Policji w Dystrykcie Krak\u00f3w z dnia 29.01.1944 r.; <\/em>Archiwum p. Ewy Zieli\u0144skiej, <em>Feuerwehr-Dienstausweis nr 000388 z dn. 8.09.1943<\/em> r.; Archiwum Mi\u0119dzynarodowej S\u0142u\u017cby Poszukiwa\u0144 w Bad Arolsen, <em>Korrespondenzakte sygn. 6.3.3.2\/110958068; list J. Zieli\u0144skiej z dn. 27.11.1973 r., sygn. 6.3.3.2\/110958069<\/em>.<\/p>\n\n\n\n<p>Publikacje<br>J. Waksmundzki, <em>Bohaterowie z nowotarskiego gimnazjum<\/em>, Nowy Targ 2018 r., s. 117-118; M. Mantyka, <em>Dzieje Krakowskiego Zwi\u0105zku Stra\u017cy Po\u017carnych w latach 1923-1950<\/em>, Krak\u00f3w 2008 r., str. 144; St. D\u0105browa \u2013 Kostka, <em>Hitlerowskie Afisze \u015amierci<\/em>, Krak\u00f3w 1983 r., str. 212; Z. Sikora, <em>Krwawy \u015alad, nieznani bohaterowie Podhala<\/em>, Zakopane 2014 r., str. 289; J. Kasperek, <em>Podhale w latach wojny i okupacji niemieckiej 1939 \u2013 1945<\/em>, Warszawa 1990 r., str. 147; J. \u0141amaszewski, W\u0142. Pilawski, <em>Ksi\u0119ga Pami\u0119ci funkcjonariuszy po\u017carnictwa <\/em><em>i stra\u017cak\u00f3w ochotnik\u00f3w 1939-1945<\/em>, Warszawa 1986 r., str. 151; S. Przybysz, <em>Profesor Kazimierz Baran (1878-1961). Wspomnienie<\/em> w: Almanach Nowotarski, Rocznik Spo\u0142eczno-Kulturalny Nr 8, Nowy Targ 2004 r., str. 170, 172; M. Szewczyk, <em>Rozw\u00f3j i dzia\u0142alno\u015b\u0107 ochotniczej Stra\u017cy Po\u017carnej w Nowym Targu w latach 1881 \u2013 1945<\/em>. Praca Magisterska napisana pod kierunkiem dr Kazimierza Karolczaka, Krak\u00f3w 1990 r., str. 49.<\/p>\n\n\n\n<p>Strony internetowe&nbsp;&nbsp;&nbsp;&nbsp;&nbsp;&nbsp;&nbsp;&nbsp;&nbsp;&nbsp;&nbsp;&nbsp;<br><em>Absolwenci 1925\/1926<\/em> (https:\/\/goszczynski.nowotarski.edu.pl\/strona.php?etykieta=absolwenci_1925-1926; dost\u0119p 8.03.2023 r.); B. Ciryt, <em>Kamienne p\u0142yty nagrobk\u00f3w kryj\u0105 krwawe dzieje<\/em> (https:\/\/dziennikpolski24.pl\/kamienne-plyty-nagrobkow-kryja-krwawe-dzieje\/ar\/3283306, dost\u0119p 18.05.2023 r.); KP PSP w Nowym Targu, <em>Pami\u0119\u0107 o ppor. po\u017c. mgr Tadeuszu Baranie <\/em>(<a href=\"https:\/\/www.gov.pl\/web\/kppsp-nowy-targ\/pamiec-o-ppor-poz-mgr-tadeuszu-baranie\">https:\/\/www.gov.pl\/web\/kppsp-nowy-targ\/pamiec-o-ppor-poz-mgr-tadeuszu-baranie<\/a><em>, <\/em>dost\u0119p 16.06.2023 r.); <em>Zarys historyczny nowotarskiej stra\u017cy po\u017carnej <\/em>(https:\/\/web.archive.org\/web\/20080409190849\/http:\/\/jrgpspnt.republika.pl:80\/historia.html, dost\u0119p 2.04.2023 r.).<\/p>\n\n\n\n<p>Gazety<br>T. Uczniak, <em>Aresztowanie komendant\u00f3w Ochotniczych Stra\u017cy Po\u017carnych w czasie okupacji<\/em> w: Biuletyn Samorz\u0105dowy Gmina Bystra \u2013 Sidzina nr 9(89),wrzesie\u0144 2019 r., str. 16.; <em>Egzamin dojrza\u0142o\u015bci w pa\u0144stwowym gimnazjum<\/em> w: Gazeta Podhala\u0144ska<em>, <\/em>nr 26, 27.06.1926 r., str. 9.; <em>Kronika<\/em> w: Gazeta Podhala\u0144ska<em>, <\/em>nr 19 z dn. 28.05.1933 r., str. 7.; Dziennik Polski<em>, <\/em>nr 6 (332), 6.01.1946 r., str. 7.<\/p>\n\n\n\n<p>Wywiady<br><em>Wywiad z p. Ew\u0105 Zieli\u0144sk\u0105 z dn. 3.02.2023<\/em> r.<\/p>\n\n\n\n<p>Opr. A. Stefaniak-Guzik<\/p>\n\n\n\n<p><\/p>\n","protected":false},"excerpt":{"rendered":"<p>ppor. po\u017c. Tadeusz Baran, lata 40. XX w.Fot. Archiwum KG PSP 1. Imi\u0119 i nazwisko: Tadeusz Stanis\u0142aw Baran 2. Pseudonim:&#8230;<\/p>\n","protected":false},"author":1,"featured_media":0,"parent":44,"menu_order":0,"comment_status":"closed","ping_status":"closed","template":"","meta":{"footnotes":""},"class_list":["post-127","page","type-page","status-publish","hentry"],"_links":{"self":[{"href":"https:\/\/spsro.pl\/index.php\/wp-json\/wp\/v2\/pages\/127","targetHints":{"allow":["GET"]}}],"collection":[{"href":"https:\/\/spsro.pl\/index.php\/wp-json\/wp\/v2\/pages"}],"about":[{"href":"https:\/\/spsro.pl\/index.php\/wp-json\/wp\/v2\/types\/page"}],"author":[{"embeddable":true,"href":"https:\/\/spsro.pl\/index.php\/wp-json\/wp\/v2\/users\/1"}],"replies":[{"embeddable":true,"href":"https:\/\/spsro.pl\/index.php\/wp-json\/wp\/v2\/comments?post=127"}],"version-history":[{"count":6,"href":"https:\/\/spsro.pl\/index.php\/wp-json\/wp\/v2\/pages\/127\/revisions"}],"predecessor-version":[{"id":423,"href":"https:\/\/spsro.pl\/index.php\/wp-json\/wp\/v2\/pages\/127\/revisions\/423"}],"up":[{"embeddable":true,"href":"https:\/\/spsro.pl\/index.php\/wp-json\/wp\/v2\/pages\/44"}],"wp:attachment":[{"href":"https:\/\/spsro.pl\/index.php\/wp-json\/wp\/v2\/media?parent=127"}],"curies":[{"name":"wp","href":"https:\/\/api.w.org\/{rel}","templated":true}]}}