{"id":141,"date":"2024-10-13T20:19:47","date_gmt":"2024-10-13T18:19:47","guid":{"rendered":"https:\/\/spsro.pl\/?page_id=141"},"modified":"2025-07-06T21:27:10","modified_gmt":"2025-07-06T19:27:10","slug":"leopold-kiersznowski","status":"publish","type":"page","link":"https:\/\/spsro.pl\/index.php\/internetowy-katalog-czlonkow-strazackiego-ruchu-oporu-skala\/leopold-kiersznowski\/","title":{"rendered":"Leopold Kiersznowski"},"content":{"rendered":"<div class=\"wp-block-image\">\n<figure class=\"aligncenter size-large is-resized\"><img loading=\"lazy\" decoding=\"async\" width=\"774\" height=\"1024\" src=\"https:\/\/spsro.pl\/wp-content\/uploads\/2024\/10\/Skan_20231221-18-774x1024.jpg\" alt=\"\" class=\"wp-image-142\" style=\"width:299px;height:auto\" srcset=\"https:\/\/spsro.pl\/wp-content\/uploads\/2024\/10\/Skan_20231221-18-774x1024.jpg 774w, https:\/\/spsro.pl\/wp-content\/uploads\/2024\/10\/Skan_20231221-18-227x300.jpg 227w, https:\/\/spsro.pl\/wp-content\/uploads\/2024\/10\/Skan_20231221-18-768x1017.jpg 768w, https:\/\/spsro.pl\/wp-content\/uploads\/2024\/10\/Skan_20231221-18-1160x1536.jpg 1160w, https:\/\/spsro.pl\/wp-content\/uploads\/2024\/10\/Skan_20231221-18.jpg 1239w\" sizes=\"auto, (max-width: 774px) 100vw, 774px\" \/><\/figure>\n<\/div>\n\n\n<p class=\"has-text-align-center\">mjr Leopold Kiersznowski.<br>Fot. Archiwum Muzeum Powstania Warszawskiego<\/p>\n\n\n\n<p><strong>1. Imi\u0119 i nazwisko:&nbsp;<\/strong>Leopold Stanis\u0142aw Kiersznowski<\/p>\n\n\n\n<p><strong>2. Pseudonim:&nbsp;<\/strong>&#8222;Pob\u00f3g&#8221;, &#8222;Staszek&#8221;, &#8222;Kierski&#8221;, &#8222;Stanis\u0142aw Kierski&#8221;<\/p>\n\n\n\n<p><strong>3. Data i miejsce urodzenia:<\/strong> 24.09.1920 r., Warszawa<\/p>\n\n\n\n<p><strong>4. Data i miejsce \u015bmierci:&nbsp;<\/strong>28.11.1998 r., Warszawa<\/p>\n\n\n\n<p><strong>5. Imiona rodzic\u00f3w:&nbsp;<\/strong>Jan, Stanis\u0142awa Nowak<\/p>\n\n\n\n<p><strong>6. Wykszta\u0142cenie:<\/strong>&nbsp;\u015brednie &#8211; 1939 r.; uko\u0144czy\u0142 jeden z kurs\u00f3w realizowanych w Centralnej Szkole Po\u017carniczej w Warszawie<\/p>\n\n\n\n<p><strong>7. Stopie\u0144<\/strong>:<br><strong>a) w Wojsku Polskim:&nbsp;<\/strong>major<br><strong>b) w Stra\u017cy Po\u017carnej:&nbsp;<\/strong>&#8211; <\/p>\n\n\n\n<p><strong>8. Przebieg s\u0142u\u017cby:<\/strong><br><strong>a) przed 1939:\u00a0<\/strong>&#8211; <br><strong>b) w latach 1939-1945:\u00a0<\/strong>uczestnik obrony Warszawy w oddziale Obrony Przeciwlotniczej. Do konspiracji wst\u0105pi\u0142 18.10.1939 r., zaprzysi\u0119\u017cony w Polskiej Organizacji Zbrojnej &#8222;Znak&#8221; przez por. Moskw\u0119, dzia\u0142a\u0142 jako \u0142\u0105cznik. W latach 1940 &#8211; 1942 uczestniczy\u0142 w tajnych kompletach w Liceum Budownictwa L\u0105dowego i Wodnego przy Politechnice Warszawskiej. Zatrudniony by\u0142 w biurze Instruktora Po\u017carnictwa na Dystrykt Radomski. W czasie trwania powstania w getcie warszawskim wraz z innymi stra\u017cakami zaanga\u017cowany by\u0142 w niesienie pomocy walcz\u0105cym powsta\u0144com i cywilom poprzez przerzucanie uzbrojenia i \u017cywno\u015bci oraz pomoc w ucieczce z terenu getta. Bra\u0142 udzia\u0142 w akcji oddzia\u0142u partyzanckiego z\u0142o\u017conego z 32 s\u0142uchaczy CSP w Skrzydlnej 21.10.1943 r. W czasie powstania warszawskiego walczy\u0142 jako dow\u00f3dca I kompanii i zast\u0119pca dow\u00f3dcy Batalionu &#8222;Na\u0142\u0119cz&#8221; KB. Wraz z kompani\u0105 walczy\u0142 na Muranowie, Star\u00f3wce i w \u015ar\u00f3dmie\u015bciu, szczeg\u00f3lnie wyr\u00f3\u017cni\u0142 si\u0119 w czasie obrony Pa\u0142acu Jab\u0142onowskich i klasztoru Panien Kanoniczek przy ul. Senatorskiej, w walkach o Szpital Malta\u0144ski, Pa\u0142ac Radziwi\u0142\u0142\u00f3w gdzie zosta\u0142 ranny oraz w czasie walk o redut\u0119 \u201eNa\u0142\u0119cza\u201d. Wzi\u0119ty do niewoli w dniu 5.10.1944 r. jako \u017co\u0142nierz 21 pu\u0142ku piechoty 8 Dywizji Piechoty AK. Jako jeniec przebywa\u0142 w Stalagu 344 Lamsdorf (numer jeniecki 102529) w okresie od 8.10.1944 r. do 20.01.1945 r., a nast\u0119pnie w Stalagu X B Sandbostel. 19.03.1945 r. zbieg\u0142 z niewoli, z\u0142apany przez Gestapo 20.04.1945 r. i osadzony w Stalag III A Luckenwalde\u00a0do wyzwolenia przez Armi\u0119 Czerwon\u0105 w dniu 22.04.1945 r.<br><strong>c) po 1945<\/strong>: Do Warszawy wr\u00f3ci\u0142 29.10.1945 r. 15.11.1945 r. zosta\u0142 zdemobilizowany. W okresie od 15.05. do 17.08.1945 r. pracuje jako kierownik wydzia\u0142u remontowego i transportowego Zak\u0142ad\u00f3w Przemys\u0142owych W.E.O. w Warszawie. W latach 1945-1946 by\u0142 osadnikiem wojskowym w R\u0119kawicy. W latach 1947-1949 pracowa\u0142 jako dyrektor sp\u00f3\u0142dzielni &#8222;Filar&#8221; w Gda\u0144sku. Od 1.10.1946 r. do pe\u0142ni\u0142 funkcj\u0119 zast\u0119pcy komendanta powiatowego ORMO w Ko\u015bcierzynie, zdj\u0119ty z niej zosta\u0142 7.12.1946 r. za <em>zaniedbywanie si\u0119 w pracy i niewykonywanie polece\u0144 Komendy Wojew\u00f3dzkiej<\/em>. W 1950 r. powr\u00f3ci\u0142 do Warszawy, gdzie pracowa\u0142 w zak\u0142adzie remontowo-budowlanym ojca, a od 1972 r. prowadzi\u0142 w\u0142asny warsztat. Prawdopodobnie po powrocie do Warszawy zosta\u0142 uwi\u0119ziony w wi\u0119zieniu na Mokotowie. Nie pracowa\u0142 zawodowo w po\u017carnictwie. By\u0142 aktywnym dzia\u0142aczem kombatanckim<\/p>\n\n\n\n<p><strong>9. Dzia\u0142alno\u015b\u0107 w ramach Stra\u017cackiego Ruchu Oporu \u201eSka\u0142a\u201d:<\/strong><br><strong>a) przydzia\u0142:&nbsp;<\/strong>Komenda G\u0142\u00f3wna <br><strong>b) pe\u0142nione funkcje:&nbsp;<\/strong>Oficer do zada\u0144 specjalnych<\/p>\n\n\n\n<p><strong>10.\u00a0 Dzia\u0142alno\u015b\u0107 w ramach innych organizacji konspiracyjnych:<\/strong>\u00a0Polska Organizacja Zbrojna, Organizacja Wojskowa Kadra Bezpiecze\u0144stwa, Wojskowy Korpus S\u0142u\u017cby Bezpiecze\u0144stwa, Armia Krajowa, Korpus Bezpiecze\u0144stwa<\/p>\n\n\n\n<p><strong>11. Formy upami\u0119tnienia:&nbsp;<\/strong>&#8211; <\/p>\n\n\n\n<p><strong>12. Odznaczenia:&nbsp;<\/strong>Krzy\u017c Srebrny Orderu Wojennego Virtuti Militari (1944 r. &#8211; nadanie nie zweryfikowane), Krzy\u017c Kawalerski Orderu Odrodzenia Polski (1990 r.), Order Krzy\u017ca Grunwaldu III Klasy (1946 r.), Krzy\u017c Walecznych (1944 r.), Krzy\u017c Partyzancki (1946 r.), Krzy\u017c Armii Krajowej (1985 r.), Medal za Warszaw\u0119 1939 \u2013 1945 (1995 r.), Krzy\u017c Wyzwolenia (1944 r.). <\/p>\n\n\n\n<p><strong>13. Bibliografia<\/strong><br>Archiwa: Archiwum Centralnego Muzeum Je\u0144c\u00f3w Wojennych,<em> sygn. WASt 5667<\/em>, str. 001, 003,<em>WASt 5668<\/em>, st. 014; Arolsen Archives, sygn. 72945787 &#8211; <em>Stammlager 344 Personalkarte<\/em>, Archiwum Instytutu Pami\u0119ci Narodowej, sygn. IPN Gd 210\/1152 &#8211; <em>Akta osobowe funkcjonariusza MO: Leopold Stanis\u0142aw Pob\u00f3g-Kiersznowski<\/em>; Archiwum Stowarzyszenia Pami\u0119ci Stra\u017cackiego Ruchu Oporu \u201eSka\u0142a\u201d \u2013 <em>relacja Leopolda Kiersznowskiego z dn. 10.04.1974<\/em>;<em> \u017cyciorys L. Kiersznowskiego z dn. 2.06.1959<\/em>;<em> relacja Leona Korzewnikjanca z dn. 4.12.1967<\/em>; Studium Polski Podziemnej, <em>Kiersznowski Leopold &#8211; akta weryfikacyjne, sygn. KW3 6968. <\/em><\/p>\n\n\n\n<p>Publikacje:<br>T. Bednarczyk, <em>Obowi\u0105zek silniejszy od \u015bmierci, <\/em>Warszawa 1982 r., str. 134; J. Bieniek, <em>Nowos\u0105decka \u201eSka\u0142a\u201d<\/em> w: Rocznik S\u0105decki, tom X \u2013 XI, Nowy S\u0105cz 1969 \u2013 1970, str. 378 \u2013 379; R. Budzianowski, <em>Batalion KB \u201eNa\u0142\u0119cz\u201d w Powstaniu Warszawskim<\/em>, Warszawa 2004 r., str. 23, 25, 42-44, 46, 50, 65, 67, 71, 75, 94 \u2013 96; <em>Szlak Armii Krajowej na Ziemi Limanowskiej<\/em>, Limanowa 2020 r., red. P. Bukowiec, str. 72; A. Jaworski, J. E. Wilczur, <em>Stra\u017cacka Wierno\u015b\u0107, <\/em>Warszawa 1977 r., str. 166; P. Matusak, <em>Stra\u017c Po\u017carna, Warszawskie Termopile 1939 \u2013 1945, <\/em>Warszawa 2014 r., str. 119, 134, 141, 216; J. Miku\u0142a, <em>Opowiadanie o Stra\u017cackim Ruchu Oporu \u201eSka\u0142a\u201d na terenie by\u0142ej Generalnej Guberni podczas II Wojny \u015awiatowej<\/em>, mps. <em>s.a,. s.l<\/em>., str. 18, 26; ; W\u0142. Pilawski, <em>Stra\u017cacki Ruch Oporu \u201eSka\u0142a\u201d<\/em>, Czarnk\u00f3w 2012 r., str. 20; P. Stanek, <em>Przystanek Lamsdrof. Powsta\u0144cy warszawscy w obozie jenieckim Stalag 344,<\/em> Opole 2015 r., str. 148; M. Sztejerwald, <em>Kompania Armii Krajowej P-20 w powstaniu warszawskim<\/em>, Warszawa 2004 r., str. 36; Z. Umi\u0144ski, <em>Kanoniczki 1944, <\/em>Warszawa 1988 r., str. 8, 43, 53, 73, 75-76, 78, 83-84, 130; <em>Leksykon Oddzia\u0142\u00f3w Powstania Warszawskiego, <\/em>red. K. Utracka, Warszawa 2022 r., str. 179-180.<\/p>\n\n\n\n<p>Akty prawne: <em>Uchwa\u0142a Prezydium Krajowej Rady Narodowej z dn. 30.07.1946 r.<\/em>; <em>postanowienie Prezydenta Rzeczypospolitej Polskiej z dn. 9.05.1990 r. i z dn. 2.10.1995 r.; rozkaz nr 40 KG KB z dn. 14.08.1944 r.; rozkaz nr 5 KG KB z dn. 26.09.1944 r.; rozkaz nr 7 Dow\u00f3dcy Po\u0142\u0105czonych Si\u0142 Zbrojnych AL, KB, PAL z dn. 2.10.1944 r.; rozkaz Personalny Ministra Obrony Narodowej z dn. 1.09.1946 r.;<\/em><\/p>\n\n\n\n<p>Strony internetowe: <br><em>Moi rodzice nie umieli by\u0107 razem <\/em>(<a href=\"https:\/\/kobieta.interia.pl\/gwiazdy\/news-moi-rodzice-nie-umieli-byc-razem,nId,1849021\">https:\/\/kobieta.interia.pl\/gwiazdy\/news-moi-rodzice-nie-umieli-byc-razem,nId,1849021<\/a> dost\u0119p 16.06.2023); <em>Powsta\u0144cze biogramy: Leopold Kiersznowski <\/em>(<a href=\"https:\/\/www.1944.pl\/powstancze-biogramy\/leopold-kiersznowski,20907.html\">https:\/\/www.1944.pl\/powstancze-biogramy\/leopold-kiersznowski,20907.html<\/a> dost\u0119p 16.06.2023).<\/p>\n\n\n\n<p>Opr. A. Stefaniak-Guzik<\/p>\n\n\n\n<p><\/p>\n","protected":false},"excerpt":{"rendered":"<p>mjr Leopold Kiersznowski.Fot. Archiwum Muzeum Powstania Warszawskiego 1. Imi\u0119 i nazwisko:&nbsp;Leopold Stanis\u0142aw Kiersznowski 2. Pseudonim:&nbsp;&#8222;Pob\u00f3g&#8221;, &#8222;Staszek&#8221;, &#8222;Kierski&#8221;, &#8222;Stanis\u0142aw Kierski&#8221; 3&#8230;.<\/p>\n","protected":false},"author":1,"featured_media":0,"parent":44,"menu_order":0,"comment_status":"closed","ping_status":"closed","template":"","meta":{"footnotes":""},"class_list":["post-141","page","type-page","status-publish","hentry"],"_links":{"self":[{"href":"https:\/\/spsro.pl\/index.php\/wp-json\/wp\/v2\/pages\/141","targetHints":{"allow":["GET"]}}],"collection":[{"href":"https:\/\/spsro.pl\/index.php\/wp-json\/wp\/v2\/pages"}],"about":[{"href":"https:\/\/spsro.pl\/index.php\/wp-json\/wp\/v2\/types\/page"}],"author":[{"embeddable":true,"href":"https:\/\/spsro.pl\/index.php\/wp-json\/wp\/v2\/users\/1"}],"replies":[{"embeddable":true,"href":"https:\/\/spsro.pl\/index.php\/wp-json\/wp\/v2\/comments?post=141"}],"version-history":[{"count":4,"href":"https:\/\/spsro.pl\/index.php\/wp-json\/wp\/v2\/pages\/141\/revisions"}],"predecessor-version":[{"id":469,"href":"https:\/\/spsro.pl\/index.php\/wp-json\/wp\/v2\/pages\/141\/revisions\/469"}],"up":[{"embeddable":true,"href":"https:\/\/spsro.pl\/index.php\/wp-json\/wp\/v2\/pages\/44"}],"wp:attachment":[{"href":"https:\/\/spsro.pl\/index.php\/wp-json\/wp\/v2\/media?parent=141"}],"curies":[{"name":"wp","href":"https:\/\/api.w.org\/{rel}","templated":true}]}}