{"id":154,"date":"2024-10-13T21:50:41","date_gmt":"2024-10-13T19:50:41","guid":{"rendered":"https:\/\/spsro.pl\/?page_id=154"},"modified":"2024-10-15T22:50:34","modified_gmt":"2024-10-15T20:50:34","slug":"bronislaw-bauer","status":"publish","type":"page","link":"https:\/\/spsro.pl\/index.php\/internetowy-katalog-czlonkow-strazackiego-ruchu-oporu-skala\/bronislaw-bauer\/","title":{"rendered":"Bronis\u0142aw Bauer"},"content":{"rendered":"<div class=\"wp-block-image\">\n<figure class=\"aligncenter size-large is-resized\"><img loading=\"lazy\" decoding=\"async\" width=\"706\" height=\"1024\" src=\"https:\/\/spsro.pl\/wp-content\/uploads\/2024\/10\/2-706x1024.jpg\" alt=\"\" class=\"wp-image-155\" style=\"width:269px;height:auto\" srcset=\"https:\/\/spsro.pl\/wp-content\/uploads\/2024\/10\/2-706x1024.jpg 706w, https:\/\/spsro.pl\/wp-content\/uploads\/2024\/10\/2-207x300.jpg 207w, https:\/\/spsro.pl\/wp-content\/uploads\/2024\/10\/2-768x1113.jpg 768w, https:\/\/spsro.pl\/wp-content\/uploads\/2024\/10\/2-1060x1536.jpg 1060w, https:\/\/spsro.pl\/wp-content\/uploads\/2024\/10\/2.jpg 1134w\" sizes=\"auto, (max-width: 706px) 100vw, 706px\" \/><\/figure>\n<\/div>\n\n\n<p class=\"has-text-align-center\">Bronis\u0142aw Bauer w mundurze w stopniu sier\u017canta po\u017c., fot. sprzed 1943 r.<br>Fot. Archiwum KG PSP<\/p>\n\n\n<div class=\"wp-block-image\">\n<figure class=\"aligncenter size-full\"><img loading=\"lazy\" decoding=\"async\" width=\"569\" height=\"127\" src=\"https:\/\/spsro.pl\/wp-content\/uploads\/2024\/10\/Lgocki-dane-biograficzne_6.jpg\" alt=\"\" class=\"wp-image-156\" srcset=\"https:\/\/spsro.pl\/wp-content\/uploads\/2024\/10\/Lgocki-dane-biograficzne_6.jpg 569w, https:\/\/spsro.pl\/wp-content\/uploads\/2024\/10\/Lgocki-dane-biograficzne_6-300x67.jpg 300w\" sizes=\"auto, (max-width: 569px) 100vw, 569px\" \/><\/figure>\n<\/div>\n\n\n<p><strong>1. Imi\u0119 i nazwisko:&nbsp;<\/strong>Bronis\u0142aw Bauer<\/p>\n\n\n\n<p><strong>2. Pseudonim:&nbsp;<\/strong>&#8222;Karol&#8221;<\/p>\n\n\n\n<p><strong>3. Data i miejsce urodzenia:&nbsp;<\/strong>23.08.1904 r., Brzoz\u00f3wka<\/p>\n\n\n\n<p><strong>4. Data i miejsce \u015bmierci:&nbsp;<\/strong>10.04.1991 r., Katowice<\/p>\n\n\n\n<p><strong>5. Imiona rodzic\u00f3w:&nbsp;<\/strong>Karol, Aleksandra Dylewicz<\/p>\n\n\n\n<p><strong>6. Wykszta\u0142cenie:<\/strong>&nbsp;podstawowe &#8211; 1919 r., Szko\u0142a Przemys\u0142owo-Rzemie\u015blnicza i Pa\u0144stwowe Gimnazjum Mechaniczne na Pradze &#8211; 1921 r. Kurs podstawowego wyszkolenia po\u017carniczego III stopnia &#8211; 1930 r. i IV stopnia &#8211; 1931 r., kurs dla naczelnik\u00f3w rejon\u00f3w w zakresie wyszkolenia po\u017carniczego VI stopnia &#8211; 1935 r. I kurs oficerski w Centralnej Szkole Po\u017carniczej w Warszawie &#8211; 1943 r., lokata 15\/62. Kurs minerski w Katowicach &#8211; 1945 r.<\/p>\n\n\n\n<p><strong>7. Stopie\u0144<\/strong>:<br><strong>a) w Wojsku Polskim:&nbsp;<\/strong>sier\u017cant (1924 r.)<br><strong>b) w Stra\u017cy Po\u017carnej:&nbsp;<\/strong>kapitan sztabu po\u017carnictwa\/pu\u0142kownik po\u017c. (1972 r.)<\/p>\n\n\n\n<p><strong>8. Przebieg s\u0142u\u017cby:<\/strong><br><strong>a) przed 1939:&nbsp;<\/strong>Ok. 1921 r. wst\u0105pi\u0142 do Wojska Polskiego, s\u0142u\u017cy\u0142 w I batalionie telegraficznym w Zegrzu oraz warsztatach amunicyjnych w Toruniu. S\u0142u\u017cb\u0119 zako\u0144czy\u0142 ok. 1924 r. w stopniu sier\u017canta. W 1927 r. zosta\u0142 cz\u0142onkiem fabrycznej Ochotniczej Stra\u017cy Po\u017carnej dzia\u0142aj\u0105cej w Hucie Szk\u0142a &#8222;Niemen&#8221; w Brzoz\u00f3wce, w 1930 r. zosta\u0142 jej komendantem. W 1937 r. przeprowadzi\u0142 si\u0119 do Warszawy, gdzie rozpocz\u0105\u0142 prac\u0119 w Pa\u0144stwowych Zak\u0142adach Lotniczych na Ok\u0119ciu oraz pe\u0142ni\u0142 funkcj\u0119 zast\u0119pcy komendanta OSP Warszawa-Czerniak\u00f3w. 15.08\/1939 r. zosta\u0142 przyj\u0119ty do Zawodowej Stra\u017cy Po\u017carnej PZL Warszawa-Ok\u0119cie w stopniu sier\u017canta i zast\u0119pcy komendanta ZSP.<br><strong>b) w latach 1939-1945:&nbsp;<\/strong>bra\u0142 udzia\u0142 w obronie Warszawy jako dow\u00f3dca plutonu ZSP PZL. Po kapitulacji Warszawy by\u0142 dow\u00f3dc\u0105 plutonu w III, a nast\u0119pnie II oddziale Warszawskiej Stra\u017cy Ogniowej. Na pocz\u0105tku 1940 r. otrzyma\u0142 polecenie przeniesienia si\u0119 do b. Centralnego O\u015brodka Wyszkolenia Po\u017carniczego w Warszawie celem organizacji Warsztat\u00f3w Sprz\u0119tu Po\u017carniczego przysz\u0142ej Centralnej Szko\u0142y Po\u017carniczej. Po uko\u0144czeniu w 1943 r. I kursu oficerskiego w CSP pozosta\u0142 w Szkole na stanowisku zast\u0119pcy dow\u00f3dcy oddzia\u0142u do\u015bwiadczalnego, pod koniec 1943 r.\/pocz\u0105tkiem 1944 r. zosta\u0142 jego dow\u00f3dc\u0105. W okresie od 13.02.1944 r. do 11.03.1944 r. wyk\u0142ada\u0142 przedmiot sprz\u0119t przeciwgazowy w Powiatowej Szkole Po\u017carnictwa w Stryju. By\u0142 wyk\u0142adowc\u0105 II kursu oficerskiego w CSP. W ramach dzia\u0142alno\u015bci konspiracyjnej m.in. przewozi\u0142 samochodem stra\u017cackim kompletn\u0105 radiostacj\u0119 ze Starego Miasta na ul. Pu\u0142awsk\u0105. Po wybuchu powstania warszawskiego ok. 6.08.1944 r. zosta\u0142 dow\u00f3dc\u0105 259. plutonu stra\u017cak\u00f3w AK, kt\u00f3ry wchodzi\u0142 w sk\u0142ad kompanii sztabowej II Obwodu \u017boliborz AK. W czasie powstania by\u0142 kilkukrotnie ranny, ok. 29.09.1944 r. w wyniku bombardowania VII Kolonii WSM zosta\u0142 ci\u0119\u017cko ranny. Po upadku powstania przewieziony zosta\u0142 na leczenie do szpitala w Tworkach, sk\u0105d przedosta\u0142 si\u0119 do Krakowa, a nast\u0119pnie do Rabki-Zdr\u00f3j, gdzie pod koniec 1944 r. zosta\u0142 komendantem Przymusowej Zawodowej Stra\u017cy Po\u017carnej. Wsp\u00f3\u0142pracowa\u0142 z Armi\u0105 Czerwon\u0105 w czasie walk z Niemcami w styczniu 1945 r.<br><strong>c) po 1945<\/strong>: W kwietniu 1945 r. decyzj\u0105 G\u0142\u00f3wnego Inspektora Po\u017carnictwa gen. in\u017c. Eugeniusza Doeringa zosta\u0142 wyznaczony na stanowisko zast\u0119pcy Komendanta Zawodowej Stra\u017cy Po\u017carnej w Katowicach oraz Komendanta O\u015brodka Wyszkolenia Po\u017carniczego Wojew\u00f3dztwa \u015al\u0105sko-D\u0105browskiego. 15.04.1945 r. obj\u0105\u0142 funkcj\u0119 zast\u0119pcy komendanta ZSP w Bytomiu i wraz z komendantem p\u0142k. Eugeniuszem Rusieckim w grudniu 1945 r. wzi\u0105\u0142 udzia\u0142 w wyprawie do Niemiec, kt\u00f3rej celem by\u0142o odzyskanie polskich samochod\u00f3w po\u017carniczych. 16.03.1946 r. zosta\u0142 komendantem Wojew\u00f3dzkiej Szko\u0142y Po\u017carniczej w Chorzowie-Batorym, na stanowisku tym pracowa\u0142 do 31.12.1956 r. Od 1.01.1957 r. do 30.06.1957 r. pe\u0142ni\u0142 funkcj\u0119 komendanta Szko\u0142y Podoficer\u00f3w Po\u017carnictwa we Wroc\u0142awiu. Od 1.07.1957 r. by\u0142 szefem S\u0142u\u017cby Operacyjno-Szkoleniowej i zast\u0119pc\u0105 Komendanta Wojew\u00f3dzkiego Stra\u017cy Po\u017carnych w Katowicach. 30.06.1958 r. odwo\u0142any ze stanowiska i mianowany komendantem Miejskiej Zawodowej Stra\u017cy Po\u017carnej w Katowicach od 15.07.1958 r., funkcje pe\u0142ni\u0142 do drugiej po\u0142owy 1971 r.<\/p>\n\n\n\n<p><strong>9. Dzia\u0142alno\u015b\u0107 w ramach Stra\u017cackiego Ruchu Oporu \u201eSka\u0142a\u201d:<\/strong><br><strong>a) przydzia\u0142:&nbsp;<\/strong>I Sto\u0142eczny Okr\u0119g SRO<br><strong>b) pe\u0142nione funkcje:&nbsp;<\/strong>&#8211;<\/p>\n\n\n\n<p><strong>10.&nbsp; Dzia\u0142alno\u015b\u0107 w ramach innych organizacji konspiracyjnych:<\/strong>&nbsp;Armia Krajowa<\/p>\n\n\n\n<p><strong>11. Formy upami\u0119tnienia:&nbsp;<\/strong>&#8211;<\/p>\n\n\n\n<p><strong>12. Odznaczenia:&nbsp;<\/strong>Krzy\u017c Oficerski (1984 r.) i Kawalerski Orderu Odrodzenia Polski (1964 r.), Krzy\u017c Walecznych ( 1939 r., 1944 r.), Srebrny Krzy\u017c Zas\u0142ugi (1958 r.), Krzy\u017c Partyzancki (1959 r.), Medal Zwyci\u0119stwa i Wolno\u015bci (1959 r.), Medal za Warszaw\u0119 (b.d.), Medal X-lecia Polski Ludowej (b.d.), Odznaka Grunwaldzk\u0105 (b.d.)<\/p>\n\n\n\n<p><strong>13. Bibliografia<\/strong><br>Archiwa:<br>Archiwum Komendy G\u0142\u00f3wnej Pa\u0144stwowej Stra\u017cy Po\u017carnej, <em>teczka personalna Bronis\u0142awa Bauera<\/em>, sygn. 241\/468; <em>teczka personalna Eugeniusza Rusieckiego<\/em>, sygn. 318\/460; Archiwum Komendy Wojew\u00f3dzkiej Pa\u0144stwowej Stra\u017cy Po\u017carnej w Katowicach, <em>teczka personalna Bronis\u0142awa Bauera<\/em>, sygn. 504; Archiwum Muzeum Powstania Warszawskiego, <em>o\u015bwiadczenie M. Pogorzelskiego z dnia 30 sierpnia 1957 r.; o\u015bwiadczenie Zbigniewa Borowego z dnia 17 sierpnia 1957 r.; o\u015bwiadczenie Edmunda Kowalskiego z dnia 30 sierpnia 1957 r.; za\u015bwiadczenie Zarz\u0105du Okr\u0119gu Katowice Zwi\u0105zku Bojownik\u00f3w o Wolno\u015b\u0107 i Demokracje z dnia 2 sierpnia 1960 r. <\/em>w: <em>Archiwum Janusza Wi\u015bniewskiego<\/em>, sygn. P\/7720; Centralne Muzeum Po\u017carnictwa w Mys\u0142owicach, B. Bauer, <em>Wspomnienia o p\u0142k Jerzym Lgockim<\/em>, mps., s.a, ss. 8.<\/p>\n\n\n\n<p>Publikacje:<br>St. Biele\u0144, B. Kwiatkowska-Basa\u0142aj, J. Pietrzak-Krekora, M. Pie\u0144kowska, A. Sarna, H. Turska, M. Zdanowski, <em>Tradycje Szko\u0142y G\u0142\u00f3wnej Po\u017carniczej: monografia systemu kszta\u0142cenia oficer\u00f3w kadr po\u017carniczych 1939-1989,<\/em> Warszawa 1989 r., str. 27, 32, 39; K. Ceklarz, B. Wygrecki, <em>120 lat stra\u017cy po\u017carnej w Rabce (1895-2015) <\/em>w: Zeszyty Rabcza\u0144skie, nr 3-4, Rabka-Zdr\u00f3j, 2015 r., str. 59, 79; A. Jaworski, J.E. Wilczur, <em>Stra\u017cacka Wierno\u015b\u0107, z dziej\u00f3w stra\u017cackiego antyhitlerowskiego ruchu oporu w okupowanej Warszawie w latach 1939-1945, <\/em>Warszawa 1977 r, str. 119, 123, 127, 209, 216, 218, 220, 235; J. Siebel, <em>Zawodowa Stra\u017c Po\u017carna w Katowicach 1903-2023, <\/em>Katowice 2023 r., str. 82-82; A. Szempli\u0144ski, <em>Skradziona m\u0142odo\u015b\u0107, <\/em>Warszawa 1999 r, str. 320-322; <em>idem, Przepustka do \u017cycia, <\/em>Warszawa 2002 r., str. 5, 12, 19-20, 22-23, 46,50, 55-56; P. Matusak, <em>Stra\u017c Po\u017carna, Warszawskie Termopile 1939-1945, <\/em>Warszawa 2014 r., str. 4, 86, 151, 153, 199, 308, 309, 312, 314, 315, 394; St. Podlewski, <em>Rapsodia \u017boliborska, <\/em>Warszawa 1957 r., str. 62, 132, 154; P. Rozwadowski, <em>Wojsko Powstania Warszawskiego, <\/em>Warszawa 2014 r., str. 80.<\/p>\n\n\n\n<p>Internet<br>Archiwum historii m\u00f3wionej, <em>Wanda Za\u0142oga \u201eKawka\u201d<\/em> <a href=\"https:\/\/www.1944.pl\/archiwum-historii-mowionej\/wanda-zaloga,3524.html\">https:\/\/www.1944.pl\/archiwum-historii-mowionej\/wanda-zaloga,3524.html<\/a> (dost\u0119p 29 kwietnia 2024 r.); Powsta\u0144cze Biogramy<em>, Bronis\u0142aw Bauer <\/em><a href=\"https:\/\/www.1944.pl\/powstancze-biogramy\/bronislaw-bauer,2359.html\">https:\/\/www.1944.pl\/powstancze-biogramy\/bronislaw-bauer,2359.html<\/a> (dost\u0119p: 29 kwietnia 2024 r.). =<\/p>\n\n\n\n<p>Korespondencja<br>Biuro Odznacze\u0144 i Nominacji Kancelarii Prezydenta RP z dnia 27 listopada 2023 r., sygn. BON.0600.597.2023.BR do Prezesa Zarz\u0105du G\u0142\u00f3wnego Stowarzyszenia Pami\u0119ci Stra\u017cackiego Ruchu Oporu \u201eSka\u0142a\u201d.<\/p>\n\n\n\n<p>Opr. A. Stefaniak-Guzik<\/p>\n\n\n\n<p><\/p>\n","protected":false},"excerpt":{"rendered":"<p>Bronis\u0142aw Bauer w mundurze w stopniu sier\u017canta po\u017c., fot. sprzed 1943 r.Fot. Archiwum KG PSP 1. Imi\u0119 i nazwisko:&nbsp;Bronis\u0142aw Bauer&#8230;<\/p>\n","protected":false},"author":1,"featured_media":0,"parent":44,"menu_order":0,"comment_status":"closed","ping_status":"closed","template":"","meta":{"footnotes":""},"class_list":["post-154","page","type-page","status-publish","hentry"],"_links":{"self":[{"href":"https:\/\/spsro.pl\/index.php\/wp-json\/wp\/v2\/pages\/154","targetHints":{"allow":["GET"]}}],"collection":[{"href":"https:\/\/spsro.pl\/index.php\/wp-json\/wp\/v2\/pages"}],"about":[{"href":"https:\/\/spsro.pl\/index.php\/wp-json\/wp\/v2\/types\/page"}],"author":[{"embeddable":true,"href":"https:\/\/spsro.pl\/index.php\/wp-json\/wp\/v2\/users\/1"}],"replies":[{"embeddable":true,"href":"https:\/\/spsro.pl\/index.php\/wp-json\/wp\/v2\/comments?post=154"}],"version-history":[{"count":2,"href":"https:\/\/spsro.pl\/index.php\/wp-json\/wp\/v2\/pages\/154\/revisions"}],"predecessor-version":[{"id":232,"href":"https:\/\/spsro.pl\/index.php\/wp-json\/wp\/v2\/pages\/154\/revisions\/232"}],"up":[{"embeddable":true,"href":"https:\/\/spsro.pl\/index.php\/wp-json\/wp\/v2\/pages\/44"}],"wp:attachment":[{"href":"https:\/\/spsro.pl\/index.php\/wp-json\/wp\/v2\/media?parent=154"}],"curies":[{"name":"wp","href":"https:\/\/api.w.org\/{rel}","templated":true}]}}