{"id":159,"date":"2024-10-13T22:57:26","date_gmt":"2024-10-13T20:57:26","guid":{"rendered":"https:\/\/spsro.pl\/?page_id=159"},"modified":"2024-10-15T22:50:37","modified_gmt":"2024-10-15T20:50:37","slug":"czeslaw-zygnerski","status":"publish","type":"page","link":"https:\/\/spsro.pl\/index.php\/internetowy-katalog-czlonkow-strazackiego-ruchu-oporu-skala\/czeslaw-zygnerski\/","title":{"rendered":"Czes\u0142aw Zygnerski"},"content":{"rendered":"<div class=\"wp-block-image\">\n<figure class=\"aligncenter size-large is-resized\"><img loading=\"lazy\" decoding=\"async\" width=\"760\" height=\"1024\" src=\"https:\/\/spsro.pl\/wp-content\/uploads\/2024\/10\/Skan_20240311-760x1024.jpg\" alt=\"\" class=\"wp-image-160\" style=\"width:230px;height:auto\" srcset=\"https:\/\/spsro.pl\/wp-content\/uploads\/2024\/10\/Skan_20240311-760x1024.jpg 760w, https:\/\/spsro.pl\/wp-content\/uploads\/2024\/10\/Skan_20240311-223x300.jpg 223w, https:\/\/spsro.pl\/wp-content\/uploads\/2024\/10\/Skan_20240311-768x1035.jpg 768w, https:\/\/spsro.pl\/wp-content\/uploads\/2024\/10\/Skan_20240311.jpg 903w\" sizes=\"auto, (max-width: 760px) 100vw, 760px\" \/><\/figure>\n<\/div>\n\n\n<p class=\"has-text-align-center\">Czes\u0142aw Zygnerski w stopniu instruktora, ok. 1929 r.<br>Fot. Archiwum KG PSP<\/p>\n\n\n\n<figure class=\"wp-block-image size-large\"><img loading=\"lazy\" decoding=\"async\" width=\"1024\" height=\"175\" src=\"https:\/\/spsro.pl\/wp-content\/uploads\/2024\/10\/Skan_20240311-3-1-1024x175.jpg\" alt=\"\" class=\"wp-image-162\" srcset=\"https:\/\/spsro.pl\/wp-content\/uploads\/2024\/10\/Skan_20240311-3-1-1024x175.jpg 1024w, https:\/\/spsro.pl\/wp-content\/uploads\/2024\/10\/Skan_20240311-3-1-300x51.jpg 300w, https:\/\/spsro.pl\/wp-content\/uploads\/2024\/10\/Skan_20240311-3-1-768x131.jpg 768w, https:\/\/spsro.pl\/wp-content\/uploads\/2024\/10\/Skan_20240311-3-1-1536x262.jpg 1536w, https:\/\/spsro.pl\/wp-content\/uploads\/2024\/10\/Skan_20240311-3-1-2048x349.jpg 2048w\" sizes=\"auto, (max-width: 1024px) 100vw, 1024px\" \/><\/figure>\n\n\n\n<p><strong>1. Imi\u0119 i nazwisko:&nbsp;<\/strong>Czes\u0142aw Zygnerski<\/p>\n\n\n\n<p><strong>2. Pseudonim:&nbsp;<\/strong>&#8222;Narcyz&#8221;<\/p>\n\n\n\n<p><strong>3. Data i miejsce urodzenia:&nbsp;<\/strong>13.07.1896 r., Warszawa<\/p>\n\n\n\n<p><strong>4. Data i miejsce \u015bmierci:&nbsp;<\/strong>5.01.1969 r., Warszawa<\/p>\n\n\n\n<p><strong>5. Imiona rodzic\u00f3w:&nbsp;<\/strong>Jan, \u0141ucja Stopczy\u0144ska<\/p>\n\n\n\n<p><strong>6. Wykszta\u0142cenie:<\/strong>&nbsp;podstawowe &#8211; 1914 r., \u015brednie &#8211; 1929 r.<br>Kurs instruktor\u00f3w po\u017carnictwa G\u0142\u00f3wnego Zwi\u0105zku Stra\u017cy Po\u017carnych &#8211; 1927 r., kurs doszkalaj\u0105cy dla instruktor\u00f3w po\u017carnictwa w Lublinie &#8211; 1931 r., kurs uzupe\u0142niaj\u0105cy dla inspektor\u00f3w po\u017carnictwa w \u0141odzi &#8211; 1935 r.<\/p>\n\n\n\n<p><strong>7. Stopie\u0144<\/strong>:<br><strong>a) w Wojsku Polskim:&nbsp;<\/strong>chor\u0105\u017cy (1923 r.)<br><strong>b) w Stra\u017cy Po\u017carnej:&nbsp;<\/strong>m\u0142. inspektor\/major po\u017c. (1935 r.)<br>Ok. 1944 r. otrzyma\u0142 awans na podpu\u0142kownika, po wojnie nadania nie zweryfikowano.<\/p>\n\n\n\n<p><strong>8. Przebieg s\u0142u\u017cby:<\/strong><br><strong>a) przed 1939:&nbsp;<\/strong>w Wojsku Polskim od 1918 r., w stopniu u\u0142ana, a nast\u0119pnie kaprala s\u0142u\u017cy\u0142 w 3 Pu\u0142ku U\u0142an\u00f3w \u015al\u0105skich. Uczestnik wojny polsko-bolszewickiej. W latach 1921-1923 oficer ewidencyjny i kierownik kancelarii Wojskowego Okr\u0119gowego Zak\u0142adu Gospodarczego Warszawa-Praga-Pow\u0105zki. Od 1921 r. by\u0142 tak\u017ce naczelnikiem Ochotniczej Stra\u017cy Po\u017carnej przy Wojskowych Magazynach Gospodarczych i magazynach 3 Pu\u0142ku U\u0142an\u00f3w. W latach 1923-1927 w stopniu chor\u0105\u017cego by\u0142 adiutantem garnizonu Bochnia oraz m\u0142odszym oficerem szwadronu zapasowego 3 Pu\u0142ku U\u0142an\u00f3w w Bochni. W 1927 r. urlopowany, zdemobilizowany 31.03.1928 r. Po uko\u0144czeniu kursu instruktorskiego zosta\u0142 zatrudniony na stanowisku kierownika biura i adiutanta Naczelnego Inspektora G\u0142\u00f3wnego ZSP RP w Warszawie. W okresie od 1.06.1929 r. do 31.11.1931 r. s\u0142u\u017cy\u0142 na stanowisku zast\u0119pcy komendanta Miejskiej Stra\u017cy Po\u017carnej w Lublinie. Po zako\u0144czeniu s\u0142u\u017cby powr\u00f3ci\u0142 do Warszawy, gdzie pe\u0142ni\u0142 funkcje referenta wyszkolenia w ZSP RP. 1.06.1933 r. mianowany inspektorem Okr\u0119gu Wojew\u00f3dztwa Poleskiego ZSP RP w Brze\u015bciu nad Bugiem, 1.08.1938 r. mianowany inspektorem Bia\u0142ostockiego Okr\u0119gu Wojew\u00f3dzkiego ZSP RP.<br><strong>b) w latach 1939-1945:&nbsp;<\/strong>Po zaj\u0119ciu Bia\u0142egostoku przez Armi\u0119 Czerwon\u0105 pracowa\u0142 jako starszy inspektor po\u017carnictwa przy Sowieckiej Komendzie Wojew\u00f3dzkiej Stra\u017cy Po\u017carnych oraz Grodzkiej Sowieckiej Komendzie Zawodowej Stra\u017cy Po\u017carnych w Bia\u0142ymstoku. W 1941 r. przedosta\u0142 si\u0119 na teren Generalnej Guberni i zamieszka\u0142 w Warszawie. 10.10.1941 r. z\u0142o\u017cy\u0142 podanie do Kierownika Technicznego Po\u017carnictwa o przyj\u0119cie do s\u0142u\u017cby w po\u017carnictwie. Od 5.11.1941 r. do 4.03.1942 r. pe\u0142ni\u0142 funkcj\u0119 komendanta Zawodowej Stra\u017cy Po\u017carnej w Radomiu. Ok. 20.03.1942 r. zarz\u0105dzeniem Kierownika Technicznego Po\u017carnictwa zosta\u0142 mianowany komendantem Centralnej Szko\u0142y Po\u017carniczej w Warszawie od dnia 1.04.1942 r. Za czas\u00f3w komendantury Zygnerskiego w CSP odby\u0142y si\u0119 2 kursy oficerskie oraz kilka kurs\u00f3w uzupe\u0142niaj\u0105cych i kurs\u00f3w podstawowych dla stra\u017cak\u00f3w z GG. Do jego zada\u0144 nale\u017ca\u0142o tak\u017ce m.in. nadz\u00f3r nad konspiracyjnym szkoleniem stra\u017cak\u00f3w do walki z okupantem oraz nadz\u00f3r nad le\u015bnymi obozami szkoleniowymi zlokalizowanymi m.in. w Wildze. W okresie od wrze\u015bnia\/pa\u017adziernika 1943 r. do 15.01.1944 r. urlopowany z powod\u00f3w zdrowotnych. Bra\u0142 udzia\u0142 w powstaniu warszawskim, brak informacji na temat przydzia\u0142u. Ok. 30.09.1944 r. zosta\u0142 wysiedlony przez Niemc\u00f3w z Warszawy, osadzony zosta\u0142 w Durchgangslager 121 Pruszk\u00f3w, sk\u0105d zosta\u0142 przewieziony do J\u0119drzejowa i Krakowa, gdzie nawi\u0105za\u0142 kontakt z mjr. po\u017c. J\u00f3zefem Dur\u0105, komendantem IV Krakowskiego Okr\u0119gu &#8222;Ska\u0142y&#8221;.<br><strong>c) po 1945<\/strong>: 8.02.1945 r. z\u0142o\u017cy\u0142 podanie do G\u0142\u00f3wnego Inspektora Po\u017carnictwa przy Ministerstwie Administracji Publicznej w Lublinie, gen. in\u017c. Eugeniusza Doeringaz z pro\u015bb\u0105 o przydzia\u0142 s\u0142u\u017cbowy na terenie wojew\u00f3dztwa \u015bl\u0105skiego. 18.04.1945 r. zosta\u0142 mianowany Inspektorem Po\u017carniczym Centralnego Zarz\u0105du Przemys\u0142u W\u0119glowego w Katowicach, nast\u0119pnie pe\u0142ni\u0142 funkcje m.in. komendanta Szko\u0142y Po\u017carniczej Wojew\u00f3dztwa \u015al\u0105sko-D\u0105browskiego, komendanta Zawodowej Stra\u017cy Po\u017carnej w Gliwicach. Pracowa\u0142 te\u017c na wielu innych stanowiskach: inspektora po\u017carniczego w Gliwickim Zjednoczeniu Przemys\u0142u Maszynowego (1946-48), inspektora po\u017c. w Gliwickich Zak\u0142adach Budowy Urz\u0105dze\u0144 Technicznych (1949), doradcy po\u017c. w Biurze Projektowania Zak\u0142ad\u00f3w Przemys\u0142u Maszynowego \u201eProzamet\u201d w Gliwicach (1946-1951), inspektora po\u017c. Centralnego Zarz\u0105du Budowy Maszyn Ci\u0119\u017ckich w Gliwicach (1949-1951) oraz inspektora technicznego w Sp\u00f3\u0142dzielni Pracy \u201eStra\u017cak\u201d. W czasie s\u0142u\u017cby po\u017carniczej w Gliwicach by\u0142 cz\u0142onkiem Zwi\u0105zku Zawodowego Pracownik\u00f3w Samorz\u0105du Terytorialnego i U\u017cyteczno\u015bci Publicznej w Gliwicach. 16.06.1951 r. zosta\u0142 zatrudniony na stanowisku starszego inspektora po\u017c. w Samodzielnym Wydziale Bezpiecze\u0144stwa Ruchu i Techniki Przeciwpo\u017carowej w Ministerstwie Przemys\u0142u Chemicznego w Warszawie, 25.02.1952 r. zosta\u0142 odwo\u0142any ze stanowiska z dniem 31.05.1952 r., 10.05 odda\u0142 si\u0119 do dyspozycji Komendanta G\u0142\u00f3wnego Stra\u017cy Po\u017carnych oraz zwr\u00f3ci\u0142 si\u0119 z pro\u015bb\u0105 o zatrudnienie w po\u017carnictwie na terenie Warszawy. Od 1953 r. pracowa\u0142 na stanowisku rzeczoznawcy ds. ochrony przeciwpo\u017carowej biur projektowych Mostostalu. W latach 1950-1955 inwigilowany przez organy bezpiecze\u0144stwa publicznego PRL.<\/p>\n\n\n\n<p><strong>9. Dzia\u0142alno\u015b\u0107 w ramach Stra\u017cackiego Ruchu Oporu \u201eSka\u0142a\u201d:<\/strong><br><strong>a) przydzia\u0142:&nbsp;<\/strong>I Sto\u0142eczny Okr\u0119g SRO<br><strong>b) pe\u0142nione funkcje:&nbsp;<\/strong>Szefa I O\u015brodka Szkoleniowego Okr\u0119gu Sto\u0142ecznego<\/p>\n\n\n\n<p><strong>10.&nbsp; Dzia\u0142alno\u015b\u0107 w ramach innych organizacji konspiracyjnych:<\/strong>&nbsp;Korpus Bezpiecze\u0144stwa (?)<\/p>\n\n\n\n<p><strong>11. Formy upami\u0119tnienia:&nbsp;<\/strong>&#8211;<\/p>\n\n\n\n<p><strong>12. Odznaczenia:&nbsp;<\/strong>Srebrny Krzy\u017c Zas\u0142ugi (1955 r.), Krzy\u017c Partyzancki (1966 r.), Medal za<br>Warszaw\u0119 1939-1945 (1959 r.), Medal Niepodleg\u0142o\u015bci (1938 r.), Medalem Pami\u0105tkowym za<br>Wojn\u0119 1918-1921 (b.d.), Medal 10-lecia Odzyskanej Niepodleg\u0142o\u015bci (b.d.), Z\u0142oty Medal za<br>Zas\u0142ugi dla Po\u017carnictwa (1946 r.), Odznaka za rany i kontuzje (b.d.), Odznaka Pami\u0105tkowa<br>Frontu Litewsko-Bia\u0142oruskiego (b.d.), Odznak\u0105 Dywizji Podlaskiej (b.d.), odznaka za wys\u0142ug\u0119<br>10 lat (1931).<br>Niepotwierdzone &#8211; Krzy\u017c Kawalerski Orderu Odrodzenia Polski, Krzy\u017c Walecznych<\/p>\n\n\n\n<p><strong>13. Bibliografia<\/strong><br>Archiwa:<br>Oddzia\u0142owe Archiwum Instytutu Pami\u0119ci Narodowej w Katowicach,<em> Materia\u0142y dot.\u00a0Zygnerski\/Zygmerski Czes\u0142aw, imi\u0119 ojca: Jan, ur. 12-07-1896 r., podejrzanego o przynale\u017cno\u015b\u0107 do organizacji Korpus Bezpiecze\u0144stwa na terenie Warszawy w czasie II wojny \u015bwiatowej<\/em>, sygn. IPN Ka 230\/5240; Archiwum KG PSP, <em>akta osobowe <\/em>sygn. T-49; Archiwum Pa\u0144stwowe w Radomiu, <em>Akta Sprawy Komendanta Zawodowej Stra\u017cy Po\u017carnej p. Czes\u0142awa Zygnerskiego<\/em>, sygn. 13314; Archiwum Muzeum Powstania Warszawskiego, <em>Relacja Czes\u0142awa Zygnerskiego<\/em> w: <em>Archiwum Janusza Wi\u015bniewskiego<\/em>, sygn. P\/7720; <\/p>\n\n\n\n<p>Publikacje:<br>St. Biele\u0144, B. Kwiatkowska-Basa\u0142aj, J. Pietrzak-Krekora, M. Pie\u0144kowska, A. Sarna, H. Turska, M. Zdanowski,\u00a0<em>Tradycje Szko\u0142y G\u0142\u00f3wnej Po\u017carniczej: monografia systemu kszta\u0142cenia oficer\u00f3w kadr po\u017carniczych 1939-1989,<\/em>\u00a0Warszawa 1989 r., str. 27, 30, 31; Z. Grzywaczewski, J. Stahl-Stal, <em>Wspomnienia Stra\u017cak\u00f3w Uczestnik\u00f3w Powstania Warszawskiego, <\/em>Warszawa 1992 r., str. 19;\u00a0P. Matusak,\u00a0<em>Stra\u017c Po\u017carna, Warszawskie Termopile 1939-1945,\u00a0<\/em>Warszawa 2014 r., str. 88, 312, 150, 162, 404, 405.<\/p>\n\n\n\n<p><\/p>\n","protected":false},"excerpt":{"rendered":"<p>Czes\u0142aw Zygnerski w stopniu instruktora, ok. 1929 r.Fot. Archiwum KG PSP 1. Imi\u0119 i nazwisko:&nbsp;Czes\u0142aw Zygnerski 2. Pseudonim:&nbsp;&#8222;Narcyz&#8221; 3. Data&#8230;<\/p>\n","protected":false},"author":1,"featured_media":0,"parent":44,"menu_order":0,"comment_status":"closed","ping_status":"closed","template":"","meta":{"footnotes":""},"class_list":["post-159","page","type-page","status-publish","hentry"],"_links":{"self":[{"href":"https:\/\/spsro.pl\/index.php\/wp-json\/wp\/v2\/pages\/159","targetHints":{"allow":["GET"]}}],"collection":[{"href":"https:\/\/spsro.pl\/index.php\/wp-json\/wp\/v2\/pages"}],"about":[{"href":"https:\/\/spsro.pl\/index.php\/wp-json\/wp\/v2\/types\/page"}],"author":[{"embeddable":true,"href":"https:\/\/spsro.pl\/index.php\/wp-json\/wp\/v2\/users\/1"}],"replies":[{"embeddable":true,"href":"https:\/\/spsro.pl\/index.php\/wp-json\/wp\/v2\/comments?post=159"}],"version-history":[{"count":5,"href":"https:\/\/spsro.pl\/index.php\/wp-json\/wp\/v2\/pages\/159\/revisions"}],"predecessor-version":[{"id":233,"href":"https:\/\/spsro.pl\/index.php\/wp-json\/wp\/v2\/pages\/159\/revisions\/233"}],"up":[{"embeddable":true,"href":"https:\/\/spsro.pl\/index.php\/wp-json\/wp\/v2\/pages\/44"}],"wp:attachment":[{"href":"https:\/\/spsro.pl\/index.php\/wp-json\/wp\/v2\/media?parent=159"}],"curies":[{"name":"wp","href":"https:\/\/api.w.org\/{rel}","templated":true}]}}