{"id":175,"date":"2024-10-14T00:38:06","date_gmt":"2024-10-13T22:38:06","guid":{"rendered":"https:\/\/spsro.pl\/?page_id=175"},"modified":"2024-12-10T02:23:42","modified_gmt":"2024-12-10T01:23:42","slug":"arkadiusz-stefaniak-guzik","status":"publish","type":"page","link":"https:\/\/spsro.pl\/index.php\/wladze\/arkadiusz-stefaniak-guzik\/","title":{"rendered":"Arkadiusz Stefaniak-Guzik"},"content":{"rendered":"\n<figure class=\"wp-block-image size-large\"><img loading=\"lazy\" decoding=\"async\" width=\"1024\" height=\"576\" src=\"https:\/\/spsro.pl\/wp-content\/uploads\/2024\/10\/362246925_1249896713077787_461317649099856783_n-1-1024x576.png\" alt=\"\" class=\"wp-image-176\" srcset=\"https:\/\/spsro.pl\/wp-content\/uploads\/2024\/10\/362246925_1249896713077787_461317649099856783_n-1-1024x576.png 1024w, https:\/\/spsro.pl\/wp-content\/uploads\/2024\/10\/362246925_1249896713077787_461317649099856783_n-1-300x169.png 300w, https:\/\/spsro.pl\/wp-content\/uploads\/2024\/10\/362246925_1249896713077787_461317649099856783_n-1-768x432.png 768w, https:\/\/spsro.pl\/wp-content\/uploads\/2024\/10\/362246925_1249896713077787_461317649099856783_n-1.png 1280w\" sizes=\"auto, (max-width: 1024px) 100vw, 1024px\" \/><\/figure>\n\n\n\n<p><strong>Kpr. rez. Arkadiusz Stefaniak \u2013 Guzik<\/strong> \u2013 absolwent I Liceum Og\u00f3lnokszta\u0142c\u0105cego w Nowym Targu. Cz\u0142onek Zwyczajny \u015awiatowego Zwi\u0105zku \u017bo\u0142nierzy Krajowej, Towarzystwa Muzeum Tatrza\u0144skiego, Podhala\u0144skiego Towarzystwa Przyjaci\u00f3\u0142 Nauk, Polskiego Towarzystwa Nauk Politycznych, Royal Naval Association i innych. By\u0142 inicjatorem powo\u0142ania Komisji ds. M\u0142odzie\u017cy przy Okr\u0119gu Ma\u0142opolska \u015aZ\u017bAK oraz pe\u0142ni\u0142 funkcje jej wiceprzewodnicz\u0105cego w latach 2018-2022, Szef Sztabu Sekcji M\u0142odzie\u017cowej \u015aZ\u017bAK w latach 2017-2018. W latach 2019 \u2013 2020 Senator na Podhala\u0144skiej Pa\u0144stwowej Uczelni Zawodowej w Nowym Targu, w latach 2020 \u2013 2021 cz\u0142onek Komisji ds. Cyfryzacji Uczelni oraz Rady Instytutu Nauk Humanistyczno-Spo\u0142ecznych PPUZ.<br>Od marca 2019 r. pe\u0142ni\u0105cy obowi\u0105zki, a od wrze\u015bnia 2019 r. prezes ko\u0142a powiatowego Zwi\u0105zku Kombatant\u00f3w RP i By\u0142ych Wi\u0119\u017ani\u00f3w Politycznych w Nowym Targu oraz cz\u0142onek Prezydium Okr\u0119gu Ma\u0142opolskiego ZKRPiBWP, od stycznia 2022 r. cz\u0142onek Komisji Historycznej Zwi\u0105zku Inwalid\u00f3w Wojennych Oddzia\u0142 Krak\u00f3w-\u015ar\u00f3dmie\u015bcie. Inicjator powstania i Prezes Zarz\u0105du G\u0142\u00f3wnego Stowarzyszenia Pami\u0119ci Stra\u017cackiego Ruchu Oporu \u201eSka\u0142a\u201d. <br>Z tematyk\u0105 &#8222;Ska\u0142y&#8221; zwi\u0105zany nieprzerwanie od 2018 r., by\u0142 organizatorem uroczysto\u015bci zwi\u0105zanych ze 125., 126. i 129. rocznic\u0105 urodzin Jerzego Lgockiego oraz 80. rocznicy powstania Stra\u017cackiego Ruchu Oporu. Historie &#8222;Ska\u0142y&#8221; prezentuje na konferencjach (m.in. Og\u00f3lnopolska Konferencja Naukowa &#8222;Stra\u017cacy a niepodleg\u0142o\u015b\u0107 1863 &#8211; 2023&#8221;, ,,Co to znaczy kocha\u0107 Ojczyzn\u0119? Rozwa\u017cania w 100-lecie Niepodleg\u0142o\u015bci Polski\u201d, Stra\u017cacka Niepodleg\u0142a. Krwawi\u0105ce granice), w publikacjach (Analizy strategiczne Florian 2050 tom 6, Muzealny Rocznik Po\u017carniczy tom XIV, Almanach Nowotarski) oraz w czasie wyk\u0142ad\u00f3w dla m\u0142odzie\u017cy.<br>Odznaczony m.in. Krzy\u017cem Oficerskim Orderu \u015aw. Stanis\u0142awa (2020 r.), Br\u0105zowym Krzy\u017cem Zas\u0142ugi (2021 r.), Medalem Opiekun Miejsc Pami\u0119ci Narodowej (2021 r.), Medalem \u201ePro Patria\u201d (2021 r.), Krzy\u017cem XXX-lecia Ordynariatu Polowego (2022 r.), odznak\u0105 &#8222;Za Zas\u0142ugi&#8221; (2021 r.) oraz &#8222;Za Wybitne Zas\u0142ugi dla Zwi\u0105zku Kombatant\u00f3w RPiBWP&#8221; (2023 r.), Krzy\u017cem Kawalerskim Orderu Sabaudzkiego Zas\u0142ugi Cywilnej (2024 r.) oraz odznak\u0105 honorow\u0105 \u201eZas\u0142u\u017cony Honorowy Dawca Krwi\u201d II stopnia (2024 r.)<\/p>\n\n\n\n<p><strong>Kontakt:<\/strong><br><strong>Tel: <\/strong>517 564 714<br><strong>E-mail: <\/strong>aguzik657@gmail.com<\/p>\n","protected":false},"excerpt":{"rendered":"<p>Kpr. rez. Arkadiusz Stefaniak \u2013 Guzik \u2013 absolwent I Liceum Og\u00f3lnokszta\u0142c\u0105cego w Nowym Targu. Cz\u0142onek Zwyczajny \u015awiatowego Zwi\u0105zku \u017bo\u0142nierzy Krajowej,&#8230;<\/p>\n","protected":false},"author":1,"featured_media":0,"parent":60,"menu_order":0,"comment_status":"closed","ping_status":"closed","template":"","meta":{"footnotes":""},"class_list":["post-175","page","type-page","status-publish","hentry"],"_links":{"self":[{"href":"https:\/\/spsro.pl\/index.php\/wp-json\/wp\/v2\/pages\/175","targetHints":{"allow":["GET"]}}],"collection":[{"href":"https:\/\/spsro.pl\/index.php\/wp-json\/wp\/v2\/pages"}],"about":[{"href":"https:\/\/spsro.pl\/index.php\/wp-json\/wp\/v2\/types\/page"}],"author":[{"embeddable":true,"href":"https:\/\/spsro.pl\/index.php\/wp-json\/wp\/v2\/users\/1"}],"replies":[{"embeddable":true,"href":"https:\/\/spsro.pl\/index.php\/wp-json\/wp\/v2\/comments?post=175"}],"version-history":[{"count":5,"href":"https:\/\/spsro.pl\/index.php\/wp-json\/wp\/v2\/pages\/175\/revisions"}],"predecessor-version":[{"id":380,"href":"https:\/\/spsro.pl\/index.php\/wp-json\/wp\/v2\/pages\/175\/revisions\/380"}],"up":[{"embeddable":true,"href":"https:\/\/spsro.pl\/index.php\/wp-json\/wp\/v2\/pages\/60"}],"wp:attachment":[{"href":"https:\/\/spsro.pl\/index.php\/wp-json\/wp\/v2\/media?parent=175"}],"curies":[{"name":"wp","href":"https:\/\/api.w.org\/{rel}","templated":true}]}}