{"id":198,"date":"2024-10-14T23:20:22","date_gmt":"2024-10-14T21:20:22","guid":{"rendered":"https:\/\/spsro.pl\/?page_id=198"},"modified":"2024-10-21T01:12:46","modified_gmt":"2024-10-20T23:12:46","slug":"stanislaw-mazan","status":"publish","type":"page","link":"https:\/\/spsro.pl\/index.php\/internetowy-katalog-czlonkow-strazackiego-ruchu-oporu-skala\/stanislaw-mazan\/","title":{"rendered":"Stanis\u0142aw Mazan"},"content":{"rendered":"<div class=\"wp-block-image\">\n<figure class=\"aligncenter size-large is-resized\"><img loading=\"lazy\" decoding=\"async\" width=\"836\" height=\"1024\" src=\"https:\/\/spsro.pl\/wp-content\/uploads\/2024\/10\/Stanislaw-Mazan-836x1024.jpg\" alt=\"\" class=\"wp-image-199\" style=\"width:258px;height:auto\" srcset=\"https:\/\/spsro.pl\/wp-content\/uploads\/2024\/10\/Stanislaw-Mazan-836x1024.jpg 836w, https:\/\/spsro.pl\/wp-content\/uploads\/2024\/10\/Stanislaw-Mazan-245x300.jpg 245w, https:\/\/spsro.pl\/wp-content\/uploads\/2024\/10\/Stanislaw-Mazan-768x941.jpg 768w, https:\/\/spsro.pl\/wp-content\/uploads\/2024\/10\/Stanislaw-Mazan.jpg 1142w\" sizes=\"auto, (max-width: 836px) 100vw, 836px\" \/><\/figure>\n<\/div>\n\n\n<p class=\"has-text-align-center\">Stanis\u0142aw Mazan, fot. z ok. 1936 r.<br>Fot. Archiwum KG PSP<\/p>\n\n\n\n<p><strong>1. Imi\u0119 i nazwisko:&nbsp;<\/strong>Stanis\u0142aw Piotr Mazan<\/p>\n\n\n\n<p><strong>2. Pseudonim:&nbsp;<\/strong>b.d.<\/p>\n\n\n\n<p><strong>3. Data i miejsce urodzenia:&nbsp;<\/strong>26.11.1911 r., Rzesz\u00f3w<\/p>\n\n\n\n<p><strong>4. Data i miejsce \u015bmierci:&nbsp;<\/strong>12.01.1944 r., K\u0142odne<\/p>\n\n\n\n<p><strong>5. Imiona rodzic\u00f3w:&nbsp;<\/strong>J\u00f3zef, Maria Dziedziak<\/p>\n\n\n\n<p><strong>6. Wykszta\u0142cenie:<\/strong>&nbsp;\u015brednie &#8211; 1932 r.; Pa\u0144stwowe Seminarium Nauczycielskie w Kro\u015bnie &#8211; 1930 r.<br>Kurs podstawowego wyszkolenia po\u017carniczego II stopnia &#8211; 1936 r.; kurs obrony przeciwlotniczo-gazowej III kategorii &#8211; 1936 r.; kurs po\u017carniczy VII stopnia dla kandydat\u00f3w na cz\u0142onk\u00f3w Korpusu Technicznego ZSP RP &#8211; 1936 r. (5 lokata).<\/p>\n\n\n\n<p><strong>7. Stopie\u0144<\/strong>:<br><strong>a) w Wojsku Polskim:\u00a0<\/strong>podporucznik rezerwy (1937 r.)<br><strong>b) w Stra\u017cy Po\u017carnej:\u00a0<\/strong>porucznik po\u017carnictwa (1941 r.?)<\/p>\n\n\n\n<p><strong>8. Przebieg s\u0142u\u017cby:<\/strong><br><strong>a) przed 1939:&nbsp;<\/strong>Po zdaniu egzaminu maturalnego w 1932 r. rozpocz\u0105\u0142 s\u0142u\u017cb\u0119 w Wojsku Polskim. S\u0142u\u017cy\u0142 m.in. w 2 kompanii karabin\u00f3w maszynowych 1 Pu\u0142ku Strzelc\u00f3w Podhala\u0144skich w Nowym S\u0105czu. Zwolniony do rezerwy w 1933 r. 15.07.1934 r. zosta\u0142 cz\u0142onkiem Ochotniczej Stra\u017cy Po\u017carnej w Krynicy-Zdr\u00f3j i pracowa\u0142 jako nauczyciel w prywatnym gimnazjum w Krynicy. Po uko\u0144czeniu kursu VII stopnia 30.11.1936 r. zosta\u0142 mianowany powiatowym instruktorem po\u017carnictwa w Nowym Targu od 1.12.1936 r. Przyj\u0119ty do Korpusu Technicznego uchwa\u0142\u0105 Zarz\u0105du G\u0142\u00f3wnego z dnia 19.03.1937 r. Od 1.04.1938 r. by\u0142 zast\u0119pc\u0105 komendanta Portowej Stra\u017cy Po\u017carnej w Gdyni.<br><strong>b) w latach 1939-1945:&nbsp;<\/strong>Bra\u0142 udzia\u0142 w obronie Gdyni i Oksywia. Zosta\u0142 aresztowany przez Niemc\u00f3w i skierowany do obozu przej\u015bciowego w Cz\u0119stochowie, z kt\u00f3rego zbieg\u0142 w okolicach Katowic i przedosta\u0142 si\u0119 do Krosna. Dzia\u0142a\u0142 jako kurier w rejonie Prze\u0142\u0119czy Dukielskiej. 15.11.1941 r. zosta\u0142 rekomendowany przez Kierownika Technicznego Po\u017carnictwa na powiatowego instruktora po\u017carnictwa w powiecie nowos\u0105deckim (K<em>reisfeuerwehrinstruktor im Kreise Neu Sandez).<\/em>W zwi\u0105zku z pe\u0142nieniem funkcji powiatowego instruktora po\u017carnictwa nadzorowa\u0142 dzia\u0142alno\u015b\u0107 Powiatowej Szko\u0142y Po\u017carniczej w Starym S\u0105czu, kt\u00f3ra by\u0142a fili\u0105 Centralnej Szko\u0142y Po\u017carniczej w Warszawie. Szko\u0142a ta stanowi\u0142a poligon dla \u0107wicze\u0144 konspiracyjnych. Z ramienia \u201eSka\u0142y\u201d wsp\u00f3\u0142pracowa\u0142 przy przerzucaniu \u017byd\u00f3w do punktu w Kosarzyskach, sk\u0105d kurierzy przekazywali ich do Mi\u0119dzynarodowego Komitetu Pomocy \u017bydom. Aresztowany 14\/15.11.1943 r., osadzony w wi\u0119zieniu w Nowym S\u0105czu oraz wi\u0119zieniu na Montelupich w Krakowie. Rozstrzelany przez Niemc\u00f3w w K\u0142odnem 12.01.1944 r.<br><strong>c) po 1945<\/strong>: \u2013<\/p>\n\n\n\n<p><strong>9. Dzia\u0142alno\u015b\u0107 w ramach Stra\u017cackiego Ruchu Oporu \u201eSka\u0142a\u201d:<\/strong><br><strong>a) przydzia\u0142:&nbsp;<\/strong>IV Krakowski Okr\u0119g SRO<br><strong>b) pe\u0142nione funkcje:&nbsp;<\/strong>Komendant SRO na powiat nowos\u0105decki; szef IV o\u015brodka szkolenia wojskowego<\/p>\n\n\n\n<p><strong>10.&nbsp; Dzia\u0142alno\u015b\u0107 w ramach innych organizacji konspiracyjnych:<\/strong>&nbsp;?<\/p>\n\n\n\n<p><strong>11. Formy upami\u0119tnienia:&nbsp;<\/strong>Patron M\u0142odzie\u017cowej Dru\u017cyny Po\u017carniczej przy OSP w Starym S\u0105czu; upami\u0119tniony na tablicy przy OSP w Starym S\u0105czu oraz w K\u0142odnem.<\/p>\n\n\n\n<p><strong>12. Odznaczenia:&nbsp;<\/strong>Krzy\u017c Orderu Krzy\u017ca Niepodleg\u0142o\u015bci (2020 r.); Krzy\u017c Partyzancki (ok. 1949 r.)<\/p>\n\n\n\n<p><strong>13. Bibliografia<\/strong>:<br>Archiwa: <br>Archiwum KG PSP, <em>akta osobowe sygn.<\/em>; Centralne Archiwum Wojskowe, <em>sygn. AP 5171<\/em>; Archiwum Muzeum Powstania Warszawskiego, L. Korzewnikjanc,<em> Relacja z powo\u0142ania konspiracyjnej organizacji Wojskowej pod nazw\u0105 Stra\u017cacki Ruch Oporu &#8222;Ska\u0142a&#8221;<\/em>, mps., Warszawa 1966 r. w: <em>Spu\u015bcizna po Januszu Wi\u015bniewskim, sygn. P.7720<\/em><\/p>\n\n\n\n<p>Publikacje:<br>R. Rybka, K. Stepan, <em>Awanse oficerskie w Wojsku Polskim 1935-1939<\/em>, Warszawa 2021 r., str. 233; M. Mantyka, <em>Dzieje Krakowskiego Zwi\u0105zku Stra\u017cy Po\u017carnych w latach 1923-1950<\/em>, Krak\u00f3w 2008 r., str. 143; St. D\u0105browa-Kostka, <em>Hitlerowskie afisze \u015bmierci<\/em>, Krak\u00f3w 1983 r., str. 172, 203, 378, 379; J. \u0141amaszewski, W\u0142. Pilawski, <em>Ksi\u0119ga pami\u0119ci funkcjonariuszy po\u017carnictwa i stra\u017cak\u00f3w ochotnik\u00f3w 1939-1945<\/em>, Warszawa 1986 r., str. 152-153; J. Bieniek, <em>Nowos\u0105decka &#8222;Ska\u0142a&#8221; <\/em>w: <em>Rocznik S\u0105decki <\/em>T. X-XI, Nowy S\u0105cz 1969\/70, ss. 373-384; P. Matusak, <em>Stra\u017c Po\u017carna. Warszawskie Termopile 1939-1945<\/em>, Warszawa, 2014 r., str. 148, 154, 155<\/p>\n\n\n\n<p>Akty prawne:<br>M.P. 2021 r., poz. 85: <em>Postanowienie Prezydenta Rzeczypospolitej Polskiej z dnia 26 listopada 2020 r. o nadaniu order\u00f3w<\/em><\/p>\n\n\n\n<p>Strony internetowe:<br><em>M\u0142odzie\u017cowa Dru\u017cyna Po\u017carnicza ze Starego S\u0105cza ma swojego Patrona<\/em> (<a href=\"https:\/\/www.starosadeckie.info\/wydarzenia\/mlodziezowa-druzyna-pozarnicza-ze-starego-sacza-ma-swojego-patrona\/\">https:\/\/www.starosadeckie.info\/wydarzenia\/mlodziezowa-druzyna-pozarnicza-ze-starego-sacza-ma-swojego-patrona\/<\/a> dost\u0119p 14.10.2024 r.); <\/p>\n\n\n\n<p>Opr. A. Stefaniak-Guzik<\/p>\n","protected":false},"excerpt":{"rendered":"<p>Stanis\u0142aw Mazan, fot. z ok. 1936 r.Fot. Archiwum KG PSP 1. Imi\u0119 i nazwisko:&nbsp;Stanis\u0142aw Piotr Mazan 2. Pseudonim:&nbsp;b.d. 3. Data&#8230;<\/p>\n","protected":false},"author":1,"featured_media":0,"parent":44,"menu_order":0,"comment_status":"closed","ping_status":"closed","template":"","meta":{"footnotes":""},"class_list":["post-198","page","type-page","status-publish","hentry"],"_links":{"self":[{"href":"https:\/\/spsro.pl\/index.php\/wp-json\/wp\/v2\/pages\/198","targetHints":{"allow":["GET"]}}],"collection":[{"href":"https:\/\/spsro.pl\/index.php\/wp-json\/wp\/v2\/pages"}],"about":[{"href":"https:\/\/spsro.pl\/index.php\/wp-json\/wp\/v2\/types\/page"}],"author":[{"embeddable":true,"href":"https:\/\/spsro.pl\/index.php\/wp-json\/wp\/v2\/users\/1"}],"replies":[{"embeddable":true,"href":"https:\/\/spsro.pl\/index.php\/wp-json\/wp\/v2\/comments?post=198"}],"version-history":[{"count":6,"href":"https:\/\/spsro.pl\/index.php\/wp-json\/wp\/v2\/pages\/198\/revisions"}],"predecessor-version":[{"id":274,"href":"https:\/\/spsro.pl\/index.php\/wp-json\/wp\/v2\/pages\/198\/revisions\/274"}],"up":[{"embeddable":true,"href":"https:\/\/spsro.pl\/index.php\/wp-json\/wp\/v2\/pages\/44"}],"wp:attachment":[{"href":"https:\/\/spsro.pl\/index.php\/wp-json\/wp\/v2\/media?parent=198"}],"curies":[{"name":"wp","href":"https:\/\/api.w.org\/{rel}","templated":true}]}}