{"id":208,"date":"2024-10-15T10:18:30","date_gmt":"2024-10-15T08:18:30","guid":{"rendered":"https:\/\/spsro.pl\/?page_id=208"},"modified":"2025-03-30T12:30:10","modified_gmt":"2025-03-30T10:30:10","slug":"wieslaw-lgocki","status":"publish","type":"page","link":"https:\/\/spsro.pl\/index.php\/internetowy-katalog-czlonkow-strazackiego-ruchu-oporu-skala\/wieslaw-lgocki\/","title":{"rendered":"Wies\u0142aw Lgocki"},"content":{"rendered":"<div class=\"wp-block-image\">\n<figure class=\"aligncenter size-large is-resized\"><img loading=\"lazy\" decoding=\"async\" width=\"734\" height=\"1024\" src=\"https:\/\/spsro.pl\/wp-content\/uploads\/2024\/10\/Wieslaw-Lgocki-1-734x1024.jpg\" alt=\"\" class=\"wp-image-209\" style=\"width:239px;height:auto\" srcset=\"https:\/\/spsro.pl\/wp-content\/uploads\/2024\/10\/Wieslaw-Lgocki-1-734x1024.jpg 734w, https:\/\/spsro.pl\/wp-content\/uploads\/2024\/10\/Wieslaw-Lgocki-1-215x300.jpg 215w, https:\/\/spsro.pl\/wp-content\/uploads\/2024\/10\/Wieslaw-Lgocki-1-768x1072.jpg 768w, https:\/\/spsro.pl\/wp-content\/uploads\/2024\/10\/Wieslaw-Lgocki-1-1101x1536.jpg 1101w, https:\/\/spsro.pl\/wp-content\/uploads\/2024\/10\/Wieslaw-Lgocki-1.jpg 1217w\" sizes=\"auto, (max-width: 734px) 100vw, 734px\" \/><\/figure>\n<\/div>\n\n\n<p class=\"has-text-align-center\">por. po\u017c. Wies\u0142aw Lgocki, lata 40. XX w.<br>Fot. Centralne Muzeum Po\u017carnictwa w Mys\u0142owicach<\/p>\n\n\n\n<p><strong>1. Imi\u0119 i nazwisko:&nbsp;<\/strong>Wies\u0142aw Aleksander Lgocki h. Jastrz\u0119biec<\/p>\n\n\n\n<p><strong>2. Pseudonim:&nbsp;<\/strong>&#8222;Jastrz\u0119biec&#8221;<\/p>\n\n\n\n<p><strong>3. Data i miejsce urodzenia:&nbsp;<\/strong>21.05.1919 r., Nowy Targ<\/p>\n\n\n\n<p><strong>4. Data i miejsce \u015bmierci:&nbsp;<\/strong>29.11.1943 r., Krak\u00f3w<\/p>\n\n\n\n<p><strong>5. Imiona rodzic\u00f3w:&nbsp;<\/strong>Jerzy, Janina Ustupska<\/p>\n\n\n\n<p><strong>6. Wykszta\u0142cenie:<\/strong>&nbsp;\u015brednie &#8211; 1938 r. (?)<br>I kurs oficerski w Centralnej Szkole Po\u017carniczej w Warszawie &#8211; 1943 r.<\/p>\n\n\n\n<p><strong>7. Stopie\u0144<\/strong>:<br><strong>a) w Wojsku Polskim:\u00a0<\/strong>podchor\u0105\u017cy (ok. 1939 r.)<br><strong>b) w Stra\u017cy Po\u017carnej:\u00a0<\/strong>porucznik po\u017carnictwa (ok. 1943 r.)<\/p>\n\n\n\n<p><strong>8. Przebieg s\u0142u\u017cby:<\/strong><br><strong>a) przed 1939:<\/strong> Brak zweryfikowanych informacji na temat uko\u0144czonej szko\u0142y, mia\u0142 uko\u0144czy\u0107 VI Pa\u0144stwowe Gimnazjum im. Tadeusza Ko\u015bciuszki w Krakowie. Po zdaniu egzaminu maturalnego mia\u0142 rozpocz\u0105\u0107 studia na Wydziale Prawa Uniwersytetu Jagiello\u0144skiego w Krakowie, jednak kwerenda nie potwierdzi\u0142a tej informacji. Ok. 1939 r. wst\u0105pi\u0142 do Wojska Polskiego.<br><strong>b) w latach 1939-1945:\u00a0<\/strong>W czasie kampanii wrze\u015bniowej walczy\u0142 w stopniu podchor\u0105\u017cego w 1 Batalionie Telegraficznym w Zegrzu jako cz\u0142onek obs\u0142ugi radiostacji dow\u00f3dcy. Po powstaniu &#8222;Ska\u0142y&#8221; zosta\u0142 oficerem do zada\u0144 specjalnych oraz szefem grupy dywersyjnej Warszawa-\u015ar\u00f3dmie\u015bcie. Po organizacji struktur polskiego po\u017carnictwa w Generalnym Gubernatorstwie by\u0142 pracownikiem biura Kierownika Technicznego Po\u017carnictwa. Grupa dywersyjna pod jego dow\u00f3dztwem odpowiada za m.in. podpalenie warsztat\u00f3w i gara\u017cy samochodowych SS przy ul. Barokowej 2 w Warszawie w dniu 10.07.1943 r. By\u0142 wyk\u0142adowc\u0105 architektury na kursie podoficerskim w CSP trwaj\u0105cym w okresie od 24.08. &#8211; 17.11.1942 r. Bra\u0142 udzia\u0142 w akcji w Skrzydlnej w dniu 21.10.1943 r., gdzie by\u0142 dow\u00f3dc\u0105 jednego z 3 oddzia\u0142\u00f3w, w czasie walki zosta\u0142 ranny. Aresztowany nied\u0142ugo po akcji, osadzony w wi\u0119zieniu na Montelupich w Krakowie. Zgin\u0105\u0142 29.11.1943 r. w czasie buntu wi\u0119\u017ani\u00f3w, podczas kt\u00f3rego mia\u0142 rozbroi\u0107 (b\u0105d\u017a zabi\u0107) niemieckiego stra\u017cnika.<br><strong>c) po 1945<\/strong>: \u2013<\/p>\n\n\n\n<p><strong>9. Dzia\u0142alno\u015b\u0107 w ramach Stra\u017cackiego Ruchu Oporu \u201eSka\u0142a\u201d:<\/strong><br><strong>a) przydzia\u0142:&nbsp;<\/strong>I Sto\u0142eczny Okr\u0119g SRO\/Komenda G\u0142\u00f3wna<br><strong>b) pe\u0142nione funkcje:&nbsp;<\/strong>Szef grupy dywersyjnej Warszawa-\u015ar\u00f3dmie\u015bcie\/oficer do zada\u0144 specjalnych.<\/p>\n\n\n\n<p><strong>10.&nbsp; Dzia\u0142alno\u015b\u0107 w ramach innych organizacji konspiracyjnych:<\/strong>&nbsp;nd.<\/p>\n\n\n\n<p><strong>11. Formy upami\u0119tnienia:&nbsp;<\/strong>Wymieniony na tablicach pami\u0105tkowych w kwaterze Stra\u017cackiego Ruchu Oporu \u201eSka\u0142a\u201d na Cmentarzu Wojskowym na Pow\u0105zkach oraz w Akademii Po\u017carniczej w Warszawie<\/p>\n\n\n\n<p><strong>12. Odznaczenia:&nbsp;<\/strong>\u2013<\/p>\n\n\n\n<p><strong>13. Bibliografia<\/strong>:<br>Archiwa<br>Archiwum Muzeum Powstania Warszawskiego, L. Korzewnikjanc,<em>&nbsp;Relacja z powo\u0142ania konspiracyjnej organizacji Wojskowej pod nazw\u0105 Stra\u017cacki Ruch Oporu \u201eSka\u0142a\u201d<\/em>, mps., Warszawa 1966 r. w:&nbsp;<em>Archiwum Janusza Wi\u015bniewskiego,<\/em> sygn. P.7720, Archiwum Parafii NSPJ w Nowym Targu, <em>Ksi\u0119ga Chrzt\u00f3w Parafii Naj\u015bwi\u0119tszego Serca Pana Jezusa w Nowym Targu, t. XII,<\/em> s. 395, nr 88\/1919<\/p>\n\n\n\n<p>Publikacje:<br>St. D\u0105browa-Kostka,&nbsp;<em>Hitlerowskie afisze \u015bmierci<\/em>, Krak\u00f3w 1983 r., str. 384; J. \u0141amaszewski, W\u0142. Pilawski,&nbsp;<em>Ksi\u0119ga pami\u0119ci funkcjonariuszy po\u017carnictwa i stra\u017cak\u00f3w ochotnik\u00f3w 1939-1945<\/em>, Warszawa 1986 r., str. 244; St. Biele\u0144, B. Kwiatkowska-Basa\u0142aj, J. Pietrzak-Krekora, M. Pie\u0144kowska, A. Sarna, H. Turska, M. Zdanowski,&nbsp;<em>Tradycje Szko\u0142y G\u0142\u00f3wnej Po\u017carniczej: monografia systemu kszta\u0142cenia oficer\u00f3w kadr po\u017carniczych 1939-1989,<\/em>&nbsp;Warszawa 1989 r., str. 28; A. Szempli\u0144ski, <em>Skradziona m\u0142odo\u015b\u0107, <\/em>Warszawa 1999 r., str. 296, 300, 309; <em>Szlak Armii Krajowej na Ziemi Limanowskiej<\/em>, red. P. Bukowiec, Limanowa 2020 r., str. 72.; P. Matusak,&nbsp;<em>Stra\u017c Po\u017carna, Warszawskie Termopile 1939-1945,&nbsp;<\/em>Warszawa 2014 r., str. 119, 122, 143, 151, 162, 404; Z. Grzywaczewski, J. Stahl-Stal, <em>Wspomnienia Stra\u017cak\u00f3w Uczestnik\u00f3w Powstania Warszawskiego, <\/em>Warszawa 1992 r., str. 19.<\/p>\n\n\n\n<p>Wywiady:<br>USC Shoah Foundation Institute, <em>testimony of Marian Polaczyk<\/em>, 8.12.1998 r.<\/p>\n\n\n\n<p>Opr. A. Stefaniak-Guzik<\/p>\n\n\n\n<p><\/p>\n","protected":false},"excerpt":{"rendered":"<p>por. po\u017c. Wies\u0142aw Lgocki, lata 40. XX w.Fot. Centralne Muzeum Po\u017carnictwa w Mys\u0142owicach 1. Imi\u0119 i nazwisko:&nbsp;Wies\u0142aw Aleksander Lgocki h&#8230;.<\/p>\n","protected":false},"author":1,"featured_media":0,"parent":44,"menu_order":0,"comment_status":"closed","ping_status":"closed","template":"","meta":{"footnotes":""},"class_list":["post-208","page","type-page","status-publish","hentry"],"_links":{"self":[{"href":"https:\/\/spsro.pl\/index.php\/wp-json\/wp\/v2\/pages\/208","targetHints":{"allow":["GET"]}}],"collection":[{"href":"https:\/\/spsro.pl\/index.php\/wp-json\/wp\/v2\/pages"}],"about":[{"href":"https:\/\/spsro.pl\/index.php\/wp-json\/wp\/v2\/types\/page"}],"author":[{"embeddable":true,"href":"https:\/\/spsro.pl\/index.php\/wp-json\/wp\/v2\/users\/1"}],"replies":[{"embeddable":true,"href":"https:\/\/spsro.pl\/index.php\/wp-json\/wp\/v2\/comments?post=208"}],"version-history":[{"count":7,"href":"https:\/\/spsro.pl\/index.php\/wp-json\/wp\/v2\/pages\/208\/revisions"}],"predecessor-version":[{"id":457,"href":"https:\/\/spsro.pl\/index.php\/wp-json\/wp\/v2\/pages\/208\/revisions\/457"}],"up":[{"embeddable":true,"href":"https:\/\/spsro.pl\/index.php\/wp-json\/wp\/v2\/pages\/44"}],"wp:attachment":[{"href":"https:\/\/spsro.pl\/index.php\/wp-json\/wp\/v2\/media?parent=208"}],"curies":[{"name":"wp","href":"https:\/\/api.w.org\/{rel}","templated":true}]}}