{"id":215,"date":"2024-10-15T10:53:30","date_gmt":"2024-10-15T08:53:30","guid":{"rendered":"https:\/\/spsro.pl\/?page_id=215"},"modified":"2024-10-21T00:55:29","modified_gmt":"2024-10-20T22:55:29","slug":"bruno-banach","status":"publish","type":"page","link":"https:\/\/spsro.pl\/index.php\/internetowy-katalog-czlonkow-strazackiego-ruchu-oporu-skala\/bruno-banach\/","title":{"rendered":"Bruno Banach"},"content":{"rendered":"<div class=\"wp-block-image\">\n<figure class=\"aligncenter size-large is-resized\"><img loading=\"lazy\" decoding=\"async\" width=\"633\" height=\"1024\" src=\"https:\/\/spsro.pl\/wp-content\/uploads\/2024\/10\/Bruno-Banach-1-633x1024.jpg\" alt=\"\" class=\"wp-image-216\" style=\"width:281px;height:auto\" srcset=\"https:\/\/spsro.pl\/wp-content\/uploads\/2024\/10\/Bruno-Banach-1-633x1024.jpg 633w, https:\/\/spsro.pl\/wp-content\/uploads\/2024\/10\/Bruno-Banach-1-186x300.jpg 186w, https:\/\/spsro.pl\/wp-content\/uploads\/2024\/10\/Bruno-Banach-1-768x1241.jpg 768w, https:\/\/spsro.pl\/wp-content\/uploads\/2024\/10\/Bruno-Banach-1.jpg 850w\" sizes=\"auto, (max-width: 633px) 100vw, 633px\" \/><\/figure>\n<\/div>\n\n\n<p class=\"has-text-align-center\">Bruno Banach, fot. z lat 30. XX wieku.<br>Fot. Archiwum KG PSP<\/p>\n\n\n<div class=\"wp-block-image\">\n<figure class=\"aligncenter size-full\"><img loading=\"lazy\" decoding=\"async\" width=\"399\" height=\"259\" src=\"https:\/\/spsro.pl\/wp-content\/uploads\/2024\/10\/Bez-tytulu.png\" alt=\"\" class=\"wp-image-219\" srcset=\"https:\/\/spsro.pl\/wp-content\/uploads\/2024\/10\/Bez-tytulu.png 399w, https:\/\/spsro.pl\/wp-content\/uploads\/2024\/10\/Bez-tytulu-300x195.png 300w\" sizes=\"auto, (max-width: 399px) 100vw, 399px\" \/><\/figure>\n<\/div>\n\n\n<p><strong>1. Imi\u0119 i nazwisko:&nbsp;<\/strong>Bruno Tadeusz Banach<\/p>\n\n\n\n<p><strong>2. Pseudonim:&nbsp;<\/strong>b.d.<\/p>\n\n\n\n<p><strong>3. Data i miejsce urodzenia:&nbsp;<\/strong>21.01.1910 r., Krak\u00f3w<\/p>\n\n\n\n<p><strong>4. Data i miejsce \u015bmierci:&nbsp;<\/strong>19.09.1992 r., Warszawa<\/p>\n\n\n\n<p><strong>5. Imiona rodzic\u00f3w<\/strong>: Brunon, Maria Surowiecka<\/p>\n\n\n\n<p><strong>6. Wykszta\u0142cenie:<\/strong>&nbsp;\u015brednie &#8211; 1930 r.<br>Kurs po\u017carniczy VII stopnia dla instruktor\u00f3w w Lublinie &#8211; 1934 r., kurs ratownictwa wodnego &#8211; 1935 r., kurs uzupe\u0142niaj\u0105cy dla powiatowych instruktor\u00f3w po\u017carnictwa w \u0141odzi &#8211; 1936 r., kurs obrony przeciwwietrznej i przeciwgazowej &#8211; 1936 r., kurs budownictwa wiejskiego &#8211; 1937 r., kurs uzupe\u0142niaj\u0105cy z zakresu techniki po\u017carniczej dla oficer\u00f3w Korpusu Technicznego ZSP RP &#8211; 1938 r.<\/p>\n\n\n\n<p><strong>7. Stopie\u0144<\/strong>:<br><strong>a) w Wojsku Polskim:&nbsp;<\/strong>podporucznik rezerwy (1937 r.)<br><strong>b) w Stra\u017cy Po\u017carnej:&nbsp;<\/strong>major po\u017carnictwa (lata 70. XX w.)<\/p>\n\n\n\n<p><strong>8. Przebieg s\u0142u\u017cby:<\/strong><br><strong>a) przed 1939:&nbsp;<\/strong>Po zdaniu egzaminu maturalnego wst\u0105pi\u0142 do Wojska Polskiego, s\u0142u\u017cb\u0119 odbywa\u0142 m.in. w Szkole Podchor\u0105\u017cych Piechoty w Ostrowi Mazowieckiej, 2 pu\u0142ku piechoty Legion\u00f3w, Szkole Podchor\u0105\u017cych Artylerii oraz 5 pu\u0142ku strzelc\u00f3w podhala\u0144skich. 1.06.1933 r. wst\u0105pi\u0142 do Ochotniczej Stra\u017cy Po\u017carnej w Wadowicach i od 4.11.1933 r. do 20.02.1934 r. pracowa\u0142 jako praktykant w Oddziale Powiatowym OSP w Wadowicach. Po uko\u0144czeniu kursu VII stopnia z\u0142o\u017cy\u0142 podanie o przyj\u0119cie do Korpusu Technicznego ZSP RP. W stopniu aspiranta zosta\u0142 powiatowym instruktorem po\u017carnictwa w powiecie nowotarskim od dnia 1.09.1934 r. 1.12.1935 r. zosta\u0142 przeniesiony na stanowisko powiatowego instruktora po\u017carnictwa w Krakowie.<br><strong>b) w latach 1939-1945:&nbsp;<\/strong>W czasie kampanii wrze\u015bniowej nie zosta\u0142 powo\u0142any do WP, jednak sam na w\u0142asn\u0105 r\u0119k\u0119 szuka\u0142 jednostki, w szeregach kt\u00f3rej m\u00f3g\u0142by walczy\u0107. Wg jego relacji wst\u0105pi\u0142 do jednostki artylerii tworzonej w lasach w okolicach Janowa Lubelskiego i w szeregach tej jednostki bra\u0142 udzia\u0142 w kilku potyczkach z Niemcami. Po rozbiciu jednostki w okolicach J\u00f3zefowa powr\u00f3ci\u0142 do Krakowa, gdzie pod koniec listopada 1939 r. otrzyma\u0142 posad\u0119 inkasenta w Powszechnym Zak\u0142adzie Ubezpiecze\u0144 Wzajemnych w Krakowie. Najprawdopodobniej w po\u0142owie 1940 r. zosta\u0142 powiatowym instruktorem po\u017carnictwa w powiecie krakowskim (<em>Kreisfeuerwehrinstruktor im&nbsp;Landkreis Krakau<\/em>). 13.11.1943 r. zbieg\u0142 przed Gestapo w Krakowie i przeni\u00f3s\u0142 si\u0119 z rodzin\u0105 do Warszawy. Pod zmienionym nazwiskiem Jankowski pracowa\u0142 w okresie od 15.12.1943 r. do 1.02.1944 r. w Palarni Kawy &#8222;Pluton&#8221;, a p\u00f3\u017aniej jako monter elektryk. 15.05.1944 r. przeni\u00f3s\u0142 si\u0119 na teren Dystryktu Radomskiego, gdzie dzi\u0119ki pomocy stra\u017cak\u00f3w otrzyma\u0142 posad\u0119 referenta po\u017carniczego w gminie Klimont\u00f3w, od 15.08.1944 r. ukrywa\u0142 si\u0119 w okolicach Babiej G\u00f3ry.<br><strong>c) po 1945<\/strong>: Po wkroczeniu Armii Czerwonej od 15.02.1945 r. powr\u00f3ci\u0142 do Krakowa na stanowisko powiatowego instruktora po\u017carnictwa, od 1.05.1945 r. by\u0142 komendantem Zawodowej Stra\u017cy Po\u017carnej w Nysie. Nast\u0119pnie od 15.11.1945 r. do 1.11.1949 r. zatrudniony by\u0142 na stanowisku komendanta Zawodowej Stra\u017cy Po\u017carnej w Wa\u0142brzychu oraz komendanta Wojew\u00f3dzkiej Szko\u0142y Po\u017carniczej w Wa\u0142brzychu. Po zwolnieniu ze s\u0142u\u017cby po\u017carniczej przeszed\u0142 do pracy jako inspektor ochrony przeciwpo\u017carowej w PLL &#8222;LOT&#8221;, Zarz\u0105dzie Lotnictwa Cywilnego, Kombinacie Chemicznym w O\u015bwi\u0119cimiu i Zjednoczeniu Przemys\u0142u Poligraficznego. W latach 1956-1958 wyk\u0142ada\u0142 w Szkole Oficer\u00f3w Po\u017carnictwa w Warszawie<\/p>\n\n\n\n<p><strong>9. Dzia\u0142alno\u015b\u0107 w ramach Stra\u017cackiego Ruchu Oporu \u201eSka\u0142a\u201d:<\/strong><br><strong>a) przydzia\u0142:&nbsp;<\/strong>IV Krakowski Okr\u0119g SRO\/I Sto\u0142eczny Okr\u0119g SRO<br><strong>b) pe\u0142nione funkcje:&nbsp;<\/strong>oficer do zada\u0144 specjalnych I Okr\u0119gu SRO<\/p>\n\n\n\n<p><strong>10.&nbsp; Dzia\u0142alno\u015b\u0107 w ramach innych organizacji konspiracyjnych:<\/strong>&nbsp;nd.<\/p>\n\n\n\n<p><strong>11. Formy upami\u0119tnienia:&nbsp;<\/strong>&#8211;<\/p>\n\n\n\n<p><strong>12. Odznaczenia:&nbsp;<\/strong>\u2013<\/p>\n\n\n\n<p><strong>13. Bibliografia<\/strong><br>Archiwa:<br>Archiwum KG PSP. <em>akta osobowe sygn<\/em>. <em>T-9<\/em>; Archiwum KW PSP we Wroc\u0142awiu, <em>akta personalne B. Banacha<\/em>; Centralne Archiwum Wojskowe,<em> Kolekcja akt personalnych i odznaczeniowych, sygn. I.481.B.1235<\/em><\/p>\n\n\n\n<p>Publikacje: <br>R. Rybka, K. Stepan, <em>Awanse oficerskie w Wojsku Polskim 1935-1939<\/em>, Warszawa 2021 r., str. 244; P. Matusak, <em>Stra\u017c Po\u017carna. Warszawskie Termopile 1939-1945<\/em>, Warszawa, 2014 r., str. 128.<\/p>\n\n\n\n<p>Opr. A. Stefaniak-Guzik<\/p>\n\n\n\n<p><\/p>\n","protected":false},"excerpt":{"rendered":"<p>Bruno Banach, fot. z lat 30. XX wieku.Fot. Archiwum KG PSP 1. Imi\u0119 i nazwisko:&nbsp;Bruno Tadeusz Banach 2. Pseudonim:&nbsp;b.d. 3&#8230;.<\/p>\n","protected":false},"author":1,"featured_media":0,"parent":44,"menu_order":0,"comment_status":"closed","ping_status":"closed","template":"","meta":{"footnotes":""},"class_list":["post-215","page","type-page","status-publish","hentry"],"_links":{"self":[{"href":"https:\/\/spsro.pl\/index.php\/wp-json\/wp\/v2\/pages\/215","targetHints":{"allow":["GET"]}}],"collection":[{"href":"https:\/\/spsro.pl\/index.php\/wp-json\/wp\/v2\/pages"}],"about":[{"href":"https:\/\/spsro.pl\/index.php\/wp-json\/wp\/v2\/types\/page"}],"author":[{"embeddable":true,"href":"https:\/\/spsro.pl\/index.php\/wp-json\/wp\/v2\/users\/1"}],"replies":[{"embeddable":true,"href":"https:\/\/spsro.pl\/index.php\/wp-json\/wp\/v2\/comments?post=215"}],"version-history":[{"count":5,"href":"https:\/\/spsro.pl\/index.php\/wp-json\/wp\/v2\/pages\/215\/revisions"}],"predecessor-version":[{"id":270,"href":"https:\/\/spsro.pl\/index.php\/wp-json\/wp\/v2\/pages\/215\/revisions\/270"}],"up":[{"embeddable":true,"href":"https:\/\/spsro.pl\/index.php\/wp-json\/wp\/v2\/pages\/44"}],"wp:attachment":[{"href":"https:\/\/spsro.pl\/index.php\/wp-json\/wp\/v2\/media?parent=215"}],"curies":[{"name":"wp","href":"https:\/\/api.w.org\/{rel}","templated":true}]}}