{"id":235,"date":"2024-10-16T01:33:51","date_gmt":"2024-10-15T23:33:51","guid":{"rendered":"https:\/\/spsro.pl\/?page_id=235"},"modified":"2024-10-17T14:03:40","modified_gmt":"2024-10-17T12:03:40","slug":"karol-golab","status":"publish","type":"page","link":"https:\/\/spsro.pl\/index.php\/internetowy-katalog-czlonkow-strazackiego-ruchu-oporu-skala\/karol-golab\/","title":{"rendered":"Karol Go\u0142\u0105b"},"content":{"rendered":"<div class=\"wp-block-image\">\n<figure class=\"aligncenter size-full is-resized\"><img loading=\"lazy\" decoding=\"async\" width=\"614\" height=\"956\" src=\"https:\/\/spsro.pl\/wp-content\/uploads\/2024\/10\/Golab-Karol-KN-02_08_1931_0011.jpg\" alt=\"\" class=\"wp-image-237\" style=\"width:236px;height:auto\" srcset=\"https:\/\/spsro.pl\/wp-content\/uploads\/2024\/10\/Golab-Karol-KN-02_08_1931_0011.jpg 614w, https:\/\/spsro.pl\/wp-content\/uploads\/2024\/10\/Golab-Karol-KN-02_08_1931_0011-193x300.jpg 193w\" sizes=\"auto, (max-width: 614px) 100vw, 614px\" \/><\/figure>\n<\/div>\n\n\n<p class=\"has-text-align-center\">Karol Go\u0142\u0105b, ok. 1934 r.<br>Fot. Centralne Archiwum Wojskowe<\/p>\n\n\n\n<p><strong>1. Imi\u0119 i nazwisko:&nbsp;<\/strong>Karol Go\u0142\u0105b<\/p>\n\n\n\n<p><strong>2. Pseudonim:&nbsp;<\/strong>&#8222;Korze\u0144&#8221;<\/p>\n\n\n\n<p><strong>3. Data i miejsce urodzenia:&nbsp;<\/strong>21.10.1896 r., Morawska Ostrawa, Czechy (spotykane tak\u017ce daty 23.11., 23.10., 23.09.)<\/p>\n\n\n\n<p><strong>4. Data i miejsce \u015bmierci:&nbsp;<\/strong>11.12.1943 r., S\u0142omniki<\/p>\n\n\n\n<p><strong>5. Imiona rodzic\u00f3w:&nbsp;<\/strong>Micha\u0142, Zofia Po\u0142aniak<\/p>\n\n\n\n<p><strong>6. Wykszta\u0142cenie:<\/strong>&nbsp;\u015arednie &#8211; 1913 r.<br>Kurs instruktorski w Nowym S\u0105czu &#8211; 1928 r., kurs obrony przeciwgazowej przy 5 batalionie sanitarnym w Krakowie &#8211; 1928 r., kurs konserwacji lotnisk przy 2 pu\u0142ku lotniczym w Krakowie &#8211; 1929 r., kurs przeciwpowodziowy i przeciwlodowy w Krakowie &#8211; 1930 r., Kurs gazowy dla instruktor\u00f3w II stopnia w Lublinie &#8211; 1930 r., instruktorski kurs po\u017carniczy G\u0142\u00f3wnego Zwi\u0105zku Stra\u017cy Po\u017carnych w Lublinie &#8211; 1930\/1931 r., kurs kierowc\u00f3w samochodowych w Lublinie &#8211; 1931 r., uzupe\u0142niaj\u0105cy kurs dla instruktor\u00f3w po\u017carnictwa w \u0141odzi &#8211; 1935 r.<\/p>\n\n\n\n<p><strong>7. Stopie\u0144<\/strong>:<br><strong>a) w Wojsku Polskim:&nbsp;<\/strong>sier\u017cant sztabowy (1918 r.)<br><strong>b) w Stra\u017cy Po\u017carnej:&nbsp;<\/strong>starszy instruktor\/kapitan po\u017carnictwa (1939 r.)<\/p>\n\n\n\n<p><strong>8. Przebieg s\u0142u\u017cby:<\/strong><br><strong>a) przed 1939:<\/strong> W 1912 r. zosta\u0142 cz\u0142onkiem polskiej dru\u017cyny harcerskiej. Na pocz\u0105tku 1914 r. przeni\u00f3s\u0142 si\u0119 do Bystrej, w Wilkowicach zawi\u0105za\u0142 oddzia\u0142 Zwi\u0105zku Strzeleckiego. Zorganizowany przez niego oddzia\u0142 liczy\u0142 30 os\u00f3b. 6.08.1914 r. wraz z oddzia\u0142em stawi\u0142 si\u0119 w \u017bywcu, gdzie do\u0142\u0105czy\u0142 do 1 Brygady Legion\u00f3w Polskich. B\u0119d\u0105c \u017co\u0142nierzem 8 kompanii II batalionu 5 pu\u0142ku piechoty w czasie walk 30.11.1914 r. zosta\u0142 ranny i przebywa\u0142 w szpitalu w W\u0119dryni. Po rozwi\u0105zaniu I Brygady zosta\u0142 wcielony do CK Armii i skierowany na front W\u0142oski, tam wst\u0105pi\u0142 do 2 Pu\u0142ku Strzelc\u00f3w im. T. Ko\u015bciuszki powsta\u0142ego w ramach Armii Polskiej we Francji. Po powrocie do Polski do 23.11.1919 r. s\u0142u\u017cy\u0142 jako adiutant w 8. kompanii 47 pu\u0142ku Strzelc\u00f3w Kresowych i bra\u0142 udzia\u0142 w wojnie polsko-ukrai\u0144skiej i polsko-bolszewickiej. W 1919 r. zosta\u0142 skierowany do prac plebiscytowych na \u015al\u0105sku Cieszy\u0144skim oraz do pracy wywiadowczej przy Radzie Narodowej w Cieszynie. W 1920 r. zosta\u0142 zwolniony z Wojska. W latach 1920-1924 pracowa\u0142 jako kasjer w Robotniczym Stowarzyszeniu Spo\u017cywc\u00f3w w Chrzanowie, a w latach 1924-1928 jako majster lakierniczy. W 1926 r. wst\u0105pi\u0142 do Ochotniczej Stra\u017c Po\u017carnej w Balinie, gdzie by\u0142 dow\u00f3dc\u0105 oddzia\u0142u. 17.04.1928 r. wst\u0105pi\u0142 do Korpusu Technicznego ZSP RP i w stopniu instruktora zosta\u0142 mianowany p.o. oficera inspekcyjnego Okr\u0119gu XV ZSP RP w Chrzanowie. 21.05.1935 r. zosta\u0142 mianowany powiatowym instruktorem po\u017carnictwa w Chrzanowie. By\u0142 jednym z instruktor\u00f3w na kursie oficerskim w Centralnym O\u015brodku Wyszkolenia Po\u017carniczego w Warszawie trwaj\u0105cym w okresie od 1.03.1939 r. do 31.08.1939 r.<br><strong>b) w latach 1939-1945:&nbsp;<\/strong>Brak informacji na temat udzia\u0142u w kampanii wrze\u015bniowej. 18.06.1940 r. zosta\u0142 zarekomendowany staro\u015bcie miechowskiemu przez Kierownika Technicznego Po\u017carnictwa na stanowisko powiatowego instruktora po\u017carnictwa w powiecie miechowskim (<em>Kreisfeuerwehrinstruktor im Kreise<\/em> <em>Miech\u00f3w<\/em>). Wg relacji L. Korzewnikjanca w ramach IV Krakowskiego Okr\u0119gu &#8222;Ska\u0142y&#8221; mia\u0142 pe\u0142ni\u0107 funkcj\u0119 <em>II komendanta podokr\u0119gu Krak\u00f3w o\u015brodka technicznego i naprawy broni. <\/em>Aresztowany 13\/14.11.1943 r., osadzony w wi\u0119zieniu na Montelupich w Krakowie. Zamordowany w S\u0142omnikach 11.12.1943 r.<br><strong>c) po 1945<\/strong>: \u2013<\/p>\n\n\n\n<p><strong>9. Dzia\u0142alno\u015b\u0107 w ramach Stra\u017cackiego Ruchu Oporu \u201eSka\u0142a\u201d:<\/strong><br><strong>a) przydzia\u0142:\u00a0<\/strong>IV Krakowski Okr\u0119g SRO<br><strong>b) pe\u0142nione funkcje:<\/strong> II komendant podokr\u0119gu Krak\u00f3w (?)<\/p>\n\n\n\n<p><strong>10.&nbsp; Dzia\u0142alno\u015b\u0107 w ramach innych organizacji konspiracyjnych:<\/strong>&nbsp;ZWZ-AK (?)<\/p>\n\n\n\n<p><strong>11. Formy upami\u0119tnienia:<\/strong>&#8211;<\/p>\n\n\n\n<p><strong>12. Odznaczenia:&nbsp;<\/strong>Krzy\u017c Niepodleg\u0142o\u015bci (1931 r.), Srebrny Krzy\u017c Zas\u0142ugi (1931 r.), Medal Pami\u0105tkowy Za udzia\u0142 w Wojnie 1918-1921 (b.d.), Medal Dziesi\u0119ciolecia Odzyskanej Niepodleg\u0142o\u015bci (b.d.), Odznaka Honorowa Ligi Obrony Powietrznej i Przeciwgazowej II stopnia (b.d.), Odznaka pami\u0105tkowa I Brygady Legion\u00f3w (b.d.)<\/p>\n\n\n\n<p><strong>13. Bibliografia<\/strong><br>Archiwa: Archiwum KG PSP, <em>akta osobowe<\/em> sygn. T-194, Archiwum Muzeum Powstania Warszawskiego, L. Korzewnikjanc,<em>&nbsp;Relacja z powo\u0142ania konspiracyjnej organizacji Wojskowej pod nazw\u0105 Stra\u017cacki Ruch Oporu \u201eSka\u0142a\u201d<\/em>, mps., Warszawa 1966 r. w:&nbsp;<em>Spu\u015bcizna po Januszu Wi\u015bniewskim, sygn. P.7720<\/em>; Centralne Archiwum Wojskowe, <em>Kolekcja akt personalnych i odznaczeniowych, <\/em>sygn. KN.02.08.1931<\/p>\n\n\n\n<p>Publikacje:<br>St. Biele\u0144, B. Kwiatkowska-Basa\u0142aj, J. Pietrzak-Krekora, M. Pie\u0144kowska, A. Sarna, H. Turska, M. Zdanowski,&nbsp;<em>Tradycje Szko\u0142y G\u0142\u00f3wnej Po\u017carniczej: monografia systemu kszta\u0142cenia oficer\u00f3w kadr po\u017carniczych 1939-1989,<\/em>&nbsp;Warszawa 1989 r., str. 22; J. \u0141amaszewski, W\u0142. Pilawski,&nbsp;<em>Ksi\u0119ga pami\u0119ci funkcjonariuszy po\u017carnictwa i stra\u017cak\u00f3w ochotnik\u00f3w 1939-1945<\/em>, Warszawa 1986 r., str. 117; <em>Lista chorych, rannych, zabitych i zaginionych legionist\u00f3w do kwietnia 1915 r.<\/em>, Piotrk\u00f3w Trybunalski 1916 r., str. 16 M. Mantyka,&nbsp;<em>Dzieje Krakowskiego Zwi\u0105zku Stra\u017cy Po\u017carnych w latach 1923-1950<\/em>, Krak\u00f3w 2008 r., str. 142, 143; P. Matusak,&nbsp;<em>Stra\u017c Po\u017carna. Warszawskie Termopile 1939-1945<\/em>, Warszawa, 2014 r., str. 89<\/p>\n\n\n\n<p>Akty prawne:<br>M.P. 1931 r., poz. 104: <em>Zarz\u0105dzenie o nadaniu Srebrnego Krzy\u017ca Zas\u0142ugi<\/em>, M.P. 1931 r., poz. 179: <em>Nadanie Krzy\u017ca Niepodleg\u0142o\u015bci z Mieczami, Krzy\u017ca Niepodleg\u0142o\u015bci oraz Medalu Niepodleg\u0142o\u015bci.<\/em><\/p>\n\n\n\n<p>Opr. A. Stefaniak-Guzik<\/p>\n","protected":false},"excerpt":{"rendered":"<p>Karol Go\u0142\u0105b, ok. 1934 r.Fot. Centralne Archiwum Wojskowe 1. Imi\u0119 i nazwisko:&nbsp;Karol Go\u0142\u0105b 2. Pseudonim:&nbsp;&#8222;Korze\u0144&#8221; 3. Data i miejsce urodzenia:&nbsp;21.10.1896&#8230;<\/p>\n","protected":false},"author":1,"featured_media":0,"parent":44,"menu_order":0,"comment_status":"closed","ping_status":"closed","template":"","meta":{"footnotes":""},"class_list":["post-235","page","type-page","status-publish","hentry"],"_links":{"self":[{"href":"https:\/\/spsro.pl\/index.php\/wp-json\/wp\/v2\/pages\/235","targetHints":{"allow":["GET"]}}],"collection":[{"href":"https:\/\/spsro.pl\/index.php\/wp-json\/wp\/v2\/pages"}],"about":[{"href":"https:\/\/spsro.pl\/index.php\/wp-json\/wp\/v2\/types\/page"}],"author":[{"embeddable":true,"href":"https:\/\/spsro.pl\/index.php\/wp-json\/wp\/v2\/users\/1"}],"replies":[{"embeddable":true,"href":"https:\/\/spsro.pl\/index.php\/wp-json\/wp\/v2\/comments?post=235"}],"version-history":[{"count":6,"href":"https:\/\/spsro.pl\/index.php\/wp-json\/wp\/v2\/pages\/235\/revisions"}],"predecessor-version":[{"id":251,"href":"https:\/\/spsro.pl\/index.php\/wp-json\/wp\/v2\/pages\/235\/revisions\/251"}],"up":[{"embeddable":true,"href":"https:\/\/spsro.pl\/index.php\/wp-json\/wp\/v2\/pages\/44"}],"wp:attachment":[{"href":"https:\/\/spsro.pl\/index.php\/wp-json\/wp\/v2\/media?parent=235"}],"curies":[{"name":"wp","href":"https:\/\/api.w.org\/{rel}","templated":true}]}}