{"id":261,"date":"2024-10-20T23:54:39","date_gmt":"2024-10-20T21:54:39","guid":{"rendered":"https:\/\/spsro.pl\/?page_id=261"},"modified":"2025-01-06T00:47:22","modified_gmt":"2025-01-05T23:47:22","slug":"krystyna-orlik-ruckemann","status":"publish","type":"page","link":"https:\/\/spsro.pl\/index.php\/internetowy-katalog-czlonkow-strazackiego-ruchu-oporu-skala\/krystyna-orlik-ruckemann\/","title":{"rendered":"Krystyna Orlik-R\u00fcckemann"},"content":{"rendered":"<div class=\"wp-block-image\">\n<figure class=\"aligncenter size-large is-resized\"><img loading=\"lazy\" decoding=\"async\" width=\"699\" height=\"1024\" src=\"https:\/\/spsro.pl\/wp-content\/uploads\/2024\/10\/30-1-699x1024.jpg\" alt=\"\" class=\"wp-image-263\" style=\"width:263px;height:auto\" srcset=\"https:\/\/spsro.pl\/wp-content\/uploads\/2024\/10\/30-1-699x1024.jpg 699w, https:\/\/spsro.pl\/wp-content\/uploads\/2024\/10\/30-1-205x300.jpg 205w, https:\/\/spsro.pl\/wp-content\/uploads\/2024\/10\/30-1-768x1125.jpg 768w, https:\/\/spsro.pl\/wp-content\/uploads\/2024\/10\/30-1-1049x1536.jpg 1049w, https:\/\/spsro.pl\/wp-content\/uploads\/2024\/10\/30-1.jpg 1181w\" sizes=\"auto, (max-width: 699px) 100vw, 699px\" \/><\/figure>\n<\/div>\n\n\n<p class=\"has-text-align-center\">Krystyna Orlik- R\u00fcckemann, fot. ok. 1938 r.<br>Fot. zbiory Janiny Kietli\u0144skiej<\/p>\n\n\n\n<p><strong>1. Imi\u0119 i nazwisko: <\/strong>Krystyna Zofia Orlik-R\u00fcckemann\u00a0de domo\u00a0Lgocka<\/p>\n\n\n\n<p><strong>2. Pseudonim: <\/strong>\u201eKrystyna\u201d<\/p>\n\n\n\n<p><strong>3. Data i miejsce urodzenia: <\/strong>28.09.1923 r., Radziwi\u0142\u0142\u00f3w<\/p>\n\n\n\n<p><strong>4. Data i miejsce \u015bmierci: <\/strong>28.06.2022 r., Ottawa<\/p>\n\n\n\n<p><strong>5. Imiona rodzic\u00f3w: <\/strong>Jerzy, Janina Ustupska<\/p>\n\n\n\n<p><strong>6. Wykszta\u0142cenie:<\/strong> b.d.<\/p>\n\n\n\n<p><strong>7. Stopie\u0144<\/strong>:<br><strong>a) w Wojsku Polskim: <\/strong>&#8211;<br><strong>b) w Stra\u017cy Po\u017carnej: <\/strong>&#8211;<\/p>\n\n\n\n<p><strong>8. Przebieg s\u0142u\u017cby:<\/strong> <br><strong>a) przed 1939: <\/strong>W raz z rodzin\u0105 mieszka\u0142a w Radziwi\u0142\u0142owie, Ja\u015ble, Krakowie oraz Warszawie.<br><strong>b) w latach 1939-1945: <\/strong>Wybuch wojny zasta\u0142 j\u0105 w Warszawie. W bli\u017cej nieokre\u015blonym czasie zosta\u0142a cz\u0142onkiem \u201eSka\u0142y\u201d. Bra\u0142a udzia\u0142 w akcji partyzanckiej w Skrzydlnej 21.10.1943 r. w charakterze sanitariuszki. Aresztowana przez Niemc\u00f3w zosta\u0142a osadzona w wi\u0119zieniu na Montelupich w Krakowie, sk\u0105d 20.06.1944 r. zosta\u0142a przewieziona do\u00a0KL Ravensbr\u00fcck, gdzie spotka\u0142a si\u0119 z matk\u0105 i siostr\u0105.<br><strong>c) po 1945<\/strong>: Najprawdopodobniej w kwietniu 1945 r. zosta\u0142a przewieziona do Szwecji w ramach akcji hr. Folke Bernadotte (\u201eBia\u0142e autobusy\u201d). W Szwecji pozna\u0142a Kazimierza Orlik- R\u00fcckemann, absolwenta i wyk\u0142adowc\u0119 na wydziale lotnictwa Politechniki Sztokholmskiej. Ok. 1955 r. Krystyna wraz z m\u0119\u017cem i matk\u0105 przeprowadza si\u0119 do Kanady, gdzie pracowa\u0142a jako mikrobiolog.<br>W momencie \u015bmierci (2022 r.) by\u0142a ostatnim cz\u0142onkiem Stra\u017cackiego Ruchu Oporu.<\/p>\n\n\n\n<p><strong>9. Dzia\u0142alno\u015b\u0107 w ramach Stra\u017cackiego Ruchu Oporu \u201eSka\u0142a\u201d:<\/strong><br><strong>a) przydzia\u0142: <\/strong>&#8211;<br><strong>b) pe\u0142nione funkcje: <\/strong>&#8211;<\/p>\n\n\n\n<p><strong>10.\u00a0 Dzia\u0142alno\u015b\u0107 w ramach innych organizacji konspiracyjnych:<\/strong> ZWZ-AK (?)<\/p>\n\n\n\n<p><strong>11. Formy upami\u0119tnienia: <\/strong>&#8211;<\/p>\n\n\n\n<p><strong>12. Odznaczenia: <\/strong>Medal b\u0142ogos\u0142awionego ks. Jerzego Popie\u0142uszki (2021 r.)<\/p>\n\n\n\n<p><strong>13. Bibliografia<\/strong><br>Archiwa: Archiwum Mi\u0119dzynarodowej S\u0142u\u017cby Poszukiwa\u0144 w Bad Arolsen:&nbsp;<em>Alphabetical list of names of former prisoners of the prison in Cracow Montelupich<\/em>, sygn. 1.2.2.1\/11446818;&nbsp;<em>Block lists, Block books CC Ravensbr\u00fcck<\/em>, sygn. 1.1.35.1\/3767704,&nbsp;<em>List of Polish refugees who came to Sweden from German KZs due to the help of Count Bernadotte<\/em>, sygn. 3.1.1.3\/78815838;&nbsp;<em>Transport and entry lists of CC Ravensbr\u00fcck<\/em>&nbsp;sygn. 1.1.35.1\/3769048; Studium Polski Podziemnej w Londynie, M. Foedrowitz,&nbsp;<em>Wywiad udzieli\u0142 Heinrich Hamann<\/em>, sygn. BI\/338, str. 14-16; Centralne Muzeum Po\u017carnictwa w Mys\u0142owicach, J. Miku\u0142a,&nbsp;<em>Wspomnienia z dzia\u0142alno\u015bci w Stra\u017cackim Ruchu Oporu \u201eSka\u0142a\u201d na ternie by\u0142ej Generalnej Guberni w latach II wojny \u015bwiatowej,&nbsp;<\/em>sygn. CMP\/H\/1426, str. 42<\/p>\n\n\n\n<p>Publikacje: A. Karlisz,&nbsp;<em>Na stra\u017cy wschodnich rubie\u017cy. Biografia Ostatniego dow\u00f3dcy KOP gen. bryg. Wilhelma Orlik-R\u00fcckemanna<\/em>, Warszawa 1999, str. 131, 140, 147; A. Szempli\u0144ski,&nbsp;<em>Skradziona m\u0142odo\u015b\u0107<\/em>, Warszawa 1999 r., str. 302, 304; &nbsp;P. Matusak,&nbsp;<em>Stra\u017c Po\u017carna. Warszawskie Termopile 1939-1945<\/em>, Warszawa, 2014 r., str. 134.<\/p>\n\n\n\n<p>Strony internetowe:&nbsp;<a href=\"https:\/\/ottawacitizen.remembering.ca\/obituary\/krystyna-orlik-ruckemann-1085763284\">https:\/\/ottawacitizen.remembering.ca\/obituary\/krystyna-orlik-ruckemann-1085763284<\/a>&nbsp;(dost\u0119p: 20.10.2024 r.)<\/p>\n\n\n\n<ol class=\"wp-block-list\"><\/ol>\n\n\n\n<p>Opr. A. Stefaniak-Guzik<\/p>\n","protected":false},"excerpt":{"rendered":"<p>Krystyna Orlik- R\u00fcckemann, fot. ok. 1938 r.Fot. zbiory Janiny Kietli\u0144skiej 1. Imi\u0119 i nazwisko: Krystyna Zofia Orlik-R\u00fcckemann\u00a0de domo\u00a0Lgocka 2. Pseudonim:&#8230;<\/p>\n","protected":false},"author":1,"featured_media":0,"parent":44,"menu_order":0,"comment_status":"closed","ping_status":"closed","template":"","meta":{"footnotes":""},"class_list":["post-261","page","type-page","status-publish","hentry"],"_links":{"self":[{"href":"https:\/\/spsro.pl\/index.php\/wp-json\/wp\/v2\/pages\/261","targetHints":{"allow":["GET"]}}],"collection":[{"href":"https:\/\/spsro.pl\/index.php\/wp-json\/wp\/v2\/pages"}],"about":[{"href":"https:\/\/spsro.pl\/index.php\/wp-json\/wp\/v2\/types\/page"}],"author":[{"embeddable":true,"href":"https:\/\/spsro.pl\/index.php\/wp-json\/wp\/v2\/users\/1"}],"replies":[{"embeddable":true,"href":"https:\/\/spsro.pl\/index.php\/wp-json\/wp\/v2\/comments?post=261"}],"version-history":[{"count":3,"href":"https:\/\/spsro.pl\/index.php\/wp-json\/wp\/v2\/pages\/261\/revisions"}],"predecessor-version":[{"id":269,"href":"https:\/\/spsro.pl\/index.php\/wp-json\/wp\/v2\/pages\/261\/revisions\/269"}],"up":[{"embeddable":true,"href":"https:\/\/spsro.pl\/index.php\/wp-json\/wp\/v2\/pages\/44"}],"wp:attachment":[{"href":"https:\/\/spsro.pl\/index.php\/wp-json\/wp\/v2\/media?parent=261"}],"curies":[{"name":"wp","href":"https:\/\/api.w.org\/{rel}","templated":true}]}}