{"id":267,"date":"2024-10-21T01:06:50","date_gmt":"2024-10-20T23:06:50","guid":{"rendered":"https:\/\/spsro.pl\/?page_id=267"},"modified":"2024-12-02T00:40:53","modified_gmt":"2024-12-01T23:40:53","slug":"edward-guniewicz","status":"publish","type":"page","link":"https:\/\/spsro.pl\/index.php\/internetowy-katalog-czlonkow-strazackiego-ruchu-oporu-skala\/edward-guniewicz\/","title":{"rendered":"Edward Guniewicz"},"content":{"rendered":"\n<p><strong>1. Imi\u0119 i nazwisko: <\/strong>Edward Czes\u0142aw Guniewicz (b\u0142\u0119dnie pojawia si\u0119 jako Edmund)<\/p>\n\n\n\n<p><strong>2. Pseudonim: <\/strong>b.d.<\/p>\n\n\n\n<p><strong>3. Data i miejsce urodzenia: <\/strong>3.11.1907 r., Radom<\/p>\n\n\n\n<p><strong>4. Data i miejsce \u015bmierci: <\/strong>11.12.1943 r., S\u0142omniki<\/p>\n\n\n\n<p><strong>5. Imiona rodzic\u00f3w: <\/strong>Antoni, Maria Paliszewska<\/p>\n\n\n\n<p><strong>6. Wykszta\u0142cenie:<\/strong> \u015arednie &#8211; 1936 r.<br>Kurs podstawowego wyszkolenia po\u017carniczego I stopnia \u2013 1938 r.; absolwent kursu po\u017carniczego dla kandydat\u00f3w do Korpusu Technicznego ZSP RP realizowanego w Centralnym O\u015brodku Wyszkolenia Po\u017carniczego w Warszawie &#8211; 1939 r., lokata 29.<\/p>\n\n\n\n<p><strong>7. Stopie\u0144<\/strong>:<br><strong>a) w Wojsku Polskim: <\/strong>kapral (pchor.?) &#8211; 1930 r.<br><strong>b) w Stra\u017cy Po\u017carnej: <\/strong>m\u0142odszy instruktor\/podporucznik po\u017carnictwa (1939 r.)<\/p>\n\n\n\n<p><strong>8. Przebieg s\u0142u\u017cby:<\/strong> <br><strong>a) przed 1939: <\/strong>Do szko\u0142y powszechnej ucz\u0119szcza\u0142 w Radomiu, gimnazjum uko\u0144czy\u0142 w Kielcach. W 1928 r. zosta\u0142 powo\u0142any do Wojska Polskiego, gdzie w czasie s\u0142u\u017cby mia\u0142 uko\u0144czy\u0107 szko\u0142\u0119 podoficersk\u0105. Po zwolnieniu z Wojska w 1930 r. od 1932 r. uczy\u0142 si\u0119 na wydziale elektrycznym w 3-letniej Szkole Technicznej w Wilnie. Od ok. 1934 r. pracowa\u0142 jako robotnik w Puszczy Nalibockiej. W 1937 r. zosta\u0142 cz\u0142onkiem OSP w Lublinie. W trakcie pobytu w Lublinie rozpocz\u0105\u0142 studia na Wydziale Prawa i Nauk Spo\u0142eczno-Ekonomicznych Uniwersytetu Lubelskiego.<br><strong>b) w latach 1939-1945:<\/strong> Brak informacji na temat udzia\u0142 w kampanii wrze\u015bniowej. 2.10.1942 r. zosta\u0142 zarekomendowany na stanowisko II powiatowego instruktora po\u017carnictwa w powiecie krakowskim (<em>II Kreisfeuerwehrinstruktor im\u00a0Landkreis Krakau<\/em>), 8.10.1942 r. zosta\u0142 powo\u0142any na instruktora po\u017carnictwa w Landkommissariat My\u015blenice. Aresztowany w listopadzie 1943 r., osadzony w wi\u0119zieniu na Montelupich w Krakowie. 11.12.1943 r. zamordowany przez Niemc\u00f3w w S\u0142omnikach.<br><strong>c) po 1945<\/strong>: &#8211;<\/p>\n\n\n\n<p><strong>9. Dzia\u0142alno\u015b\u0107 w ramach Stra\u017cackiego Ruchu Oporu \u201eSka\u0142a\u201d:<\/strong><br><strong>a) przydzia\u0142: <\/strong>IV Krakowski Okr\u0119g SRO<br><strong>b) pe\u0142nione funkcje: <\/strong>b.d.<\/p>\n\n\n\n<p><strong>10.&nbsp; Dzia\u0142alno\u015b\u0107 w ramach innych organizacji konspiracyjnych:<\/strong> nd.<\/p>\n\n\n\n<p><strong>11. Formy upami\u0119tnienia: <\/strong>&#8211;<\/p>\n\n\n\n<p><strong>12. Odznaczenia: <\/strong>&#8211; <\/p>\n\n\n\n<p><strong>13. Bibliografia<\/strong>:<br>Archiwa: Archiwum KG PSP, <em>akta osobowe sygn<\/em>.<\/p>\n\n\n\n<p>Publikacje:<br>J. \u0141amaszewski, W\u0142. Pilawski, <em>Ksi\u0119ga Pami\u0119ci funkcjonariuszy po\u017carnictwa <\/em><br><em>i stra\u017cak\u00f3w ochotnik\u00f3w 1939-1945<\/em>, Warszawa 1986 r., str. 127; P. Matusak, <em>Stra\u017c Po\u017carna. Warszawskie Termopile 1939-1945<\/em>, Warszawa, 2014 r., str. 90; St. Biele\u0144, B. Kwiatkowska-Basa\u0142aj, J. Pietrzak-Krekora, M. Pie\u0144kowska, A. Sarna, H. Turska, M. Zdanowski,\u00a0<em>Tradycje Szko\u0142y G\u0142\u00f3wnej Po\u017carniczej: monografia systemu kszta\u0142cenia oficer\u00f3w kadr po\u017carniczych 1939-1989,<\/em>\u00a0Warszawa 1989 r., str. 21<\/p>\n\n\n\n<p>Internet:<br><a href=\"https:\/\/www.kul.pl\/lista-studentow-absolwentow-i-pracownikow-kul-ktorzy-zgineli-w-latach-ii-wojny-swiatowej,art_87244.html\">https:\/\/www.kul.pl\/lista-studentow-absolwentow-i-pracownikow-kul-ktorzy-zgineli-w-latach-ii-wojny-swiatowej,art_87244.html<\/a> (dost\u0119p 21.10.2024 r.)<\/p>\n\n\n\n<p>Opr. A. Stefaniak-Guzik<\/p>\n","protected":false},"excerpt":{"rendered":"<p>1. Imi\u0119 i nazwisko: Edward Czes\u0142aw Guniewicz (b\u0142\u0119dnie pojawia si\u0119 jako Edmund) 2. Pseudonim: b.d. 3. Data i miejsce urodzenia:&#8230;<\/p>\n","protected":false},"author":1,"featured_media":0,"parent":44,"menu_order":0,"comment_status":"closed","ping_status":"closed","template":"","meta":{"footnotes":""},"class_list":["post-267","page","type-page","status-publish","hentry"],"_links":{"self":[{"href":"https:\/\/spsro.pl\/index.php\/wp-json\/wp\/v2\/pages\/267","targetHints":{"allow":["GET"]}}],"collection":[{"href":"https:\/\/spsro.pl\/index.php\/wp-json\/wp\/v2\/pages"}],"about":[{"href":"https:\/\/spsro.pl\/index.php\/wp-json\/wp\/v2\/types\/page"}],"author":[{"embeddable":true,"href":"https:\/\/spsro.pl\/index.php\/wp-json\/wp\/v2\/users\/1"}],"replies":[{"embeddable":true,"href":"https:\/\/spsro.pl\/index.php\/wp-json\/wp\/v2\/comments?post=267"}],"version-history":[{"count":1,"href":"https:\/\/spsro.pl\/index.php\/wp-json\/wp\/v2\/pages\/267\/revisions"}],"predecessor-version":[{"id":272,"href":"https:\/\/spsro.pl\/index.php\/wp-json\/wp\/v2\/pages\/267\/revisions\/272"}],"up":[{"embeddable":true,"href":"https:\/\/spsro.pl\/index.php\/wp-json\/wp\/v2\/pages\/44"}],"wp:attachment":[{"href":"https:\/\/spsro.pl\/index.php\/wp-json\/wp\/v2\/media?parent=267"}],"curies":[{"name":"wp","href":"https:\/\/api.w.org\/{rel}","templated":true}]}}