{"id":278,"date":"2024-12-01T22:30:32","date_gmt":"2024-12-01T21:30:32","guid":{"rendered":"https:\/\/spsro.pl\/?page_id=278"},"modified":"2024-12-01T22:31:45","modified_gmt":"2024-12-01T21:31:45","slug":"jan-debicki","status":"publish","type":"page","link":"https:\/\/spsro.pl\/index.php\/internetowy-katalog-czlonkow-strazackiego-ruchu-oporu-skala\/jan-debicki\/","title":{"rendered":"Jan D\u0119bicki"},"content":{"rendered":"<div class=\"wp-block-image\">\n<figure class=\"aligncenter size-large is-resized\"><img loading=\"lazy\" decoding=\"async\" width=\"783\" height=\"1024\" src=\"https:\/\/spsro.pl\/wp-content\/uploads\/2024\/12\/Skan_20240311-\u2014-kopia-783x1024.jpg\" alt=\"\" class=\"wp-image-279\" style=\"width:267px;height:auto\" srcset=\"https:\/\/spsro.pl\/wp-content\/uploads\/2024\/12\/Skan_20240311-\u2014-kopia-783x1024.jpg 783w, https:\/\/spsro.pl\/wp-content\/uploads\/2024\/12\/Skan_20240311-\u2014-kopia-229x300.jpg 229w, https:\/\/spsro.pl\/wp-content\/uploads\/2024\/12\/Skan_20240311-\u2014-kopia-768x1004.jpg 768w, https:\/\/spsro.pl\/wp-content\/uploads\/2024\/12\/Skan_20240311-\u2014-kopia.jpg 855w\" sizes=\"auto, (max-width: 783px) 100vw, 783px\" \/><\/figure>\n<\/div>\n\n\n<p class=\"has-text-align-center\">Ppor. po\u017c. Jan D\u0119bicki<br>Fot. KG PSP<\/p>\n\n\n\n<p><strong>1. Imi\u0119 i nazwisko:\u00a0<\/strong>Jan D\u0119bicki<\/p>\n\n\n\n<p><strong>2. Pseudonim:\u00a0<\/strong>&#8222;Pere\u0142ka&#8221;<\/p>\n\n\n\n<p><strong>3. Data i miejsce urodzenia:\u00a0<\/strong>18.12.1911 r., Nowotaniec<\/p>\n\n\n\n<p><strong>4. Data i miejsce \u015bmierci:\u00a0<\/strong>?<\/p>\n\n\n\n<p><strong>5. Imiona rodzic\u00f3w:<\/strong> Micha\u0142, Maria \u017bmigrodzka<\/p>\n\n\n\n<p><strong>6. Wykszta\u0142cenie:<\/strong>\u00a0\u015brednie &#8211; liceum handlowe<br>I kurs oficerski w Centralnej Szkole Po\u017carniczej w Warszawie \u2013 1943 r., lokata 26\/62.<\/p>\n\n\n\n<p><strong>7. Stopie\u0144<\/strong>:<br><strong>a) w Wojsku Polskim:\u00a0<\/strong>&#8211;<br><strong>b) w Stra\u017cy Po\u017carnej:\u00a0<\/strong>Podporucznik po\u017carnictwa (1943 r.)<\/p>\n\n\n\n<p><strong>8. Przebieg s\u0142u\u017cby:<\/strong><br><strong>a) przed 1939:<\/strong>\u00a0Po uko\u0144czeniu liceum handlowego wst\u0105pi\u0142 w 1930 r. do Ochotniczej Stra\u017cy Po\u017carnej w Nowota\u0144cu. W po\u0142owie 1932 r. zosta\u0142 komendantem tej jednostki. W latach 1933-1934 by\u0142 komendantem fabrycznej stra\u017cy po\u017carnej w Nowota\u0144cu, w latach 1934-1936 komendant fabrycznej stra\u017cy po\u017carnej w Przemy\u015blu, a w latach 1936-1939 w Warszawie. <br><strong>b) w latach 1939-1945:\u00a0<\/strong>Prawdopodobnie uczestniczy\u0142 w obronie Warszawy w ramach Po\u017carniczego O\u015brodka Obrony Warszawy. W 1940 r. zosta\u0142 mianowany p.o. powiatowego instruktora po\u017carnictwa w powiecie przemyskim. W okresie od 20.09.1942 r. do 28.02.1943 r. uczestniczy\u0142 w I kursie oficerskim w Centralnej Szkole Po\u017carniczej w Warszawie. Po uko\u0144czeniu kursu mianowany II powiatowym instruktorem po\u017carnictwa w powiecie tarnowskim. Wg L. Korzewnikjanca ramach IV Okr\u0119gu &#8222;Ska\u0142y&#8221; mia\u0142 pe\u0142ni\u0107 funkcj\u0119 szefa grupy dyspozycyjnej &#8222;Ska\u0142y&#8221; w Okr\u0119gu Krakowskim oraz szefa zaopatrzenia. Aresztowany w listopadzie 1943 r. w ramach &#8222;wsypy krakowskiej&#8221;. Najprawdopodobniej wi\u0119ziony w wi\u0119zieniu na Montelupich w Krakowie. Na chwil\u0119 obecn\u0105 (1.12.2024 r.) zamordowany przez Niemc\u00f3w w bli\u017cej nieokre\u015blonym miejscu i czasie. Wymieniony na afiszu \u015bmierci z dnia 24 stycznia 1944 r. z tytu\u0142u &#8222;nielegalnej dzia\u0142alno\u015bci&#8221;.<br><strong>c) po 1945<\/strong>: \u2013<\/p>\n\n\n\n<p><strong>9. Dzia\u0142alno\u015b\u0107 w ramach Stra\u017cackiego Ruchu Oporu \u201eSka\u0142a\u201d:<\/strong><br><strong>a) przydzia\u0142:\u00a0<\/strong>IV Krakowski Okr\u0119g SRO<br><strong>b) pe\u0142nione funkcje:<\/strong>\u00a0Szef grupy dyspozycyjnej &#8222;Ska\u0142y&#8221; na Okr\u0119g Krak\u00f3w oraz zaopatrzenia (?)<\/p>\n\n\n\n<p><strong>10.\u00a0 Dzia\u0142alno\u015b\u0107 w ramach innych organizacji konspiracyjnych:<\/strong>\u00a0&#8211;<\/p>\n\n\n\n<p><strong>11. Formy upami\u0119tnienia:<\/strong> &#8211; <\/p>\n\n\n\n<p><strong>12. Odznaczenia:\u00a0<\/strong>&#8211;<\/p>\n\n\n\n<p><strong>13. Bibliografia<\/strong><br>Archiwa: Archiwum KG PSP,\u00a0<em>akta osobowe<\/em>\u00a0sygn. T-112, Archiwum Muzeum Powstania Warszawskiego, L. Korzewnikjanc,<em>\u00a0Relacja z powo\u0142ania konspiracyjnej organizacji Wojskowej pod nazw\u0105 Stra\u017cacki Ruch Oporu \u201eSka\u0142a\u201d<\/em>, mps., Warszawa 1966 r. w:\u00a0<em>Spu\u015bcizna po Januszu Wi\u015bniewskim, sygn. P.7720<\/em>; <\/p>\n\n\n\n<p>Publikacje:<br>St. D\u0105browa \u2013 Kostka,\u00a0<em>Hitlerowskie Afisze \u015amierci<\/em>, Krak\u00f3w 1983 r., str. 206, 395; St. Biele\u0144, B. Kwiatkowska-Basa\u0142aj, J. Pietrzak-Krekora, M. Pie\u0144kowska, A. Sarna, H. Turska, M. Zdanowski,\u00a0<em>Tradycje Szko\u0142y G\u0142\u00f3wnej Po\u017carniczej: monografia systemu kszta\u0142cenia oficer\u00f3w kadr po\u017carniczych 1939-1989,<\/em>\u00a0Warszawa 1989 r., str. 27; J. \u0141amaszewski, W\u0142. Pilawski,\u00a0<em>Ksi\u0119ga pami\u0119ci funkcjonariuszy po\u017carnictwa i stra\u017cak\u00f3w ochotnik\u00f3w 1939-1945<\/em>, Warszawa 1986 r., str. 224;\u00a0P. Matusak,\u00a0<em>Stra\u017c Po\u017carna. Warszawskie Termopile 1939-1945<\/em>, Warszawa, 2014 r., str. 151.<\/p>\n\n\n\n<p><\/p>\n\n\n\n<p>Opr. A. Stefaniak-Guzik<\/p>\n\n\n\n<p><\/p>\n","protected":false},"excerpt":{"rendered":"<p>Ppor. po\u017c. Jan D\u0119bickiFot. KG PSP 1. Imi\u0119 i nazwisko:\u00a0Jan D\u0119bicki 2. Pseudonim:\u00a0&#8222;Pere\u0142ka&#8221; 3. Data i miejsce urodzenia:\u00a018.12.1911 r., Nowotaniec&#8230;<\/p>\n","protected":false},"author":1,"featured_media":0,"parent":44,"menu_order":0,"comment_status":"closed","ping_status":"closed","template":"","meta":{"footnotes":""},"class_list":["post-278","page","type-page","status-publish","hentry"],"_links":{"self":[{"href":"https:\/\/spsro.pl\/index.php\/wp-json\/wp\/v2\/pages\/278","targetHints":{"allow":["GET"]}}],"collection":[{"href":"https:\/\/spsro.pl\/index.php\/wp-json\/wp\/v2\/pages"}],"about":[{"href":"https:\/\/spsro.pl\/index.php\/wp-json\/wp\/v2\/types\/page"}],"author":[{"embeddable":true,"href":"https:\/\/spsro.pl\/index.php\/wp-json\/wp\/v2\/users\/1"}],"replies":[{"embeddable":true,"href":"https:\/\/spsro.pl\/index.php\/wp-json\/wp\/v2\/comments?post=278"}],"version-history":[{"count":2,"href":"https:\/\/spsro.pl\/index.php\/wp-json\/wp\/v2\/pages\/278\/revisions"}],"predecessor-version":[{"id":281,"href":"https:\/\/spsro.pl\/index.php\/wp-json\/wp\/v2\/pages\/278\/revisions\/281"}],"up":[{"embeddable":true,"href":"https:\/\/spsro.pl\/index.php\/wp-json\/wp\/v2\/pages\/44"}],"wp:attachment":[{"href":"https:\/\/spsro.pl\/index.php\/wp-json\/wp\/v2\/media?parent=278"}],"curies":[{"name":"wp","href":"https:\/\/api.w.org\/{rel}","templated":true}]}}