{"id":297,"date":"2024-12-02T00:49:38","date_gmt":"2024-12-01T23:49:38","guid":{"rendered":"https:\/\/spsro.pl\/?page_id=297"},"modified":"2024-12-04T22:50:39","modified_gmt":"2024-12-04T21:50:39","slug":"nowy-targ","status":"publish","type":"page","link":"https:\/\/spsro.pl\/index.php\/o-skale\/miejsca-pamieci\/wojewodztwo-malopolskie\/nowy-targ\/","title":{"rendered":"Nowy Targ"},"content":{"rendered":"\n<p><strong>Cmentarz Komunalny w Nowym Targu<br>ul. Skotnica 9, 34-400 Nowy Targ<\/strong><\/p>\n\n\n\n<p class=\"has-text-align-center\"><strong>Symboliczny gr\u00f3b ppor. po\u017c. <a href=\"https:\/\/spsro.pl\/index.php\/internetowy-katalog-czlonkow-strazackiego-ruchu-oporu-skala\/tadeusz-baran\/\" data-type=\"page\" data-id=\"127\">Tadeusza Barana<\/a><\/strong><br>lokalizacja grobu: kwatera 20, gr\u00f3b nr 17<\/p>\n\n\n<div class=\"wp-block-image\">\n<figure class=\"aligncenter size-large is-resized\"><img loading=\"lazy\" decoding=\"async\" width=\"755\" height=\"1024\" src=\"https:\/\/spsro.pl\/wp-content\/uploads\/2024\/12\/20230504_174141-1-755x1024.jpg\" alt=\"\" class=\"wp-image-305\" style=\"width:588px;height:auto\" srcset=\"https:\/\/spsro.pl\/wp-content\/uploads\/2024\/12\/20230504_174141-1-755x1024.jpg 755w, https:\/\/spsro.pl\/wp-content\/uploads\/2024\/12\/20230504_174141-1-221x300.jpg 221w, https:\/\/spsro.pl\/wp-content\/uploads\/2024\/12\/20230504_174141-1-768x1042.jpg 768w, https:\/\/spsro.pl\/wp-content\/uploads\/2024\/12\/20230504_174141-1-1133x1536.jpg 1133w, https:\/\/spsro.pl\/wp-content\/uploads\/2024\/12\/20230504_174141-1-1510x2048.jpg 1510w, https:\/\/spsro.pl\/wp-content\/uploads\/2024\/12\/20230504_174141-1-scaled.jpg 1888w\" sizes=\"auto, (max-width: 755px) 100vw, 755px\" \/><\/figure>\n<\/div>","protected":false},"excerpt":{"rendered":"<p>Cmentarz Komunalny w Nowym Targuul. Skotnica 9, 34-400 Nowy Targ Symboliczny gr\u00f3b ppor. po\u017c. Tadeusza Baranalokalizacja grobu: kwatera 20, gr\u00f3b&#8230;<\/p>\n","protected":false},"author":1,"featured_media":0,"parent":284,"menu_order":0,"comment_status":"closed","ping_status":"closed","template":"","meta":{"footnotes":""},"class_list":["post-297","page","type-page","status-publish","hentry"],"_links":{"self":[{"href":"https:\/\/spsro.pl\/index.php\/wp-json\/wp\/v2\/pages\/297","targetHints":{"allow":["GET"]}}],"collection":[{"href":"https:\/\/spsro.pl\/index.php\/wp-json\/wp\/v2\/pages"}],"about":[{"href":"https:\/\/spsro.pl\/index.php\/wp-json\/wp\/v2\/types\/page"}],"author":[{"embeddable":true,"href":"https:\/\/spsro.pl\/index.php\/wp-json\/wp\/v2\/users\/1"}],"replies":[{"embeddable":true,"href":"https:\/\/spsro.pl\/index.php\/wp-json\/wp\/v2\/comments?post=297"}],"version-history":[{"count":3,"href":"https:\/\/spsro.pl\/index.php\/wp-json\/wp\/v2\/pages\/297\/revisions"}],"predecessor-version":[{"id":370,"href":"https:\/\/spsro.pl\/index.php\/wp-json\/wp\/v2\/pages\/297\/revisions\/370"}],"up":[{"embeddable":true,"href":"https:\/\/spsro.pl\/index.php\/wp-json\/wp\/v2\/pages\/284"}],"wp:attachment":[{"href":"https:\/\/spsro.pl\/index.php\/wp-json\/wp\/v2\/media?parent=297"}],"curies":[{"name":"wp","href":"https:\/\/api.w.org\/{rel}","templated":true}]}}