{"id":313,"date":"2024-12-02T01:21:05","date_gmt":"2024-12-02T00:21:05","guid":{"rendered":"https:\/\/spsro.pl\/?page_id=313"},"modified":"2024-12-04T23:05:35","modified_gmt":"2024-12-04T22:05:35","slug":"slomniki","status":"publish","type":"page","link":"https:\/\/spsro.pl\/index.php\/o-skale\/miejsca-pamieci\/wojewodztwo-malopolskie\/slomniki\/","title":{"rendered":"S\u0142omniki"},"content":{"rendered":"\n<p><strong>Cmentarz Parafialny w S\u0142omnikach<br>Ul. S\u0142owackiego 2a, 32-090 S\u0142omniki<\/strong><\/p>\n\n\n\n<p class=\"has-text-align-center\"><strong>Zbiorowa mogi\u0142a zamordowanych cz\u0142onk\u00f3w Stra\u017cackiego Ruchu Oporu: <a href=\"https:\/\/spsro.pl\/index.php\/internetowy-katalog-czlonkow-strazackiego-ruchu-oporu-skala\/tadeusz-baran\/\" data-type=\"page\" data-id=\"127\">Tadeusza Barana<\/a>; Eugeniusza Go\u0142awskiego,<a href=\"https:\/\/spsro.pl\/index.php\/internetowy-katalog-czlonkow-strazackiego-ruchu-oporu-skala\/edward-guniewicz\/\" data-type=\"page\" data-id=\"267\"> Edwarda Guniewicza<\/a> oraz nn., zamordowanych 12.11.1943 r.<\/strong><br>lokalizacja grobu: kwatera C<\/p>\n\n\n<div class=\"wp-block-image\">\n<figure class=\"aligncenter size-large\"><img loading=\"lazy\" decoding=\"async\" width=\"1024\" height=\"768\" src=\"https:\/\/spsro.pl\/wp-content\/uploads\/2024\/12\/406765642_320033507519493_8254314896433099257_n-1024x768.jpg\" alt=\"\" class=\"wp-image-319\" srcset=\"https:\/\/spsro.pl\/wp-content\/uploads\/2024\/12\/406765642_320033507519493_8254314896433099257_n-1024x768.jpg 1024w, https:\/\/spsro.pl\/wp-content\/uploads\/2024\/12\/406765642_320033507519493_8254314896433099257_n-300x225.jpg 300w, https:\/\/spsro.pl\/wp-content\/uploads\/2024\/12\/406765642_320033507519493_8254314896433099257_n-768x576.jpg 768w, https:\/\/spsro.pl\/wp-content\/uploads\/2024\/12\/406765642_320033507519493_8254314896433099257_n-1536x1152.jpg 1536w, https:\/\/spsro.pl\/wp-content\/uploads\/2024\/12\/406765642_320033507519493_8254314896433099257_n-800x600.jpg 800w, https:\/\/spsro.pl\/wp-content\/uploads\/2024\/12\/406765642_320033507519493_8254314896433099257_n-1200x900.jpg 1200w, https:\/\/spsro.pl\/wp-content\/uploads\/2024\/12\/406765642_320033507519493_8254314896433099257_n.jpg 2048w\" sizes=\"auto, (max-width: 1024px) 100vw, 1024px\" \/><\/figure>\n<\/div>\n\n\n<p class=\"has-text-align-center\">Gr\u00f3b zosta\u0142 wpisany do ewidencji grob\u00f3w wojennych zlokalizowanych na terenie wojew\u00f3dztwa ma\u0142opolskiego pod numerem ewidencyjnym 1206120-001<br><\/p>\n\n\n\n<p><\/p>\n","protected":false},"excerpt":{"rendered":"<p>Cmentarz Parafialny w S\u0142omnikachUl. S\u0142owackiego 2a, 32-090 S\u0142omniki Zbiorowa mogi\u0142a zamordowanych cz\u0142onk\u00f3w Stra\u017cackiego Ruchu Oporu: Tadeusza Barana; Eugeniusza Go\u0142awskiego, Edwarda&#8230;<\/p>\n","protected":false},"author":1,"featured_media":0,"parent":284,"menu_order":0,"comment_status":"closed","ping_status":"closed","template":"","meta":{"footnotes":""},"class_list":["post-313","page","type-page","status-publish","hentry"],"_links":{"self":[{"href":"https:\/\/spsro.pl\/index.php\/wp-json\/wp\/v2\/pages\/313","targetHints":{"allow":["GET"]}}],"collection":[{"href":"https:\/\/spsro.pl\/index.php\/wp-json\/wp\/v2\/pages"}],"about":[{"href":"https:\/\/spsro.pl\/index.php\/wp-json\/wp\/v2\/types\/page"}],"author":[{"embeddable":true,"href":"https:\/\/spsro.pl\/index.php\/wp-json\/wp\/v2\/users\/1"}],"replies":[{"embeddable":true,"href":"https:\/\/spsro.pl\/index.php\/wp-json\/wp\/v2\/comments?post=313"}],"version-history":[{"count":4,"href":"https:\/\/spsro.pl\/index.php\/wp-json\/wp\/v2\/pages\/313\/revisions"}],"predecessor-version":[{"id":374,"href":"https:\/\/spsro.pl\/index.php\/wp-json\/wp\/v2\/pages\/313\/revisions\/374"}],"up":[{"embeddable":true,"href":"https:\/\/spsro.pl\/index.php\/wp-json\/wp\/v2\/pages\/284"}],"wp:attachment":[{"href":"https:\/\/spsro.pl\/index.php\/wp-json\/wp\/v2\/media?parent=313"}],"curies":[{"name":"wp","href":"https:\/\/api.w.org\/{rel}","templated":true}]}}