{"id":321,"date":"2024-12-02T01:30:16","date_gmt":"2024-12-02T00:30:16","guid":{"rendered":"https:\/\/spsro.pl\/?page_id=321"},"modified":"2024-12-04T23:08:25","modified_gmt":"2024-12-04T22:08:25","slug":"powiat-nowosadecki","status":"publish","type":"page","link":"https:\/\/spsro.pl\/index.php\/o-skale\/miejsca-pamieci\/wojewodztwo-malopolskie\/powiat-nowosadecki\/","title":{"rendered":"Nowy S\u0105cz"},"content":{"rendered":"\n<p><strong>Cmentarz Zas\u0142u\u017conych w Nowym S\u0105czu<\/strong><br><strong>Aleje Wolno\u015bci 19, 33-300 Nowy S\u0105cz<\/strong><\/p>\n\n\n\n<p class=\"has-text-align-center\"><strong>Zbiorowa mogi\u0142a w kt\u00f3rej pochowano <a href=\"https:\/\/spsro.pl\/index.php\/internetowy-katalog-czlonkow-strazackiego-ruchu-oporu-skala\/stanislaw-mazan\/\" data-type=\"page\" data-id=\"198\">Stanis\u0142awa Mazana<\/a>, <a href=\"https:\/\/spsro.pl\/index.php\/internetowy-katalog-czlonkow-strazackiego-ruchu-oporu-skala\/bronislaw-piwowar\/\" data-type=\"page\" data-id=\"252\">Bronis\u0142awa Piwowara<\/a> oraz Mieczys\u0142awa W\u0119drychowskiego.<\/strong><\/p>\n\n\n<div class=\"wp-block-image\">\n<figure class=\"aligncenter size-large is-resized\"><img loading=\"lazy\" decoding=\"async\" width=\"768\" height=\"1024\" src=\"https:\/\/spsro.pl\/wp-content\/uploads\/2024\/12\/419229423_338665758989601_1169718532044077640_n-768x1024.jpg\" alt=\"\" class=\"wp-image-328\" style=\"width:579px;height:auto\" srcset=\"https:\/\/spsro.pl\/wp-content\/uploads\/2024\/12\/419229423_338665758989601_1169718532044077640_n-768x1024.jpg 768w, https:\/\/spsro.pl\/wp-content\/uploads\/2024\/12\/419229423_338665758989601_1169718532044077640_n-225x300.jpg 225w, https:\/\/spsro.pl\/wp-content\/uploads\/2024\/12\/419229423_338665758989601_1169718532044077640_n-1152x1536.jpg 1152w, https:\/\/spsro.pl\/wp-content\/uploads\/2024\/12\/419229423_338665758989601_1169718532044077640_n.jpg 1536w\" sizes=\"auto, (max-width: 768px) 100vw, 768px\" \/><\/figure>\n<\/div>\n\n\n<p class=\"has-text-align-center\">Gr\u00f3b zosta\u0142 wpisany do ewidencji grob\u00f3w wojennych zlokalizowanych na terenie wojew\u00f3dztwa ma\u0142opolskiego pod numerem ewidencyjnym 1262010-008<br><\/p>\n\n\n\n<p><\/p>\n","protected":false},"excerpt":{"rendered":"<p>Cmentarz Zas\u0142u\u017conych w Nowym S\u0105czuAleje Wolno\u015bci 19, 33-300 Nowy S\u0105cz Zbiorowa mogi\u0142a w kt\u00f3rej pochowano Stanis\u0142awa Mazana, Bronis\u0142awa Piwowara oraz&#8230;<\/p>\n","protected":false},"author":1,"featured_media":0,"parent":284,"menu_order":0,"comment_status":"closed","ping_status":"closed","template":"","meta":{"footnotes":""},"class_list":["post-321","page","type-page","status-publish","hentry"],"_links":{"self":[{"href":"https:\/\/spsro.pl\/index.php\/wp-json\/wp\/v2\/pages\/321","targetHints":{"allow":["GET"]}}],"collection":[{"href":"https:\/\/spsro.pl\/index.php\/wp-json\/wp\/v2\/pages"}],"about":[{"href":"https:\/\/spsro.pl\/index.php\/wp-json\/wp\/v2\/types\/page"}],"author":[{"embeddable":true,"href":"https:\/\/spsro.pl\/index.php\/wp-json\/wp\/v2\/users\/1"}],"replies":[{"embeddable":true,"href":"https:\/\/spsro.pl\/index.php\/wp-json\/wp\/v2\/comments?post=321"}],"version-history":[{"count":5,"href":"https:\/\/spsro.pl\/index.php\/wp-json\/wp\/v2\/pages\/321\/revisions"}],"predecessor-version":[{"id":375,"href":"https:\/\/spsro.pl\/index.php\/wp-json\/wp\/v2\/pages\/321\/revisions\/375"}],"up":[{"embeddable":true,"href":"https:\/\/spsro.pl\/index.php\/wp-json\/wp\/v2\/pages\/284"}],"wp:attachment":[{"href":"https:\/\/spsro.pl\/index.php\/wp-json\/wp\/v2\/media?parent=321"}],"curies":[{"name":"wp","href":"https:\/\/api.w.org\/{rel}","templated":true}]}}