{"id":345,"date":"2024-12-04T22:12:31","date_gmt":"2024-12-04T21:12:31","guid":{"rendered":"https:\/\/spsro.pl\/?page_id=345"},"modified":"2024-12-04T22:46:56","modified_gmt":"2024-12-04T21:46:56","slug":"krakow","status":"publish","type":"page","link":"https:\/\/spsro.pl\/index.php\/o-skale\/miejsca-pamieci\/wojewodztwo-malopolskie\/krakow\/","title":{"rendered":"Krak\u00f3w"},"content":{"rendered":"\n<p><strong>Cmentarz Wojskowy<br>Ul. J. Prandoty 1, 31-510 Krak\u00f3w<\/strong><\/p>\n\n\n\n<p class=\"has-text-align-center\"><strong>Gr\u00f3b pp\u0142k-a po\u017c. Bronis\u0142awa Budyna<\/strong><br>lokalizacja grobu: kwatera PAS E, rz\u0105d I, miejsce 27\u00a0\u00a0<strong>\u00a0<\/strong><\/p>\n\n\n<div class=\"wp-block-image\">\n<figure class=\"aligncenter size-large is-resized\"><img loading=\"lazy\" decoding=\"async\" width=\"839\" height=\"1024\" src=\"https:\/\/spsro.pl\/wp-content\/uploads\/2024\/12\/356735543_6764320446935461_4780363392261884228_n-1-839x1024.jpg\" alt=\"\" class=\"wp-image-347\" style=\"width:508px;height:auto\" srcset=\"https:\/\/spsro.pl\/wp-content\/uploads\/2024\/12\/356735543_6764320446935461_4780363392261884228_n-1-839x1024.jpg 839w, https:\/\/spsro.pl\/wp-content\/uploads\/2024\/12\/356735543_6764320446935461_4780363392261884228_n-1-246x300.jpg 246w, https:\/\/spsro.pl\/wp-content\/uploads\/2024\/12\/356735543_6764320446935461_4780363392261884228_n-1-768x937.jpg 768w, https:\/\/spsro.pl\/wp-content\/uploads\/2024\/12\/356735543_6764320446935461_4780363392261884228_n-1-1259x1536.jpg 1259w, https:\/\/spsro.pl\/wp-content\/uploads\/2024\/12\/356735543_6764320446935461_4780363392261884228_n-1.jpg 1678w\" sizes=\"auto, (max-width: 839px) 100vw, 839px\" \/><\/figure>\n<\/div>\n\n\n<p><br><strong>Cmentarz Rakowicki<br>Rakowicka 26, 31-510 Krak\u00f3w<\/strong><\/p>\n\n\n\n<p class=\"has-text-align-center\"><strong>Gr\u00f3b Mariana Filipka<\/strong><br>lokalizacja grobu: kwatera XX, rz\u0105d. Zach., miejsce 6,7<\/p>\n\n\n<div class=\"wp-block-image\">\n<figure class=\"aligncenter size-full is-resized\"><img loading=\"lazy\" decoding=\"async\" width=\"845\" height=\"1024\" src=\"https:\/\/spsro.pl\/wp-content\/uploads\/2024\/12\/image-1.png\" alt=\"\" class=\"wp-image-364\" style=\"width:506px;height:auto\" srcset=\"https:\/\/spsro.pl\/wp-content\/uploads\/2024\/12\/image-1.png 845w, https:\/\/spsro.pl\/wp-content\/uploads\/2024\/12\/image-1-248x300.png 248w, https:\/\/spsro.pl\/wp-content\/uploads\/2024\/12\/image-1-768x931.png 768w\" sizes=\"auto, (max-width: 845px) 100vw, 845px\" \/><\/figure>\n<\/div>\n\n\n<p class=\"has-text-align-center\"><strong>Gr\u00f3b p\u0142k. po\u017c. Eugeniusza Rusieckiego<\/strong><br>lokalizacja grobu: kwatera\u00a0XXVIIIC, rz\u0105d\u00a07, miejsce\u00a011<\/p>\n\n\n<div class=\"wp-block-image\">\n<figure class=\"aligncenter size-large is-resized\"><img loading=\"lazy\" decoding=\"async\" width=\"762\" height=\"1024\" src=\"https:\/\/spsro.pl\/wp-content\/uploads\/2024\/12\/305532680_578006130732143_1407435072771376008_n-1-762x1024.jpg\" alt=\"\" class=\"wp-image-349\" style=\"width:510px;height:auto\" srcset=\"https:\/\/spsro.pl\/wp-content\/uploads\/2024\/12\/305532680_578006130732143_1407435072771376008_n-1-762x1024.jpg 762w, https:\/\/spsro.pl\/wp-content\/uploads\/2024\/12\/305532680_578006130732143_1407435072771376008_n-1-223x300.jpg 223w, https:\/\/spsro.pl\/wp-content\/uploads\/2024\/12\/305532680_578006130732143_1407435072771376008_n-1-768x1032.jpg 768w, https:\/\/spsro.pl\/wp-content\/uploads\/2024\/12\/305532680_578006130732143_1407435072771376008_n-1-1143x1536.jpg 1143w, https:\/\/spsro.pl\/wp-content\/uploads\/2024\/12\/305532680_578006130732143_1407435072771376008_n-1.jpg 1488w\" sizes=\"auto, (max-width: 762px) 100vw, 762px\" \/><\/figure>\n<\/div>\n\n\n<p class=\"has-text-align-center\"><strong>Gr\u00f3b pp\u0142k-a po\u017c. Edwarda \u017bo\u0142dani<\/strong><br>lokalizacja grobu: kwatera BD, rz\u0105d 8, miejsce 1<\/p>\n\n\n<div class=\"wp-block-image\">\n<figure class=\"aligncenter size-large is-resized\"><img loading=\"lazy\" decoding=\"async\" width=\"768\" height=\"1024\" src=\"https:\/\/spsro.pl\/wp-content\/uploads\/2024\/12\/357333668_271875995452929_2982964657257496758_n-768x1024.jpg\" alt=\"\" class=\"wp-image-351\" style=\"width:466px;height:auto\" srcset=\"https:\/\/spsro.pl\/wp-content\/uploads\/2024\/12\/357333668_271875995452929_2982964657257496758_n-768x1024.jpg 768w, https:\/\/spsro.pl\/wp-content\/uploads\/2024\/12\/357333668_271875995452929_2982964657257496758_n-225x300.jpg 225w, https:\/\/spsro.pl\/wp-content\/uploads\/2024\/12\/357333668_271875995452929_2982964657257496758_n-1152x1536.jpg 1152w, https:\/\/spsro.pl\/wp-content\/uploads\/2024\/12\/357333668_271875995452929_2982964657257496758_n.jpg 1536w\" sizes=\"auto, (max-width: 768px) 100vw, 768px\" \/><\/figure>\n<\/div>\n\n\n<p><\/p>\n","protected":false},"excerpt":{"rendered":"<p>Cmentarz WojskowyUl. J. Prandoty 1, 31-510 Krak\u00f3w Gr\u00f3b pp\u0142k-a po\u017c. Bronis\u0142awa Budynalokalizacja grobu: kwatera PAS E, rz\u0105d I, miejsce 27\u00a0\u00a0\u00a0&#8230;<\/p>\n","protected":false},"author":1,"featured_media":0,"parent":284,"menu_order":0,"comment_status":"closed","ping_status":"closed","template":"","meta":{"footnotes":""},"class_list":["post-345","page","type-page","status-publish","hentry"],"_links":{"self":[{"href":"https:\/\/spsro.pl\/index.php\/wp-json\/wp\/v2\/pages\/345","targetHints":{"allow":["GET"]}}],"collection":[{"href":"https:\/\/spsro.pl\/index.php\/wp-json\/wp\/v2\/pages"}],"about":[{"href":"https:\/\/spsro.pl\/index.php\/wp-json\/wp\/v2\/types\/page"}],"author":[{"embeddable":true,"href":"https:\/\/spsro.pl\/index.php\/wp-json\/wp\/v2\/users\/1"}],"replies":[{"embeddable":true,"href":"https:\/\/spsro.pl\/index.php\/wp-json\/wp\/v2\/comments?post=345"}],"version-history":[{"count":3,"href":"https:\/\/spsro.pl\/index.php\/wp-json\/wp\/v2\/pages\/345\/revisions"}],"predecessor-version":[{"id":366,"href":"https:\/\/spsro.pl\/index.php\/wp-json\/wp\/v2\/pages\/345\/revisions\/366"}],"up":[{"embeddable":true,"href":"https:\/\/spsro.pl\/index.php\/wp-json\/wp\/v2\/pages\/284"}],"wp:attachment":[{"href":"https:\/\/spsro.pl\/index.php\/wp-json\/wp\/v2\/media?parent=345"}],"curies":[{"name":"wp","href":"https:\/\/api.w.org\/{rel}","templated":true}]}}