{"id":354,"date":"2024-12-04T22:47:12","date_gmt":"2024-12-04T21:47:12","guid":{"rendered":"https:\/\/spsro.pl\/?page_id=354"},"modified":"2024-12-04T23:09:18","modified_gmt":"2024-12-04T22:09:18","slug":"warszawa","status":"publish","type":"page","link":"https:\/\/spsro.pl\/index.php\/o-skale\/miejsca-pamieci\/wojewodztwo-mazowieckie\/warszawa\/","title":{"rendered":"Warszawa"},"content":{"rendered":"\n<p><strong>Cmentarz Wojskowy na Pow\u0105zkach <\/strong><br><strong>Pow\u0105zkowska 43\/45, 01-797 Warszawa<\/strong><\/p>\n\n\n\n<p class=\"has-text-align-center\"><strong>Gr\u00f3b pp\u0142k-a po\u017c. Stanis\u0142awa Gieysztora<\/strong><br>lokalizacja grobu: kwatera A 22, rz\u0105d TUJE, gr\u00f3b \u00bd.<\/p>\n\n\n\n<figure class=\"wp-block-image size-large\"><img loading=\"lazy\" decoding=\"async\" width=\"1024\" height=\"683\" src=\"https:\/\/spsro.pl\/wp-content\/uploads\/2024\/12\/464789875_862800662704929_7328417199265404234_n-1-1024x683.jpg\" alt=\"\" class=\"wp-image-356\" srcset=\"https:\/\/spsro.pl\/wp-content\/uploads\/2024\/12\/464789875_862800662704929_7328417199265404234_n-1-1024x683.jpg 1024w, https:\/\/spsro.pl\/wp-content\/uploads\/2024\/12\/464789875_862800662704929_7328417199265404234_n-1-300x200.jpg 300w, https:\/\/spsro.pl\/wp-content\/uploads\/2024\/12\/464789875_862800662704929_7328417199265404234_n-1-768x512.jpg 768w, https:\/\/spsro.pl\/wp-content\/uploads\/2024\/12\/464789875_862800662704929_7328417199265404234_n-1-1536x1025.jpg 1536w, https:\/\/spsro.pl\/wp-content\/uploads\/2024\/12\/464789875_862800662704929_7328417199265404234_n-1.jpg 2048w\" sizes=\"auto, (max-width: 1024px) 100vw, 1024px\" \/><\/figure>\n\n\n\n<p class=\"has-text-align-center\">Gr\u00f3b St. Gieysztora 12.06.2023 r. zosta\u0142 wpisany do ewidencji grob\u00f3w weteran\u00f3w walk o wolno\u015b\u0107 i niepodleg\u0142o\u015b\u0107 Polski pod numerem ewidencyjnym 6157<\/p>\n\n\n\n<p class=\"has-text-align-center\"><strong>Gr\u00f3b p\u0142k-a po\u017c. Augustyna Jaworskiego<\/strong><br>lokalizacja grobu: kwatera B 28, rz\u0105d 1, gr\u00f3b nr 8<\/p>\n\n\n<div class=\"wp-block-image\">\n<figure class=\"aligncenter size-large is-resized\"><img loading=\"lazy\" decoding=\"async\" width=\"768\" height=\"1024\" src=\"https:\/\/spsro.pl\/wp-content\/uploads\/2024\/12\/20230929_141144-1-768x1024.jpg\" alt=\"\" class=\"wp-image-359\" style=\"width:527px;height:auto\" srcset=\"https:\/\/spsro.pl\/wp-content\/uploads\/2024\/12\/20230929_141144-1-768x1024.jpg 768w, https:\/\/spsro.pl\/wp-content\/uploads\/2024\/12\/20230929_141144-1-225x300.jpg 225w, https:\/\/spsro.pl\/wp-content\/uploads\/2024\/12\/20230929_141144-1-1152x1536.jpg 1152w, https:\/\/spsro.pl\/wp-content\/uploads\/2024\/12\/20230929_141144-1-1536x2048.jpg 1536w, https:\/\/spsro.pl\/wp-content\/uploads\/2024\/12\/20230929_141144-1-scaled.jpg 1920w\" sizes=\"auto, (max-width: 768px) 100vw, 768px\" \/><\/figure>\n<\/div>\n\n\n<p class=\"has-text-align-center\">Gr\u00f3b A. Jaworskiego 23.02.2024 r. zosta\u0142 wpisany do ewidencji grob\u00f3w weteran\u00f3w walk o wolno\u015b\u0107 i niepodleg\u0142o\u015b\u0107 Polski pod numerem ewidencyjnym 7530<\/p>\n\n\n\n<p class=\"has-text-align-center\"><strong>Gr\u00f3b <a href=\"https:\/\/spsro.pl\/index.php\/internetowy-katalog-czlonkow-strazackiego-ruchu-oporu-skala\/leopold-kiersznowski\/\" data-type=\"page\" data-id=\"141\">mjr-a Leopolda Kiersznowskiego<\/a><\/strong><br>lokalizacja grobu: kwatera B 28, rz\u0105d 1, gr\u00f3b 9<\/p>\n\n\n<div class=\"wp-block-image\">\n<figure class=\"aligncenter size-large is-resized\"><img loading=\"lazy\" decoding=\"async\" width=\"768\" height=\"1024\" src=\"https:\/\/spsro.pl\/wp-content\/uploads\/2024\/12\/20230929_141150-1-768x1024.jpg\" alt=\"\" class=\"wp-image-362\" style=\"width:476px;height:auto\" srcset=\"https:\/\/spsro.pl\/wp-content\/uploads\/2024\/12\/20230929_141150-1-768x1024.jpg 768w, https:\/\/spsro.pl\/wp-content\/uploads\/2024\/12\/20230929_141150-1-225x300.jpg 225w, https:\/\/spsro.pl\/wp-content\/uploads\/2024\/12\/20230929_141150-1-1152x1536.jpg 1152w, https:\/\/spsro.pl\/wp-content\/uploads\/2024\/12\/20230929_141150-1-1536x2048.jpg 1536w, https:\/\/spsro.pl\/wp-content\/uploads\/2024\/12\/20230929_141150-1-scaled.jpg 1920w\" sizes=\"auto, (max-width: 768px) 100vw, 768px\" \/><\/figure>\n<\/div>\n\n\n<p class=\"has-text-align-center\"><strong>Gr\u00f3b p\u0142k-a po\u017c. Leona Korzewnikjanca<\/strong><br>lokalizacja grobu: kwatera B 28, rz\u0105d 1, gr\u00f3b 14<\/p>\n\n\n<div class=\"wp-block-image\">\n<figure class=\"aligncenter is-resized\"><img decoding=\"async\" src=\"https:\/\/scontent-waw2-1.xx.fbcdn.net\/v\/t39.30808-6\/413931837_326832356839608_4945138034304598573_n.jpg?_nc_cat=110&amp;ccb=1-7&amp;_nc_sid=127cfc&amp;_nc_ohc=KuWtrZyu4GAQ7kNvgFuiZwj&amp;_nc_zt=23&amp;_nc_ht=scontent-waw2-1.xx&amp;_nc_gid=AUQFeUsjmIIFohSdNuQHCaF&amp;oh=00_AYBhLNqxgb6fyhd1IsNadz3GDzLu_GW-rbaxVRgdhGkmYg&amp;oe=67569263\" alt=\"Brak dost\u0119pnego opisu zdj\u0119cia.\" style=\"width:509px;height:auto\"\/><\/figure>\n<\/div>\n\n\n<p class=\"has-text-align-center\">Gr\u00f3b L. Korzewnikjanca 12.06.2023 r. zosta\u0142 wpisany do ewidencji grob\u00f3w weteran\u00f3w walk o wolno\u015b\u0107 i niepodleg\u0142o\u015b\u0107 Polski pod numerem ewidencyjnym 6156<\/p>\n\n\n\n<p class=\"has-text-align-center\"><strong>Gr\u00f3b p\u0142k-a po\u017c. Mieczys\u0142awa Zdzieszy\u0144skiego<\/strong><br>lokalizacja grobu: kwatera B 28, rz\u0105d 1, gr\u00f3b 3<\/p>\n\n\n<div class=\"wp-block-image\">\n<figure class=\"aligncenter size-large is-resized\"><img loading=\"lazy\" decoding=\"async\" width=\"1024\" height=\"675\" src=\"https:\/\/spsro.pl\/wp-content\/uploads\/2024\/12\/Skan_20230720-1024x675.jpg\" alt=\"\" class=\"wp-image-357\" style=\"width:604px;height:auto\" srcset=\"https:\/\/spsro.pl\/wp-content\/uploads\/2024\/12\/Skan_20230720-1024x675.jpg 1024w, https:\/\/spsro.pl\/wp-content\/uploads\/2024\/12\/Skan_20230720-300x198.jpg 300w, https:\/\/spsro.pl\/wp-content\/uploads\/2024\/12\/Skan_20230720-768x506.jpg 768w, https:\/\/spsro.pl\/wp-content\/uploads\/2024\/12\/Skan_20230720.jpg 1477w\" sizes=\"auto, (max-width: 1024px) 100vw, 1024px\" \/><\/figure>\n<\/div>\n\n\n<p class=\"has-text-align-center\">Gr\u00f3b M. Zdzieszy\u0144skiego 23.02.2024 r. zosta\u0142 wpisany do ewidencji grob\u00f3w weteran\u00f3w walk o wolno\u015b\u0107 i niepodleg\u0142o\u015b\u0107 Polski pod numerem ewidencyjnym 7531<\/p>\n\n\n\n<p class=\"has-text-align-center\"><strong>Gr\u00f3b <a href=\"https:\/\/spsro.pl\/index.php\/internetowy-katalog-czlonkow-strazackiego-ruchu-oporu-skala\/czeslaw-zygnerski\/\" data-type=\"page\" data-id=\"159\">mjr-a po\u017c. Czes\u0142awa Zygnerskiego<\/a><\/strong><br>lokalizacja grobu: B 28, rz\u0105d 1, gr\u00f3b 4<\/p>\n\n\n<div class=\"wp-block-image\">\n<figure class=\"aligncenter size-large is-resized\"><img loading=\"lazy\" decoding=\"async\" width=\"768\" height=\"1024\" src=\"https:\/\/spsro.pl\/wp-content\/uploads\/2024\/12\/20230929_141119-768x1024.jpg\" alt=\"\" class=\"wp-image-360\" style=\"width:509px;height:auto\" srcset=\"https:\/\/spsro.pl\/wp-content\/uploads\/2024\/12\/20230929_141119-768x1024.jpg 768w, https:\/\/spsro.pl\/wp-content\/uploads\/2024\/12\/20230929_141119-225x300.jpg 225w, https:\/\/spsro.pl\/wp-content\/uploads\/2024\/12\/20230929_141119-1152x1536.jpg 1152w, https:\/\/spsro.pl\/wp-content\/uploads\/2024\/12\/20230929_141119-1536x2048.jpg 1536w, https:\/\/spsro.pl\/wp-content\/uploads\/2024\/12\/20230929_141119-scaled.jpg 1920w\" sizes=\"auto, (max-width: 768px) 100vw, 768px\" \/><\/figure>\n<\/div>\n\n\n<p class=\"has-text-align-center\">Gr\u00f3b Cz. Zygnerskiego 12.06.2023 r. zosta\u0142 wpisany do ewidencji grob\u00f3w weteran\u00f3w walk o wolno\u015b\u0107 i niepodleg\u0142o\u015b\u0107 Polski pod numerem ewidencyjnym 6158<\/p>\n\n\n\n<p><\/p>\n","protected":false},"excerpt":{"rendered":"<p>Cmentarz Wojskowy na Pow\u0105zkach Pow\u0105zkowska 43\/45, 01-797 Warszawa Gr\u00f3b pp\u0142k-a po\u017c. Stanis\u0142awa Gieysztoralokalizacja grobu: kwatera A 22, rz\u0105d TUJE, gr\u00f3b&#8230;<\/p>\n","protected":false},"author":1,"featured_media":0,"parent":286,"menu_order":0,"comment_status":"closed","ping_status":"closed","template":"","meta":{"footnotes":""},"class_list":["post-354","page","type-page","status-publish","hentry"],"_links":{"self":[{"href":"https:\/\/spsro.pl\/index.php\/wp-json\/wp\/v2\/pages\/354","targetHints":{"allow":["GET"]}}],"collection":[{"href":"https:\/\/spsro.pl\/index.php\/wp-json\/wp\/v2\/pages"}],"about":[{"href":"https:\/\/spsro.pl\/index.php\/wp-json\/wp\/v2\/types\/page"}],"author":[{"embeddable":true,"href":"https:\/\/spsro.pl\/index.php\/wp-json\/wp\/v2\/users\/1"}],"replies":[{"embeddable":true,"href":"https:\/\/spsro.pl\/index.php\/wp-json\/wp\/v2\/comments?post=354"}],"version-history":[{"count":2,"href":"https:\/\/spsro.pl\/index.php\/wp-json\/wp\/v2\/pages\/354\/revisions"}],"predecessor-version":[{"id":376,"href":"https:\/\/spsro.pl\/index.php\/wp-json\/wp\/v2\/pages\/354\/revisions\/376"}],"up":[{"embeddable":true,"href":"https:\/\/spsro.pl\/index.php\/wp-json\/wp\/v2\/pages\/286"}],"wp:attachment":[{"href":"https:\/\/spsro.pl\/index.php\/wp-json\/wp\/v2\/media?parent=354"}],"curies":[{"name":"wp","href":"https:\/\/api.w.org\/{rel}","templated":true}]}}