{"id":417,"date":"2025-01-05T21:47:29","date_gmt":"2025-01-05T20:47:29","guid":{"rendered":"https:\/\/spsro.pl\/?page_id=417"},"modified":"2025-01-05T23:05:14","modified_gmt":"2025-01-05T22:05:14","slug":"kazimierz-glab","status":"publish","type":"page","link":"https:\/\/spsro.pl\/index.php\/internetowy-katalog-czlonkow-strazackiego-ruchu-oporu-skala\/kazimierz-glab\/","title":{"rendered":"Kazimierz G\u0142\u0105b"},"content":{"rendered":"<div class=\"wp-block-image\">\n<figure class=\"aligncenter size-large is-resized\"><img loading=\"lazy\" decoding=\"async\" width=\"726\" height=\"1024\" src=\"https:\/\/spsro.pl\/wp-content\/uploads\/2025\/01\/Skan_20240311-\u2014-kopia-726x1024.jpg\" alt=\"\" class=\"wp-image-421\" style=\"width:191px;height:auto\" srcset=\"https:\/\/spsro.pl\/wp-content\/uploads\/2025\/01\/Skan_20240311-\u2014-kopia-726x1024.jpg 726w, https:\/\/spsro.pl\/wp-content\/uploads\/2025\/01\/Skan_20240311-\u2014-kopia-213x300.jpg 213w, https:\/\/spsro.pl\/wp-content\/uploads\/2025\/01\/Skan_20240311-\u2014-kopia-768x1084.jpg 768w, https:\/\/spsro.pl\/wp-content\/uploads\/2025\/01\/Skan_20240311-\u2014-kopia.jpg 1024w\" sizes=\"auto, (max-width: 726px) 100vw, 726px\" \/><\/figure>\n<\/div>\n\n\n<p class=\"has-text-align-center\">Ppor. po\u017c. Kazimierz G\u0142\u0105b, fotografia z lat 40. XX wieku.<br>Fot. Archiwum KG PSP<\/p>\n\n\n\n<p><strong>1. Imi\u0119 i nazwisko:&nbsp;<\/strong>Kazimierz G\u0142\u0105b<\/p>\n\n\n\n<p><strong>2. Pseudonim:&nbsp;<\/strong>&#8211;<\/p>\n\n\n\n<p><strong>3. Data i miejsce urodzenia:&nbsp;<\/strong>5.01.1903 r., Krak\u00f3w<\/p>\n\n\n\n<p><strong>4. Data i miejsce \u015bmierci:&nbsp;<\/strong>11.12.1943 r., S\u0142omniki (?)<\/p>\n\n\n\n<p><strong>5. Imiona rodzic\u00f3w:&nbsp;<\/strong>Tomasz, Maria Magielska<\/p>\n\n\n\n<p><strong>6. Wykszta\u0142cenie:<\/strong> podstawowe &#8211; do 1918 r. 3 klasy gimnazjum. Kurs OPL &#8211; 1932 r., Kurs wyszkolenia Szef\u00f3w S\u0142u\u017cb Przeciwpo\u017carowej w OPL &#8211; 1936 r., I kurs oficerski w Centralnej Szkole Po\u017carniczej w Warszawie \u2013 1943 r., lokata 19\/62.<\/p>\n\n\n\n<p><strong>7. Stopie\u0144<\/strong>:<br><strong>a) w Wojsku Polskim:<\/strong> ?<br><strong>b) w Stra\u017cy Po\u017carnej:&nbsp;<\/strong>podporucznik po\u017carnictwa (1943 r.)<\/p>\n\n\n\n<p><strong>8. Przebieg s\u0142u\u017cby:<\/strong><br><strong>a) przed 1939:\u00a0<\/strong>Do odzyskania niepodleg\u0142o\u015bci w 1918 r. by\u0142 uczniem gimnazjum. W dniu 30.10.1918 r. wst\u0105pi\u0142 jako ochotnik do Wojska Polskiego i s\u0142u\u017cy\u0142 do dnia 30.11.1920 r. 15.12.1920 r. wst\u0105pi\u0142 do Miejskiej Zawodowej Stra\u017cy Po\u017carnej w Krakowie. W mi\u0119dzyczasie kontynuowa\u0142 swoj\u0105 edukacj\u0119 &#8211; zda\u0142 egzamin nadzwyczajny z klasy I do VI w IX Pa\u0144\u015btwowym Gimnazjum im. Hoene-Wro\u0144skiego w Krakowie. 30.08.1928 r. zwolni\u0142 si\u0119 z MZSP w Krakowie i przeni\u00f3s\u0142 si\u0119 do Jas\u0142a na stanowisko komendanta pogotowia zawodowego. Od 1929 r. pe\u0142ni\u0142 funkcj\u0119 komendanta jasielskiej OSP.<br><strong>b) w latach 1939-1945:\u00a0<\/strong>Brak informacji o walkach w kampanii wrze\u015bniowej. W czasie okupacji pe\u0142ni\u0142 funkcj\u0119 komendanta Zawodowej Stra\u017cy Po\u017carnej w Ja\u015ble oraz II powiatowego instruktora po\u017carnictwa w powiecie jasielskim. Wraz z powiatowym instruktorem Micha\u0142em Szarom\u0105 zorganizowa\u0142 w marcu 1941 r. podziemn\u0105 podchor\u0105\u017c\u00f3wk\u0119 (w ramach AK i &#8222;Ska\u0142y&#8221;), w ramach kt\u00f3rej szkoli\u0142o si\u0119 \u0142\u0105cznie 15 stra\u017cak\u00f3w z K\u0142odawy, Brzysk, Ko\u0142aczyc, Berzeska i Nawsia-Brzostowskiego. W listopadzie 1943 r. w ramach &#8222;wsypy krakowskiej&#8221; zosta\u0142 aresztowany wraz z Szarom\u0105 i osadzony w wi\u0119zieniu na Montelupich w Krakowie. Zamordowany prawdopodobnie w S\u0142omnikach 11.12.1943 r.<br><strong>c) po 1945<\/strong>: &#8211;<\/p>\n\n\n\n<p><strong>9. Dzia\u0142alno\u015b\u0107 w ramach Stra\u017cackiego Ruchu Oporu \u201eSka\u0142a\u201d:<\/strong><br><strong>a) przydzia\u0142:<\/strong> IV Krakowski Okr\u0119g SRO<br><strong>b) pe\u0142nione funkcje:&nbsp;<\/strong>&#8211;<\/p>\n\n\n\n<p><strong>10.&nbsp; Dzia\u0142alno\u015b\u0107 w ramach innych organizacji konspiracyjnych:<\/strong>&nbsp;Armia Krajowa<\/p>\n\n\n\n<p><strong>11. Formy upami\u0119tnienia:&nbsp;<\/strong>&#8211;<\/p>\n\n\n\n<p><strong>12. Odznaczenia:&nbsp;<\/strong>&#8211;<\/p>\n\n\n\n<p><strong>13. Bibliografia<\/strong>:<br>Archiwa:<br>Archiwum KG PSP,&nbsp;<em>akta osobowe<\/em> <em>K. G\u0142\u0105ba<\/em><\/p>\n\n\n\n<p>Publikacje:<br>M. Mantyka, <em>Dzieje Krakowskiego Zwi\u0105zku Stra\u017cy Po\u017carnych w latach 1923-1950<\/em>, Krak\u00f3w, 2008, str. 143; St. D\u0105browa-Kostka, <em>Hitlerowskie Afisze \u015amierci<\/em>, Krak\u00f3w 1983, str. 171; J. \u0141amaszewski, W\u0142. Pilawski, <em>Ksi\u0119ga Pami\u0119ci funkcjonariuszy po\u017carnictwa i stra\u017cak\u00f3w ochotnik\u00f3w 1939-1945<\/em>, Warszawa 1986 r., str. 129-130; St. Kuta, <em>Ochotnicze Stra\u017ce Po\u017carne w Polsce Ludowej 1944-1975. Zarys dziej\u00f3w i dzia\u0142alno\u015bci<\/em>, Warszawa 1987, str. 56; P. Matusak, <em>Stra\u017c Po\u017carna. Warszawskie Termopile 1939-1945<\/em>, Warszawa 2014, str. 84, 151, 15; St. Biele\u0144, B. Kwiatkowska-Basa\u0142aj, J. Pietrzak-Krekora, M. Pie\u0144kowska, A. Sarna, H. Turska, M. Zdanowski, <em>Tradycje Szko\u0142y G\u0142\u00f3wnej Po\u017carniczej: monografia systemu kszta\u0142cenia oficer\u00f3w kadr po\u017carniczych 1939-1989<\/em>, Warszawa 1989 r., str. 27.<\/p>\n","protected":false},"excerpt":{"rendered":"<p>Ppor. po\u017c. Kazimierz G\u0142\u0105b, fotografia z lat 40. XX wieku.Fot. Archiwum KG PSP 1. Imi\u0119 i nazwisko:&nbsp;Kazimierz G\u0142\u0105b 2. Pseudonim:&nbsp;&#8211;&#8230;<\/p>\n","protected":false},"author":1,"featured_media":0,"parent":44,"menu_order":0,"comment_status":"closed","ping_status":"closed","template":"","meta":{"footnotes":""},"class_list":["post-417","page","type-page","status-publish","hentry"],"_links":{"self":[{"href":"https:\/\/spsro.pl\/index.php\/wp-json\/wp\/v2\/pages\/417","targetHints":{"allow":["GET"]}}],"collection":[{"href":"https:\/\/spsro.pl\/index.php\/wp-json\/wp\/v2\/pages"}],"about":[{"href":"https:\/\/spsro.pl\/index.php\/wp-json\/wp\/v2\/types\/page"}],"author":[{"embeddable":true,"href":"https:\/\/spsro.pl\/index.php\/wp-json\/wp\/v2\/users\/1"}],"replies":[{"embeddable":true,"href":"https:\/\/spsro.pl\/index.php\/wp-json\/wp\/v2\/comments?post=417"}],"version-history":[{"count":3,"href":"https:\/\/spsro.pl\/index.php\/wp-json\/wp\/v2\/pages\/417\/revisions"}],"predecessor-version":[{"id":424,"href":"https:\/\/spsro.pl\/index.php\/wp-json\/wp\/v2\/pages\/417\/revisions\/424"}],"up":[{"embeddable":true,"href":"https:\/\/spsro.pl\/index.php\/wp-json\/wp\/v2\/pages\/44"}],"wp:attachment":[{"href":"https:\/\/spsro.pl\/index.php\/wp-json\/wp\/v2\/media?parent=417"}],"curies":[{"name":"wp","href":"https:\/\/api.w.org\/{rel}","templated":true}]}}