{"id":425,"date":"2025-01-05T23:13:15","date_gmt":"2025-01-05T22:13:15","guid":{"rendered":"https:\/\/spsro.pl\/?page_id=425"},"modified":"2025-01-06T00:41:36","modified_gmt":"2025-01-05T23:41:36","slug":"michal-szaroma","status":"publish","type":"page","link":"https:\/\/spsro.pl\/index.php\/internetowy-katalog-czlonkow-strazackiego-ruchu-oporu-skala\/michal-szaroma\/","title":{"rendered":"Micha\u0142 Szaroma"},"content":{"rendered":"<div class=\"wp-block-image\">\n<figure class=\"aligncenter size-large is-resized\"><img loading=\"lazy\" decoding=\"async\" width=\"747\" height=\"1024\" src=\"https:\/\/spsro.pl\/wp-content\/uploads\/2025\/01\/Skan_20240311-\u2014-kopia-1-747x1024.jpg\" alt=\"\" class=\"wp-image-428\" style=\"width:210px;height:auto\" srcset=\"https:\/\/spsro.pl\/wp-content\/uploads\/2025\/01\/Skan_20240311-\u2014-kopia-1-747x1024.jpg 747w, https:\/\/spsro.pl\/wp-content\/uploads\/2025\/01\/Skan_20240311-\u2014-kopia-1-219x300.jpg 219w, https:\/\/spsro.pl\/wp-content\/uploads\/2025\/01\/Skan_20240311-\u2014-kopia-1-768x1053.jpg 768w, https:\/\/spsro.pl\/wp-content\/uploads\/2025\/01\/Skan_20240311-\u2014-kopia-1.jpg 1078w\" sizes=\"auto, (max-width: 747px) 100vw, 747px\" \/><\/figure>\n<\/div>\n\n\n<p class=\"has-text-align-center\">Por. po\u017c. Micha\u0142 Szaroma , lata 40. XX wieku.<br>Fot.: Archiwum KG PSP<\/p>\n\n\n\n<p><strong>1. Imi\u0119 i nazwisko:\u00a0<\/strong>Micha\u0142 Szaroma<\/p>\n\n\n\n<p><strong>2. Pseudonim:&nbsp;<\/strong>&#8211;<\/p>\n\n\n\n<p><strong>3. Data i miejsce urodzenia:\u00a0<\/strong> 27.02.1906 r., Ostr\u00f3w (pow. ropczycko-s\u0119dziszowski)<\/p>\n\n\n\n<p><strong>4. Data i miejsce \u015bmierci:\u00a0<\/strong>6.12.1943 r., Warzyce<\/p>\n\n\n\n<p><strong>5. Imiona rodzic\u00f3w:<\/strong> Szymon, Katarzyna Szostak<\/p>\n\n\n\n<p><strong>6. Wykszta\u0142cenie:<\/strong> \u015brednie &#8211; egzamin maturalny &#8211; 1930 r. Instruktorski Kurs Po\u017carniczy VII stopnia w Lublinie 1934 r., lok. 63\/64, uzupe\u0142niaj\u0105cy kurs po\u017carniczy dla oficer\u00f3w Korpusu Technicznego ZSP RP w Centralnym O\u015brodku Wyszkolenia Po\u017carniczego ZSP RP w \u0141odzi &#8211; 1938 r.<\/p>\n\n\n\n<p><strong>7. Stopie\u0144<\/strong>:<br><strong>a) w Wojsku Polskim:<\/strong> Kapral pchor. rez. (ok. 1931 r.)<br><strong>b) w Stra\u017cy Po\u017carnej:\u00a0<\/strong>Porucznik po\u017c. (1941 r.)<\/p>\n\n\n\n<p><strong>8. Przebieg s\u0142u\u017cby:<\/strong><br><strong>a) przed 1939:\u00a0<\/strong>Najprawdopodobniej po uko\u0144czeniu gimnazjum i zdaniu egzaminu maturalnego zosta\u0142 powo\u0142any do s\u0142u\u017cby w Wojsku Polskim, kt\u00f3r\u0105 uko\u0144czy\u0142 ok. 1931 r. w stopniu kaprala podchor\u0105\u017cego rezerwy. W 1932 r. zosta\u0142 cz\u0142onkiem Legionu M\u0142odych \u2013 Akademickiego Zwi\u0105zku Pracy dla Pa\u0144stwa. W aktach personalnych brak informacji na temat studi\u00f3w. W 1932 r. wst\u0105pi\u0142 do s\u0142u\u017cby po\u017carniczej &#8211; od 11.08.1934 r. w stopniu aspiranta pe\u0142ni\u0142 funkcj\u0119 powiatowego instruktora po\u017carnictwa w powiecie grodzie\u0144skim. Przyj\u0119ty do Korpusu Technicznego ZSP RP na mocy Uchwa\u0142y ZG ZSP RP z dnia 18.08.1934 r. w stopniu aspiranta ze starsze\u0144stwem z dnia 27.05.1934 r. Uchwa\u0142\u0105 Rady Naczelnej ZSP RP z dn. 21.08.1943 r. otrzyma\u0142 stopie\u0144 m\u0142odszego instruktora ze starsze\u0144stwem od dnia 1.01.1936 r. oraz zosta\u0142 mianowany powiatowym instruktorem po\u017carnictwa w powiecie jasielskim.<br><strong>b) w latach 1939-1945:\u00a0<\/strong>Brak informacji na temat udzia\u0142u w walkach w czasie kampanii wrze\u015bniowej. W czasie okupacji pe\u0142ni\u0142 funkcj\u0119 powiatowego instruktora po\u017carnictwa w powiecie jasielskim. 1.05.1941 r. otrzyma\u0142 awans na stopie\u0144 porucznika po\u017carnictwa. Wraz z komendantem Zawodowej Stra\u017cy Po\u017carnej w Ja\u015ble ppor. po\u017c. Kazimierzem G\u0142\u0105bem zorganizowa\u0142 w marcu 1941 r. podziemn\u0105 podchor\u0105\u017c\u00f3wk\u0119 (w ramach AK i &#8222;Ska\u0142y&#8221;), w ramach kt\u00f3rej szkoli\u0142o si\u0119 \u0142\u0105cznie 15 stra\u017cak\u00f3w z K\u0142odawy, Brzysk, Ko\u0142aczyc, Berzeska i Nawsia-Brzostowskiego. W listopadzie 1943 r. w ramach &#8222;wsypy krakowskiej&#8221; zosta\u0142 aresztowany wraz z G\u0142\u0105bem i osadzony w wi\u0119zieniu na Montelupich w Krakowie. Zgina\u0142 rozstrzelany przez Niemc\u00f3w 6.12.1943 r. w lesie warzyckim.<br><strong>c) po 1945<\/strong>: &#8211;<\/p>\n\n\n\n<p><strong>9. Dzia\u0142alno\u015b\u0107 w ramach Stra\u017cackiego Ruchu Oporu \u201eSka\u0142a\u201d:<\/strong><br><strong>a) przydzia\u0142:<\/strong> IV Krakowski Okr\u0119g SRO<br><strong>b) pe\u0142nione funkcje:&nbsp;<\/strong>&#8211;<\/p>\n\n\n\n<p><strong>10.&nbsp; Dzia\u0142alno\u015b\u0107 w ramach innych organizacji konspiracyjnych:<\/strong>&nbsp;Armia Krajowa<\/p>\n\n\n\n<p><strong>11. Formy upami\u0119tnienia:&nbsp;<\/strong>&#8211;<\/p>\n\n\n\n<p><strong>12. Odznaczenia:&nbsp;<\/strong>&#8211;<\/p>\n\n\n\n<p><strong>13. Bibliografia<\/strong>:<br>Archiwum KG PSP,\u00a0<em>akta osobowe<\/em> <em>M. Szaromy<\/em><\/p>\n\n\n\n<p>Publikacje:<br>M. Mantyka, <em>Dzieje Krakowskiego Zwi\u0105zku Stra\u017cy Po\u017carnych w latach 1923-1950<\/em>, Krak\u00f3w, 2008, str. 143; St. D\u0105browa-Kostka, <em>Hitlerowskie Afisze \u015amierci<\/em>, Krak\u00f3w 1983, str. 171, 189; J. \u0141amaszewski, W\u0142. Pilawski, <em>Ksi\u0119ga Pami\u0119ci funkcjonariuszy po\u017carnictwa i stra\u017cak\u00f3w ochotnik\u00f3w 1939-1945<\/em>, Warszawa 1986 r., str. 129-131; St. Kuta, <em>Ochotnicze Stra\u017ce Po\u017carne w Polsce Ludowej 1944-1975. Zarys dziej\u00f3w i dzia\u0142alno\u015bci<\/em>, Warszawa 1987, str. 56; P. Matusak, <em>Stra\u017c Po\u017carna. Warszawskie Termopile 1939-1945<\/em>, Warszawa 2014, str. 84, 151, 154.<\/p>\n","protected":false},"excerpt":{"rendered":"<p>Por. po\u017c. Micha\u0142 Szaroma , lata 40. XX wieku.Fot.: Archiwum KG PSP 1. Imi\u0119 i nazwisko:\u00a0Micha\u0142 Szaroma 2. Pseudonim:&nbsp;&#8211; 3&#8230;.<\/p>\n","protected":false},"author":1,"featured_media":0,"parent":44,"menu_order":0,"comment_status":"closed","ping_status":"closed","template":"","meta":{"footnotes":""},"class_list":["post-425","page","type-page","status-publish","hentry"],"_links":{"self":[{"href":"https:\/\/spsro.pl\/index.php\/wp-json\/wp\/v2\/pages\/425","targetHints":{"allow":["GET"]}}],"collection":[{"href":"https:\/\/spsro.pl\/index.php\/wp-json\/wp\/v2\/pages"}],"about":[{"href":"https:\/\/spsro.pl\/index.php\/wp-json\/wp\/v2\/types\/page"}],"author":[{"embeddable":true,"href":"https:\/\/spsro.pl\/index.php\/wp-json\/wp\/v2\/users\/1"}],"replies":[{"embeddable":true,"href":"https:\/\/spsro.pl\/index.php\/wp-json\/wp\/v2\/comments?post=425"}],"version-history":[{"count":3,"href":"https:\/\/spsro.pl\/index.php\/wp-json\/wp\/v2\/pages\/425\/revisions"}],"predecessor-version":[{"id":431,"href":"https:\/\/spsro.pl\/index.php\/wp-json\/wp\/v2\/pages\/425\/revisions\/431"}],"up":[{"embeddable":true,"href":"https:\/\/spsro.pl\/index.php\/wp-json\/wp\/v2\/pages\/44"}],"wp:attachment":[{"href":"https:\/\/spsro.pl\/index.php\/wp-json\/wp\/v2\/media?parent=425"}],"curies":[{"name":"wp","href":"https:\/\/api.w.org\/{rel}","templated":true}]}}