{"id":44,"date":"2024-08-01T12:28:47","date_gmt":"2024-08-01T10:28:47","guid":{"rendered":"https:\/\/spsro.pl\/?page_id=44"},"modified":"2025-07-08T21:13:31","modified_gmt":"2025-07-08T19:13:31","slug":"internetowy-katalog-czlonkow-strazackiego-ruchu-oporu-skala","status":"publish","type":"page","link":"https:\/\/spsro.pl\/index.php\/internetowy-katalog-czlonkow-strazackiego-ruchu-oporu-skala\/","title":{"rendered":"Internetowy Katalog Cz\u0142onk\u00f3w Stra\u017cackiego Ruchu Oporu &#8222;Ska\u0142a&#8221;"},"content":{"rendered":"\n<figure class=\"wp-block-image size-large\"><img loading=\"lazy\" decoding=\"async\" width=\"1024\" height=\"686\" src=\"https:\/\/spsro.pl\/wp-content\/uploads\/2024\/10\/Skan_20231221-16-1024x686.jpg\" alt=\"\" class=\"wp-image-194\" srcset=\"https:\/\/spsro.pl\/wp-content\/uploads\/2024\/10\/Skan_20231221-16-1024x686.jpg 1024w, https:\/\/spsro.pl\/wp-content\/uploads\/2024\/10\/Skan_20231221-16-300x201.jpg 300w, https:\/\/spsro.pl\/wp-content\/uploads\/2024\/10\/Skan_20231221-16-768x514.jpg 768w, https:\/\/spsro.pl\/wp-content\/uploads\/2024\/10\/Skan_20231221-16-1536x1028.jpg 1536w, https:\/\/spsro.pl\/wp-content\/uploads\/2024\/10\/Skan_20231221-16.jpg 2021w\" sizes=\"auto, (max-width: 1024px) 100vw, 1024px\" \/><\/figure>\n\n\n\n<p class=\"has-text-align-center\">Odprawa szkoleniowa cz\u0142onk\u00f3w Stra\u017cackiego Ruchu Oporu w Grodzisku Mazowieckim zrealizowana pod pozorem zebrania delegat\u00f3w OSP, sierpie\u0144 1943 r.<br>Fot. Archiwum Muzeum Powstania Warszawskiego<\/p>\n\n\n\n<p>Internetowy Katalog Cz\u0142onk\u00f3w Stra\u017cackiego Ruchu Oporu &#8222;Ska\u0142a&#8221; stanowi jeden z element\u00f3w prowadzonych bada\u0144 nad histori\u0105 Stra\u017cackiego Ruchu Oporu. Wed\u0142ug r\u00f3\u017cnych szacunk\u00f3w w dzia\u0142alno\u015b\u0107 konspiracyjn\u0105 w ramach &#8222;Ska\u0142y&#8221; mia\u0142o by\u0107 zaanga\u017cowanych kilka tysi\u0119cy zawodowych stra\u017cak\u00f3w i ochotnik\u00f3w.<\/p>\n\n\n\n<p>Zamieszczone w Katalogu biogramy zawiera\u0107 b\u0119d\u0105 informacje na temat \u017cyciorysu oraz s\u0142u\u017cby w po\u017carnictwie w czasach II RP, okupacji oraz po jej zako\u0144czeniu, zweryfikowane w oparciu o materia\u0142y archiwalne oraz publikacje. <\/p>\n\n\n\n<p>Zapraszamy do kontaktu wszystkie osoby, kt\u00f3re posiadaj\u0105 informacje na temat dzia\u0142aczy &#8222;Ska\u0142y&#8221;.<\/p>\n\n\n\n<p>Aktualnie w bazie znajduje si\u0119 107 nazwisk.<\/p>\n\n\n<form role=\"search\" method=\"get\" action=\"https:\/\/spsro.pl\/\" class=\"wp-block-search__button-outside wp-block-search__text-button wp-block-search\"    ><label class=\"wp-block-search__label\" for=\"wp-block-search__input-1\" >Szukaj<\/label><div class=\"wp-block-search__inside-wrapper\" ><input class=\"wp-block-search__input\" id=\"wp-block-search__input-1\" placeholder=\"\" value=\"\" type=\"search\" name=\"s\" required \/><button aria-label=\"Szukaj\" class=\"wp-block-search__button wp-element-button\" type=\"submit\" >Szukaj<\/button><\/div><\/form>\n\n\n<figure class=\"wp-block-table\"><table class=\"has-fixed-layout\"><tbody><tr><td>Mieczys\u0142aw Augustyniak<\/td><\/tr><tr><td>Kazimierz Ambrozi\u0144ski<\/td><\/tr><tr><td>Jerzy Andrzejczak<\/td><\/tr><tr><td>Hieronim Bajon<\/td><\/tr><tr><td><a href=\"https:\/\/spsro.pl\/index.php\/bruno-banach\/\" data-type=\"page\" data-id=\"215\">Bruno Banach<\/a><\/td><\/tr><tr><td><a href=\"https:\/\/spsro.pl\/index.php\/internetowy-katalog-czlonkow-strazackiego-ruchu-oporu-skala\/tadeusz-baran\/\" data-type=\"page\" data-id=\"127\">Tadeusz Baran<\/a><\/td><\/tr><tr><td>Adam Barcikowski<\/td><\/tr><tr><td><a href=\"https:\/\/spsro.pl\/index.php\/bronislaw-bauer\/\" data-type=\"page\" data-id=\"154\">Bronis\u0142aw Bauer<\/a><\/td><\/tr><tr><td>Zygmunt Bieleniewicz<\/td><\/tr><tr><td>Anastazy Bielenin<\/td><\/tr><tr><td>J\u00f3zef Buchalski<\/td><\/tr><tr><td>Tadeusz Busza<\/td><\/tr><tr><td>Zbigniew Borowy<\/td><\/tr><tr><td>Jerzy Boruszczak<\/td><\/tr><tr><td>Bronis\u0142aw Chomicz<\/td><\/tr><tr><td>Bohdan Czerwi\u0144ski<\/td><\/tr><tr><td>Zygmunt Delura<\/td><\/tr><tr><td><a href=\"https:\/\/spsro.pl\/index.php\/internetowy-katalog-czlonkow-strazackiego-ruchu-oporu-skala\/jan-debicki\/\" data-type=\"page\" data-id=\"278\">Jan D\u0119bicki<\/a><\/td><\/tr><tr><td>Leopold Doma\u0144ski<\/td><\/tr><tr><td>Stanis\u0142aw Dro\u017cd\u017ce\u0144ski<\/td><\/tr><tr><td>J\u00f3zef Dura<\/td><\/tr><tr><td>Bronis\u0142aw Dutkiewicz<\/td><\/tr><tr><td>Henryk Empacher<\/td><\/tr><tr><td>Marian Filipek<\/td><\/tr><tr><td>Stanis\u0142aw Gieysztor<\/td><\/tr><tr><td>Tadeusz Glazer<\/td><\/tr><tr><td><a href=\"https:\/\/spsro.pl\/index.php\/internetowy-katalog-czlonkow-strazackiego-ruchu-oporu-skala\/kazimierz-glab\/\" data-type=\"page\" data-id=\"417\">Kazimierz G\u0142\u0105b<\/a><\/td><\/tr><tr><td>Eugeniusz Go\u0142awski<\/td><\/tr><tr><td><a href=\"https:\/\/spsro.pl\/index.php\/internetowy-katalog-czlonkow-strazackiego-ruchu-oporu-skala\/karol-golab\/\" data-type=\"page\" data-id=\"235\">Karol Go\u0142\u0105b<\/a><\/td><\/tr><tr><td>J\u00f3zef Gradowski<\/td><\/tr><tr><td>J\u00f3zef Gronkowski<\/td><\/tr><tr><td>W\u0142adys\u0142aw Grzankowski<\/td><\/tr><tr><td>Aleksander Gumowski<\/td><\/tr><tr><td><a href=\"https:\/\/spsro.pl\/index.php\/edward-guniewicz\/\" data-type=\"page\" data-id=\"267\">Edward Guniewicz<\/a><\/td><\/tr><tr><td>Janusz Hamankiewicz<\/td><\/tr><tr><td>Ryszard Idzikowski<\/td><\/tr><tr><td>\u0141ukasz Jagodzi\u0144ski<\/td><\/tr><tr><td>Szymon Jaroszewski<\/td><\/tr><tr><td>Augustyn Jaworski<\/td><\/tr><tr><td>Klemens Jerka<\/td><\/tr><tr><td>Konstanty Jurkowski<\/td><\/tr><tr><td>Eugeniusz Kaudelko<\/td><\/tr><tr><td>W\u0142odzimierz Kazimierczak<\/td><\/tr><tr><td><a href=\"https:\/\/spsro.pl\/index.php\/internetowy-katalog-czlonkow-strazackiego-ruchu-oporu-skala\/leopold-kiersznowski\/\" data-type=\"page\" data-id=\"141\">Leopold Kiersznowski<\/a><\/td><\/tr><tr><td>Adam Klepa<\/td><\/tr><tr><td><a href=\"https:\/\/spsro.pl\/index.php\/internetowy-katalog-czlonkow-strazackiego-ruchu-oporu-skala\/leon-korzewnikjanc\/\" data-type=\"page\" data-id=\"432\">Leon Korzewnikjanc<\/a><\/td><\/tr><tr><td>Lucjan Kota\u0144ski<\/td><\/tr><tr><td>Franciszek Kowalski<\/td><\/tr><tr><td>Wac\u0142aw Kr\u00f3lik<\/td><\/tr><tr><td>Micha\u0142 Krzy\u017canowski<\/td><\/tr><tr><td>Antoni Kwa\u015bniewski<\/td><\/tr><tr><td>Andrzej Kwiatkowski<\/td><\/tr><tr><td><a href=\"https:\/\/spsro.pl\/index.php\/jerzy-lgocki\/\" data-type=\"page\" data-id=\"147\">Jerzy Lgocki<\/a><\/td><\/tr><tr><td><a href=\"https:\/\/spsro.pl\/index.php\/wieslaw-lgocki\/\" data-type=\"page\" data-id=\"208\">Wies\u0142aw Lgocki<\/a><\/td><\/tr><tr><td>Alina Ma\u0142yska<\/td><\/tr><tr><td>Kazimierz Ma\u0142yska<\/td><\/tr><tr><td>Jan Markowicz<\/td><\/tr><tr><td>Henryk Markowski<\/td><\/tr><tr><td><a href=\"https:\/\/spsro.pl\/index.php\/internetowy-katalog-czlonkow-strazackiego-ruchu-oporu-skala\/stanislaw-mazan\/\" data-type=\"page\" data-id=\"198\">Stanis\u0142aw Mazan<\/a><\/td><\/tr><tr><td>Stefan Meyer<\/td><\/tr><tr><td>Artur Michalewski<\/td><\/tr><tr><td>Andrzej Mierzanowski<\/td><\/tr><tr><td>J\u00f3zef Miku\u0142a<\/td><\/tr><tr><td><a href=\"https:\/\/spsro.pl\/index.php\/internetowy-katalog-czlonkow-strazackiego-ruchu-oporu-skala\/alojzy-morawiec\/\" data-type=\"page\" data-id=\"448\">Alojzy Morawiec<\/a><\/td><\/tr><tr><td>Zygmunt Niemi\u0144ski<\/td><\/tr><tr><td><a href=\"https:\/\/spsro.pl\/index.php\/internetowy-katalog-czlonkow-strazackiego-ruchu-oporu-skala\/feliks-nowotny\/\" data-type=\"page\" data-id=\"440\">Feliks Nowotny<\/a><\/td><\/tr><tr><td>Stefan Olesiak<\/td><\/tr><tr><td>Jan Okwieci\u0144ski<\/td><\/tr><tr><td><a href=\"https:\/\/spsro.pl\/index.php\/krystyna-orlik-ruckemann\/\" data-type=\"page\" data-id=\"261\">Krystyna Orlik-R\u00fcckemann<\/a><\/td><\/tr><tr><td>Tadeusz Osi\u0144ski<\/td><\/tr><tr><td>Mieczys\u0142aw Parafi\u0144czak<\/td><\/tr><tr><td>Zbigniew Paw\u0142owski<\/td><\/tr><tr><td>Lucjan Piasecki<\/td><\/tr><tr><td>Jerzy Pi\u0105tek<\/td><\/tr><tr><td>Jan Pietraszkiewicz<\/td><\/tr><tr><td>W\u0142adys\u0142aw Pilawski<\/td><\/tr><tr><td><a href=\"https:\/\/spsro.pl\/index.php\/internetowy-katalog-czlonkow-strazackiego-ruchu-oporu-skala\/bronislaw-piwowar\/\" data-type=\"page\" data-id=\"252\">Bronis\u0142aw Piwowar<\/a><\/td><\/tr><tr><td>Micha\u0142 Pogorzelski<\/td><\/tr><tr><td>Tadeusz Pogorzelski<\/td><\/tr><tr><td>Jan Pryczek<\/td><\/tr><tr><td>Stanis\u0142aw Rudnicki<\/td><\/tr><tr><td>Eugeniusz Rusiecki<\/td><\/tr><tr><td>W\u0142adys\u0142aw Rze\u017aniczek<\/td><\/tr><tr><td>Tadeusz Salomo\u0144czyk<\/td><\/tr><tr><td>Jerzy Stahl<\/td><\/tr><tr><td>Mieczys\u0142aw Stylski<\/td><\/tr><tr><td><a href=\"https:\/\/spsro.pl\/index.php\/internetowy-katalog-czlonkow-strazackiego-ruchu-oporu-skala\/michal-szaroma\/\" data-type=\"page\" data-id=\"425\">Micha\u0142 Szaroma<\/a><\/td><\/tr><tr><td>Tomasz Szczepaniak<\/td><\/tr><tr><td>Tadeusz Szczepankowski<\/td><\/tr><tr><td>Andrzej Szempli\u0144ski<\/td><\/tr><tr><td>J\u00f3zef Szewczyk<\/td><\/tr><tr><td>Stanis\u0142aw Szopi\u0144ski<\/td><\/tr><tr><td><a href=\"https:\/\/spsro.pl\/index.php\/internetowy-katalog-czlonkow-strazackiego-ruchu-oporu-skala\/jan-sztromajer\/\" data-type=\"page\" data-id=\"473\">Jan Sztromajer<\/a><\/td><\/tr><tr><td>Jan Teichert<\/td><\/tr><tr><td>Stanis\u0142aw Weinberger (Za\u0142\u0119ski)<\/td><\/tr><tr><td>Mieczys\u0142aw W\u0119drychowski<\/td><\/tr><tr><td>Andrzej W\u0119grzyn<\/td><\/tr><tr><td>Bogumi\u0142 Wichrowski<\/td><\/tr><tr><td>Wawrzyniec Wi\u015bniewski<\/td><\/tr><tr><td>Zbigniew Wi\u015bniewski<\/td><\/tr><tr><td>Janusz Zag\u00f3rski<\/td><\/tr><tr><td>Mieczys\u0142aw Zdzieszy\u0144ski<\/td><\/tr><tr><td>Wac\u0142aw Zi\u00f3\u0142kowski<\/td><\/tr><tr><td><a href=\"https:\/\/spsro.pl\/index.php\/czeslaw-zygnerski\/\" data-type=\"page\" data-id=\"159\">Czes\u0142aw Zygnerski<\/a><\/td><\/tr><tr><td>Tadeusz \u017bebrowski<\/td><\/tr><tr><td>Henryk \u017belawski<\/td><\/tr><tr><td>Edward \u017bo\u0142dani<\/td><\/tr><\/tbody><\/table><\/figure>\n\n\n\n<p><\/p>\n","protected":false},"excerpt":{"rendered":"<p>Odprawa szkoleniowa cz\u0142onk\u00f3w Stra\u017cackiego Ruchu Oporu w Grodzisku Mazowieckim zrealizowana pod pozorem zebrania delegat\u00f3w OSP, sierpie\u0144 1943 r.Fot. Archiwum Muzeum&#8230;<\/p>\n","protected":false},"author":1,"featured_media":0,"parent":0,"menu_order":0,"comment_status":"closed","ping_status":"closed","template":"","meta":{"footnotes":""},"class_list":["post-44","page","type-page","status-publish","hentry"],"_links":{"self":[{"href":"https:\/\/spsro.pl\/index.php\/wp-json\/wp\/v2\/pages\/44","targetHints":{"allow":["GET"]}}],"collection":[{"href":"https:\/\/spsro.pl\/index.php\/wp-json\/wp\/v2\/pages"}],"about":[{"href":"https:\/\/spsro.pl\/index.php\/wp-json\/wp\/v2\/types\/page"}],"author":[{"embeddable":true,"href":"https:\/\/spsro.pl\/index.php\/wp-json\/wp\/v2\/users\/1"}],"replies":[{"embeddable":true,"href":"https:\/\/spsro.pl\/index.php\/wp-json\/wp\/v2\/comments?post=44"}],"version-history":[{"count":37,"href":"https:\/\/spsro.pl\/index.php\/wp-json\/wp\/v2\/pages\/44\/revisions"}],"predecessor-version":[{"id":476,"href":"https:\/\/spsro.pl\/index.php\/wp-json\/wp\/v2\/pages\/44\/revisions\/476"}],"wp:attachment":[{"href":"https:\/\/spsro.pl\/index.php\/wp-json\/wp\/v2\/media?parent=44"}],"curies":[{"name":"wp","href":"https:\/\/api.w.org\/{rel}","templated":true}]}}