{"id":440,"date":"2025-01-06T14:36:22","date_gmt":"2025-01-06T13:36:22","guid":{"rendered":"https:\/\/spsro.pl\/?page_id=440"},"modified":"2025-01-06T16:20:20","modified_gmt":"2025-01-06T15:20:20","slug":"feliks-nowotny","status":"publish","type":"page","link":"https:\/\/spsro.pl\/index.php\/internetowy-katalog-czlonkow-strazackiego-ruchu-oporu-skala\/feliks-nowotny\/","title":{"rendered":"Feliks Nowotny"},"content":{"rendered":"<div class=\"wp-block-image\">\n<figure class=\"aligncenter size-large is-resized\"><img loading=\"lazy\" decoding=\"async\" width=\"701\" height=\"1024\" src=\"https:\/\/spsro.pl\/wp-content\/uploads\/2025\/01\/Skan_20250106-701x1024.jpg\" alt=\"\" class=\"wp-image-444\" style=\"width:203px;height:auto\" srcset=\"https:\/\/spsro.pl\/wp-content\/uploads\/2025\/01\/Skan_20250106-701x1024.jpg 701w, https:\/\/spsro.pl\/wp-content\/uploads\/2025\/01\/Skan_20250106-205x300.jpg 205w, https:\/\/spsro.pl\/wp-content\/uploads\/2025\/01\/Skan_20250106-768x1122.jpg 768w, https:\/\/spsro.pl\/wp-content\/uploads\/2025\/01\/Skan_20250106.jpg 820w\" sizes=\"auto, (max-width: 701px) 100vw, 701px\" \/><\/figure>\n<\/div>\n\n\n<p class=\"has-text-align-center\">Feliks Nowotny<br>Fot. <em>A tu si\u0119 pali jak cholera. Szkice z dziej\u00f3w krakowskiej stra\u017cy po\u017carnej<\/em>, Krak\u00f3w 2010<\/p>\n\n\n\n<p><strong>1. Imi\u0119 i nazwisko:\u00a0<\/strong>Feliks Nowotny<\/p>\n\n\n\n<p><strong>2. Pseudonim:\u00a0<\/strong>&#8211; <\/p>\n\n\n\n<p><strong>3. Data i miejsce urodzenia:\u00a0<\/strong>31.08.1873 r., Krajowice<\/p>\n\n\n\n<p><strong>4. Data i miejsce \u015bmierci:\u00a0<\/strong>3.02.1940 r., Warszawa<\/p>\n\n\n\n<p><strong>5. Imiona rodzic\u00f3w<\/strong>: J\u00f3zef, Aniela Studnicka<\/p>\n\n\n\n<p><strong>6. Wykszta\u0142cenie:<\/strong>\u00a0Szko\u0142a realna w Tarnowie, szko\u0142a kadecka w \u0141obzowie<\/p>\n\n\n\n<p><strong>7. Stopie\u0144<\/strong>:<br><strong>a) w Wojsku Polskim:\u00a0<\/strong>major (1919 r.)<br><strong>b) w Stra\u017cy Po\u017carnej:\u00a0<\/strong>inspektor (?)<\/p>\n\n\n\n<p><strong>8. Przebieg s\u0142u\u017cby:<\/strong><br><strong>a) przed 1939:\u00a0<\/strong>Syn powsta\u0144ca styczniowego. W latach 1892-1899 odbywa\u0142 s\u0142u\u017cb\u0119 w C.K. Armii. Wiedz\u0119 z zakresu po\u017carnictwa zdobywa\u0142 w Wiedniu, Lipsku, Dre\u017anie, Pradze, Wroc\u0142awiu i Berlinie, a nast\u0119pnie we Francji i W\u0142oszech. Od 21.11.1903 r. naczelnik krakowskiej Miejskiej Stra\u017cy Po\u017carnej, od 1904 r. tak\u017ce prezes OSP w Krakowie, w latach 1908-1910 wiceprezes Krajowego Zwi\u0105zku Ochotniczych Stra\u017cy Po\u017carnych we Lwowie oraz referent Komisji Technicznej KZOSP.  W dniach 30-31.10.1893 r. uczestniczy\u0142 w rozbrajaniu wojsk C.K. Armii w Krakowie oraz wst\u0105pi\u0142 do Wojska Polskiego i rozpocz\u0105\u0142 s\u0142u\u017cb\u0119 w Dow\u00f3dztwie Okr\u0119gu Wojskowego nr 5 w Krakowie. 31.12.1920 r. zako\u0144czy\u0142 sprawowanie funkcji komendanta MSP w Krakowie. Pracowa\u0142 w Departamencie Budownictwa i Departamencie In\u017cynierii Ministerstwa Spraw Wojskowych w Warszawie. Od 1923 r. w rezerwie. W 1938 r. zosta\u0142 zatrudniony na stanowisku kierownika Wydzia\u0142u Administracyjno-Organizacyjnego ZSP RP.<br><strong>b) w latach 1939-1945:\u00a0<\/strong>Uczestnik obrony Warszawy we wrze\u015bniu 1939 r. w sk\u0142adzie Szefostwa S\u0142u\u017cby Przeciwlotniczej Warszawskiej Stra\u017cy Ogniowej. W grudniu 1939 r. zosta\u0142 wyznaczony przez komendanta Warszawskiej Stra\u017cy Ogniowej w Warszawie na oficera \u0142\u0105cznikowego mi\u0119dzy polskimi stra\u017cakami a kom\u00f3rk\u0105 po\u017carnicz\u0105 przy G\u0142\u00f3wnodowodz\u0105cym Policji Porz\u0105dkowej w GG. Zorganizowa\u0142 biuro dzia\u0142aj\u0105ce pod nazw\u0105 Kierownik Techniczny Po\u017carnictwa. 23.12.1939 r. bra\u0142 udzia\u0142 w spotkaniu w II oddziale Warszawskiej Stra\u017cy Ogniowej, podczas kt\u00f3rego powo\u0142ano do \u017cycia Stra\u017cacki Ruch Oporu \u201eSka\u0142a\u201d, powo\u0142any zosta\u0142 w sk\u0142ad Komendy G\u0142\u00f3wnej. Na pocz\u0105tku 1940 r. mia\u0142 zarekomendowa\u0107 Jerzego Lgockiego na swojego nast\u0119pc\u0119 na stanowisku Kierownika Technicznego Po\u017carnictwa. Zmar\u0142 z powodu ran odniesionych podczas obrony Warszawy.<br><strong>c) po 1945<\/strong>: &#8211;<\/p>\n\n\n\n<p><strong>9. Dzia\u0142alno\u015b\u0107 w ramach Stra\u017cackiego Ruchu Oporu \u201eSka\u0142a\u201d:<\/strong><br><strong>a) przydzia\u0142:\u00a0<\/strong>Komenda G\u0142\u00f3wna<br><strong>b) pe\u0142nione funkcje:\u00a0<\/strong>Cz\u0142onek Komendy G\u0142\u00f3wnej<\/p>\n\n\n\n<p><strong>10.\u00a0 Dzia\u0142alno\u015b\u0107 w ramach innych organizacji konspiracyjnych:<\/strong>\u00a0&#8211;<\/p>\n\n\n\n<p><strong>11. Formy upami\u0119tnienia:&nbsp;<\/strong>\u2013<\/p>\n\n\n\n<p><strong>12. Odznaczenia:\u00a0<\/strong>Z\u0142oty Krzy\u017c Zas\u0142ugi (?)<\/p>\n\n\n\n<p><strong>13. Bibliografia<\/strong>:<br>Archiwa:<br>Archiwum Muzeum Powstania Warszawskiego, L. Korzewnikjanc,\u00a0<em>Relacja z powo\u0142ania konspiracyjnej organizacji Wojskowej pod nazw\u0105 Stra\u017cacki Ruch Oporu \u201eSka\u0142a\u201d obejmuj\u0105cym swym zasi\u0119giem ca\u0142y okupowany przez hitlerowc\u00f3w obszar Rzeczypospolitej Polskiej<\/em>, mps., Warszawa, 1966 r. w:\u00a0<em>Archiwum Janusza Wi\u015bniewskiego,\u00a0<\/em>sygn. P.7720; Centralne Archiwum Wojskowe, <em>Akta osobowe sygn. AP 3164<\/em><\/p>\n\n\n\n<p>Publikacje:<br>J. Moniczewski, L. Buczak, L. Mazan, <em>A tu si\u0119 pali jak cholera! Szkice z dziej\u00f3w Krakowskiej Stra\u017cy Po\u017carnej<\/em>, Krak\u00f3w 2010, str. 44, 45, 55, 56, 281, 282; J. \u0141amaszewski, W\u0142. Pilawski,\u00a0<em>Ksi\u0119ga Pami\u0119ci funkcjonariuszy po\u017carnictwa\u00a0i stra\u017cak\u00f3w ochotnik\u00f3w 1939-1945<\/em>, Warszawa 1986 r., str. 57; W\u0142. Pilawski, <em>Organizacja ochrony przeciwpo\u017carowej na ziemiach polskich w latach 1939-1945 <\/em>w: <em>Muzealny Rocznik Po\u017carniczy<\/em> tom 2, Mys\u0142owice, 1991, str. 31; A. Jaworski, J. E. Wilczur,\u00a0<em>Stra\u017cacka wierno\u015b\u0107. Z dziej\u00f3w stra\u017cackiego antyhitlerowskiego ruchu oporu w okupowanej Warszawie w latach 1939-1945,\u00a0<\/em>Warszawa 1977 r., str. 22, 74, 235; W\u0142. Pilawski,\u00a0<em>Stra\u017cacki Ruch Oporu \u201eSka\u0142a\u201d<\/em>, Czarnk\u00f3w 2012 r., str. 9-11, 58, 59; P. Matusak,\u00a0<em>Stra\u017c Po\u017carna. Warszawskie Termopile 1939-1945,\u00a0<\/em>Warszawa 2014 r., str. 53, 61, 72, 77, 104, 118, 120, 130, 131, 322.<\/p>\n\n\n\n<p><\/p>\n\n\n\n<p><\/p>\n","protected":false},"excerpt":{"rendered":"<p>Feliks NowotnyFot. A tu si\u0119 pali jak cholera. Szkice z dziej\u00f3w krakowskiej stra\u017cy po\u017carnej, Krak\u00f3w 2010 1. Imi\u0119 i nazwisko:\u00a0Feliks&#8230;<\/p>\n","protected":false},"author":1,"featured_media":0,"parent":44,"menu_order":0,"comment_status":"closed","ping_status":"closed","template":"","meta":{"footnotes":""},"class_list":["post-440","page","type-page","status-publish","hentry"],"_links":{"self":[{"href":"https:\/\/spsro.pl\/index.php\/wp-json\/wp\/v2\/pages\/440","targetHints":{"allow":["GET"]}}],"collection":[{"href":"https:\/\/spsro.pl\/index.php\/wp-json\/wp\/v2\/pages"}],"about":[{"href":"https:\/\/spsro.pl\/index.php\/wp-json\/wp\/v2\/types\/page"}],"author":[{"embeddable":true,"href":"https:\/\/spsro.pl\/index.php\/wp-json\/wp\/v2\/users\/1"}],"replies":[{"embeddable":true,"href":"https:\/\/spsro.pl\/index.php\/wp-json\/wp\/v2\/comments?post=440"}],"version-history":[{"count":3,"href":"https:\/\/spsro.pl\/index.php\/wp-json\/wp\/v2\/pages\/440\/revisions"}],"predecessor-version":[{"id":445,"href":"https:\/\/spsro.pl\/index.php\/wp-json\/wp\/v2\/pages\/440\/revisions\/445"}],"up":[{"embeddable":true,"href":"https:\/\/spsro.pl\/index.php\/wp-json\/wp\/v2\/pages\/44"}],"wp:attachment":[{"href":"https:\/\/spsro.pl\/index.php\/wp-json\/wp\/v2\/media?parent=440"}],"curies":[{"name":"wp","href":"https:\/\/api.w.org\/{rel}","templated":true}]}}