{"id":448,"date":"2025-01-06T20:00:09","date_gmt":"2025-01-06T19:00:09","guid":{"rendered":"https:\/\/spsro.pl\/?page_id=448"},"modified":"2025-01-06T21:24:39","modified_gmt":"2025-01-06T20:24:39","slug":"alojzy-morawiec","status":"publish","type":"page","link":"https:\/\/spsro.pl\/index.php\/internetowy-katalog-czlonkow-strazackiego-ruchu-oporu-skala\/alojzy-morawiec\/","title":{"rendered":"Alojzy Morawiec"},"content":{"rendered":"<div class=\"wp-block-image\">\n<figure class=\"aligncenter size-full is-resized\"><img loading=\"lazy\" decoding=\"async\" width=\"802\" height=\"983\" src=\"https:\/\/spsro.pl\/wp-content\/uploads\/2025\/01\/Skan_20231221-24-\u2014-kopia.jpg\" alt=\"\" class=\"wp-image-451\" style=\"width:241px;height:auto\" srcset=\"https:\/\/spsro.pl\/wp-content\/uploads\/2025\/01\/Skan_20231221-24-\u2014-kopia.jpg 802w, https:\/\/spsro.pl\/wp-content\/uploads\/2025\/01\/Skan_20231221-24-\u2014-kopia-245x300.jpg 245w, https:\/\/spsro.pl\/wp-content\/uploads\/2025\/01\/Skan_20231221-24-\u2014-kopia-768x941.jpg 768w\" sizes=\"auto, (max-width: 802px) 100vw, 802px\" \/><\/figure>\n<\/div>\n\n\n<p class=\"has-text-align-center\">Alojzy Morawiec, ok. 1942 r.<br>Fot. Archiwum Muzeum Powstania Warszawskiego<\/p>\n\n\n\n<p><strong>1. Imi\u0119 i nazwisko:<\/strong> Alojzy Morawiec<\/p>\n\n\n\n<p><strong>2. Pseudonim:\u00a0<\/strong>&#8222;Rudolf Biliniewicz&#8221;<\/p>\n\n\n\n<p><strong>3. Data i miejsce urodzenia:\u00a0<\/strong>21.07.1897 r. (w aktach CAW 11.07.1897 r.), Bobrek<\/p>\n\n\n\n<p><strong>4. Data i miejsce \u015bmierci:\u00a0<\/strong>20.12.1991 r., Gda\u0144sk<\/p>\n\n\n\n<p><strong>5. Imiona rodzic\u00f3w:\u00a0<\/strong>J\u00f3zef, ?<\/p>\n\n\n\n<p><strong>6. Wykszta\u0142cenie:<\/strong>\u00a0Podstawowe: szko\u0142a podstawowa w Trzebini &#8211; 1907 r., \u015brednie: Gimnazjum \u015bw. Anny w Krakowie &#8211; 1911 r., do 1914 r. studiowa\u0142 na Akademii Handlowej w Krakowie. Matura &#8211; Gimnazjum im. B. Nowodworskiego w Krakowie &#8211; ok. 1919 r. W 1920 r. zda\u0142 egzamin ko\u0144cowy w Akademii Handlowej i rozpocz\u0105\u0142 szko\u0142\u0119 nauk politycznych przy Wydziale Prawa i Administracji Uniwersytetu Jagiello\u0144skiego w Krakowie.<\/p>\n\n\n\n<p><strong>7. Stopie\u0144<\/strong>:<br><strong>a) w Wojsku Polskim:\u00a0<\/strong>kapitan (1930 r.,)\/major KB (1944 r.)<br><strong>b) w Stra\u017cy Po\u017carnej:\u00a0<\/strong>plutonowy po\u017c. (przed 1944 r.)<\/p>\n\n\n\n<p><strong>8. Przebieg s\u0142u\u017cby:<\/strong><br><strong>a) przed 1939:\u00a0<\/strong>Po uko\u0144czeniu szko\u0142y podstawowej w Trzebini ok. 1907 r. przeprowadzi\u0142 si\u0119 do Krakowa, gdzie ucz\u0119szcza\u0142 do Gimnazjum \u015aw. Anny i studiowa\u0142 na Akademii Handlowej. W latach 1914-1915 zatrudniony by\u0142 w biurze telegraficznym urz\u0119du ruchu kolejowego w Trzebini. W 1915 r. zosta\u0142 zmobilizowany do Galicyjskiego Pu\u0142ku Piechoty nr 13.W 1916 r. ubiega\u0142 si\u0119 o przyj\u0119cie do szko\u0142y oficer\u00f3w rezerwy w Cesarskiej i kr\u00f3lewskiej Technicznej Akademii Wojskowej w M\u00f6dling lub Teresi\u0144skiej Akademii Wojskowej w Wiener Neustadt. W grudniu 1917 r. otrzyma\u0142 awans na stopie\u0144 podporucznika C.K. Armii. Walczy\u0142 na froncie w Rumunii i we W\u0142oszech jako dow\u00f3dca plutonu oraz kompanii. 2 krotnie ranny. W listopadzie 1918 r. wst\u0105pi\u0142 do Wojska Polskiego i w stopniu podporucznika zosta\u0142 doradc\u0105 gen. dyw. Franciszka Aleksandrowicza. W stopniu porucznika w latach 1921 -1933 s\u0142u\u017cy\u0142 w 2 Pu\u0142ku Lotniczym w Krakowie. W trakcie s\u0142u\u017cby zda\u0142 egzamin maturalny, uko\u0144czy\u0142 Akademi\u0119 Handlow\u0105 oraz szko\u0142\u0119 nauk politycznych i roczny kurs sp\u00f3\u0142dzielczy na Uniwersytecie Jagiello\u0144skim. W 1923 r. uko\u0144czy\u0142 Szko\u0142\u0119 Obserwator\u00f3w Lotniczych w Toruniu, w 1927 r. z\u0142o\u017cy\u0142 podanie o przyj\u0119cie do Wy\u017cszej Szko\u0142y Wojennej, jednak nie zosta\u0142 przyj\u0119ty. W 1930 r. zosta\u0142 awansowany na stopie\u0144 kapitana. W 1933 r. przeniesiony do 5 Pu\u0142ku Lotniczego w Lidzie, gdzie zajmowa\u0142 stanowiska dow\u00f3dcy eskadry szkolnej, dow\u00f3dcy portu lotniczego, dow\u00f3dcy eskadry towarzysz\u0105cej oraz dow\u00f3dcy dywizjonu szkolnego. Do 1936 r. uko\u0144czy\u0142 kursy dow\u00f3dc\u00f3w batalion\u00f3w w Centrum Wyszkolenia Piechoty w Rembertowie oraz dow\u00f3dc\u00f3w eskadr w Centrum Wyszkolenia Lotnictwa w D\u0119blinie. Przeniesiony w stan spoczynku z dniem 31.07.1939 r.<br><strong>b) w latach 1939-1945:\u00a0<\/strong>Po wybuchu wojny zmobilizowany w szeregi 5 Pu\u0142ku Lotniczego na stanowisku dow\u00f3dcy kolumny samochodowej. 26.09.1939 r. przekroczy\u0142 granic\u0119 z Litw\u0105 i zosta\u0142 osadzony w obozie internowanych pod Kownem, sk\u0105d zbieg\u0142 po 2 tygodniach. Aresztowany przez Niemc\u00f3w zosta\u0142 osadzony w Oflagu II D Gross Born (Grossborn-Westfalenhof). W po\u0142owie 1940 r. osadzony zosta\u0142 na Pawiaku, sk\u0105d zosta\u0142 zwolniony po 2 miesi\u0105cach. Po zwolnieniu ukrywa\u0142 si\u0119 jako Rudolf Biliniewicz w Centralnej Szkole Po\u017carniczej. Od czerwca 1941 r. cz\u0142onek Stra\u017cackiego Ruchu Oporu &#8222;Ska\u0142a&#8221;. W ramach &#8222;Ska\u0142y&#8221; prowadzi\u0142 szkolenia w ramach podziemnej podchor\u0105\u017c\u00f3wki (szkolenia z zakresu taktyki, regulamin\u00f3w i uzbrojenia) dla cz\u0142onk\u00f3w &#8222;Ska\u0142y&#8221;, AK, KB, BCh i PAL. Przydzia\u0142 i funkcja pe\u0142niona w &#8222;Skale&#8221; s\u0105 trudne do okre\u015blenia: sam Morawiec podawa\u0142, \u017ce pe\u0142ni\u0142 funkcj\u0119 Szefa Rozpoznania Taktycznego KG\/I Okr\u0119gu Sto\u0142ecznego, L. Korzewnikjanc opisywa\u0142 go jako zast\u0119pc\u0119 Szefa Szkolenia Wojskowego I Okr\u0119gu. W sierpniu 1944 r. walczy\u0142 w powstaniu warszawskim w 259. plutonie stra\u017cak\u00f3w AK. W czasie powstania zosta\u0142 dwukrotnie ranny. Po upadku powstania wyjecha\u0142 celem rekonwalescencji do Krakowa oraz Nowego Targu.<br><strong>c) po 1945<\/strong>: Po &#8222;wyzwoleniu&#8221; Nowego Targu z wojsk niemieckich 10.02.1945 r. powr\u00f3ci\u0142 do Krakowa i zg\u0142osi\u0142 si\u0119 w Rejonowej Komendzie Uzupe\u0142nie\u0144. Powo\u0142any do s\u0142u\u017cby w LWP na analogiczne przedwojenne stanowiska dow\u00f3dcze w jednostkach technicznej obs\u0142ugi lotnisk w Bia\u0142ymstoku, Warszawie i Tomaszowie Mazowieckim. W pa\u017adzierniku 1946 r. zosta\u0142 zdemobilizowany, wyjecha\u0142 jako osadnik wojskowy do Gda\u0144ska, gdzie mieszka\u0142 do \u015bmierci w 1991 r.<\/p>\n\n\n\n<p><strong>9. Dzia\u0142alno\u015b\u0107 w ramach Stra\u017cackiego Ruchu Oporu \u201eSka\u0142a\u201d:<\/strong><br><strong>a) przydzia\u0142:\u00a0<\/strong>Komenda G\u0142\u00f3wna\/I Sto\u0142eczny Okr\u0119g SRO (?)<br><strong>b) pe\u0142nione funkcje:\u00a0<\/strong>Szef Rozpoznania Taktycznego Komendy G\u0142\u00f3wnej w latach 1941-1943 (A. Morawiec)\/z-ca Szefa Szkolenia Wojskowego I Okr\u0119gu (L. Korzewnikjanc)<\/p>\n\n\n\n<p><strong>10.\u00a0 Dzia\u0142alno\u015b\u0107 w ramach innych organizacji konspiracyjnych:<\/strong>\u00a0Korpus Bezpiecze\u0144stwa, Armia Krajowa<\/p>\n\n\n\n<p><strong>11. Formy upami\u0119tnienia:&nbsp;<\/strong>&#8211;<\/p>\n\n\n\n<p><strong>12. Odznaczenia:\u00a0<\/strong>Krzy\u017c Zas\u0142ugi<\/p>\n\n\n\n<p><strong>13. Bibliografia<\/strong><br>Archiwa:<br>Archiwum Muzeum Powstania Warszawskiego: L. Korzewnikjanc, <em>Moja walka,<\/em> mps., s.a., s.l., str. 15; A. Morawiec, <em>Szczeg\u00f3\u0142owy \u017cyciorys<\/em>, Gda\u0144sk, s.a., mps., w: \u00a0<em>Archiwum Janusza Wi\u015bniewskiego,\u00a0<\/em>sygn. P.7720, Centralne Archiwum Wojskowe, <em>Akta personalne<\/em> sygn. AP 4085, AP 13000, KZ 17-882<\/p>\n\n\n\n<p>Publikacje:<br>St. Biele\u0144, B. Kwiatkowska-Basa\u0142aj, J. Pietrzak-Krekora, M. Pie\u0144kowska, A. Sarna, H. Turska, M. Zdanowski,\u00a0<em>Tradycje Szko\u0142y G\u0142\u00f3wnej Po\u017carniczej: monografia systemu kszta\u0142cenia oficer\u00f3w kadr po\u017carniczych 1939-1989,<\/em>\u00a0Warszawa 1989 r., str. 39<\/p>\n\n\n\n<p><\/p>\n","protected":false},"excerpt":{"rendered":"<p>Alojzy Morawiec, ok. 1942 r.Fot. Archiwum Muzeum Powstania Warszawskiego 1. Imi\u0119 i nazwisko: Alojzy Morawiec 2. Pseudonim:\u00a0&#8222;Rudolf Biliniewicz&#8221; 3. Data&#8230;<\/p>\n","protected":false},"author":1,"featured_media":0,"parent":44,"menu_order":0,"comment_status":"closed","ping_status":"closed","template":"","meta":{"footnotes":""},"class_list":["post-448","page","type-page","status-publish","hentry"],"_links":{"self":[{"href":"https:\/\/spsro.pl\/index.php\/wp-json\/wp\/v2\/pages\/448","targetHints":{"allow":["GET"]}}],"collection":[{"href":"https:\/\/spsro.pl\/index.php\/wp-json\/wp\/v2\/pages"}],"about":[{"href":"https:\/\/spsro.pl\/index.php\/wp-json\/wp\/v2\/types\/page"}],"author":[{"embeddable":true,"href":"https:\/\/spsro.pl\/index.php\/wp-json\/wp\/v2\/users\/1"}],"replies":[{"embeddable":true,"href":"https:\/\/spsro.pl\/index.php\/wp-json\/wp\/v2\/comments?post=448"}],"version-history":[{"count":3,"href":"https:\/\/spsro.pl\/index.php\/wp-json\/wp\/v2\/pages\/448\/revisions"}],"predecessor-version":[{"id":453,"href":"https:\/\/spsro.pl\/index.php\/wp-json\/wp\/v2\/pages\/448\/revisions\/453"}],"up":[{"embeddable":true,"href":"https:\/\/spsro.pl\/index.php\/wp-json\/wp\/v2\/pages\/44"}],"wp:attachment":[{"href":"https:\/\/spsro.pl\/index.php\/wp-json\/wp\/v2\/media?parent=448"}],"curies":[{"name":"wp","href":"https:\/\/api.w.org\/{rel}","templated":true}]}}