{"id":473,"date":"2025-07-08T21:12:21","date_gmt":"2025-07-08T19:12:21","guid":{"rendered":"https:\/\/spsro.pl\/?page_id=473"},"modified":"2025-07-08T21:12:39","modified_gmt":"2025-07-08T19:12:39","slug":"jan-sztromajer","status":"publish","type":"page","link":"https:\/\/spsro.pl\/index.php\/internetowy-katalog-czlonkow-strazackiego-ruchu-oporu-skala\/jan-sztromajer\/","title":{"rendered":"Jan Sztromajer"},"content":{"rendered":"<div class=\"wp-block-image\">\n<figure class=\"aligncenter size-large is-resized\"><img loading=\"lazy\" decoding=\"async\" width=\"739\" height=\"1024\" src=\"https:\/\/spsro.pl\/wp-content\/uploads\/2025\/07\/Skan_20240311-739x1024.jpg\" alt=\"\" class=\"wp-image-474\" style=\"width:244px;height:auto\" srcset=\"https:\/\/spsro.pl\/wp-content\/uploads\/2025\/07\/Skan_20240311-739x1024.jpg 739w, https:\/\/spsro.pl\/wp-content\/uploads\/2025\/07\/Skan_20240311-217x300.jpg 217w, https:\/\/spsro.pl\/wp-content\/uploads\/2025\/07\/Skan_20240311-768x1064.jpg 768w, https:\/\/spsro.pl\/wp-content\/uploads\/2025\/07\/Skan_20240311.jpg 978w\" sizes=\"auto, (max-width: 739px) 100vw, 739px\" \/><\/figure>\n<\/div>\n\n\n<p class=\"has-text-align-center\">Jan Sztromajer, fot. lata 50. XX wieku.<br>Fot. Archiwum KG PSP<\/p>\n\n\n\n<p><strong>1. Imi\u0119 i nazwisko:\u00a0<\/strong>Jan Wac\u0142aw Strohmeyer vel Sztromajer<\/p>\n\n\n\n<p><strong>2. Pseudonim:\u00a0<\/strong>&#8211;<\/p>\n\n\n\n<p><strong>3. Data i miejsce urodzenia:\u00a0<\/strong>8.04.1880 r., Warszawa<\/p>\n\n\n\n<p><strong>4. Data i miejsce \u015bmierci:\u00a0<\/strong>30.05.1956 r., Warszawa<\/p>\n\n\n\n<p><strong>5. Imiona rodzic\u00f3w<\/strong>: J\u00f3zef, Zofia Kijok<\/p>\n\n\n\n<p><strong>6. Wykszta\u0142cenie:<\/strong>\u00a0\u015brednie (6 klas szko\u0142y technicznej)<br>Kurs oficerski w ramach OSP &#8211; 1913 r., kurs komendant\u00f3w stra\u017cy &#8211; 1916 r., kurs komendant\u00f3w okr\u0119g\u00f3w &#8211; 1921 r.<\/p>\n\n\n\n<p><strong>7. Stopie\u0144<\/strong>:<br><strong>a) w Wojsku Polskim:\u00a0<\/strong>&#8211;<br><strong>b) w Stra\u017cy Po\u017carnej:\u00a0<\/strong>Starszy inspektor po\u017carnictwa (1925)<\/p>\n\n\n\n<p><strong>8. Przebieg s\u0142u\u017cby:<\/strong><br><strong>a) przed 1939:\u00a0<\/strong>w 1914 r. pe\u0142ni\u0142 funkcj\u0119 zast\u0119pcy komendanta OSP w Busku, nast\u0119pnie od 1915 r. do <br>1925 r. by\u0142 naczelnikiem OSP w Garwolinie. W kolejnych latach pe\u0142ni\u0142 wysokie funkcje w ramach ZSP RP, w okresie od 1917 r. do 1925 r. zajmowa\u0142 stanowisko wiceprezesa ZSP woj. lubelskiego oraz cz\u0142onka Rady Naczelnej GZSP RP. By\u0142 naczelnym Inspektorem G\u0142\u00f3wnego Zwi\u0105zku Stra\u017cy Po\u017carnych RP w latach 1925 &#8211; 1929, od 1929 r. do 1931 r. by\u0142 dyrektorem Zarz\u0105du Zwi\u0105zku Zawodowego Wy\u017cszych Funkcjonariuszy Po\u017carnictwa. Opr\u00f3cz s\u0142u\u017cby w po\u017carnictwie pracowa\u0142o jako inspektor Polskiej Dyrekcji Ubezpiecze\u0144 Wzajemnych na powiat garwoli\u0144ski, z dniem 1.05.1925 r. zosta\u0142 skierowany do biura Centrali PDUW w Warszawie. Od 1933 r. by\u0142 pierwszym so\u0142tysem gromady Osiedle \u0141\u0105czno\u015bci (p\u00f3\u017aniejsze Boernerowo), funkcj\u0119 pe\u0142ni\u0142 do wybuchu II wojny \u015bwiatowej.<br><strong>b) w latach 1939-1945:\u00a0<\/strong>brak informacji na temat udzia\u0142u w obronie Warszawy. Uczestniczy\u0142 w spotkaniu za\u0142o\u017cycielskim &#8222;Ska\u0142y&#8221; 23.12.1939 r. w siedzibie II oddzia\u0142u WSO, jednak nie odegra\u0142 wi\u0119kszej roli w dzia\u0142alno\u015bci konspiracyjnej. Po upadku powstania warszawskiego przez okres 6 miesi\u0119cy pracowa\u0142 jako sekretarz Zawodowej Miejskiej Stra\u017cy Po\u017carnej w Skar\u017cysku Kamiennej.<br><strong>c) po 1945<\/strong>: W latach 1949-1952 pracowa\u0142 jako inspektor ochrony ppo\u017c. w Monopolu Spirytusowym w Warszawie, od 1952 r. do \u015bmierci pracowa\u0142 jako st. inspektor ochrony ppo\u017c. w Centralnym Zarz\u0105dzie przemys\u0142u Piwowarsko-S\u0142odowniczego w Warszawie.<\/p>\n\n\n\n<p><strong>9. Dzia\u0142alno\u015b\u0107 w ramach Stra\u017cackiego Ruchu Oporu \u201eSka\u0142a\u201d:<\/strong><br><strong>a) przydzia\u0142:\u00a0<\/strong>&#8211;<br><strong>b) pe\u0142nione funkcje:\u00a0<\/strong>&#8211;<\/p>\n\n\n\n<p><strong>10.\u00a0 Dzia\u0142alno\u015b\u0107 w ramach innych organizacji konspiracyjnych:<\/strong>\u00a0&#8211;<\/p>\n\n\n\n<p><strong>11. Formy upami\u0119tnienia:&nbsp;<\/strong>\u2013<\/p>\n\n\n\n<p><strong>12. Odznaczenia:\u00a0<\/strong>Srebrny Krzy\u017c Zas\u0142ugi, Z\u0142oty Medal za Zas\u0142ugi dla Po\u017carnictwa<\/p>\n\n\n\n<p><strong>13. Bibliografia<\/strong><br>Archiwa:<br>Archiwum KG PSP.\u00a0<em>akta osobowe sygn<\/em>.\u00a0<em>AP 138<\/em>; Archiwum Muzeum Powstania Warszawskiego, L. Korzewnikjanc,\u00a0<em>Relacja z powo\u0142ania konspiracyjnej organizacji Wojskowej pod nazw\u0105 Stra\u017cacki Ruch Oporu \u201eSka\u0142a\u201d obejmuj\u0105cym swym zasi\u0119giem ca\u0142y okupowany przez hitlerowc\u00f3w obszar Rzeczypospolitej Polskiej<\/em>, mps., Warszawa, 1966 r., str. 1 w:\u00a0<em>Archiwum Janusza Wi\u015bniewskiego,\u00a0<\/em>sygn. P.7720<\/p>\n\n\n\n<p>Publikacje:<br>P. Matusak, <em>Stra\u017c Po\u017carna. Warszawskie Termopile 1939-1945, <\/em>Warszawa 2014 r., str. 118, 131; W\u0142. Pilawski, <em>Stra\u017cacki Ruch Oporu &#8222;Ska\u0142a&#8221;<\/em>, Czarnk\u00f3w 2012, str. 9, 10, 58; A. Jaworski, J.E. Wilczur, <em>Stra\u017cacka Wierno\u015b\u0107, z dziej\u00f3w stra\u017cackiego antyhitlerowskiego ruchu oporu w okupowanej Warszawie w latach 1939-1945, <\/em>Warszawa 1977 r., str. 74.<br><\/p>\n\n\n\n<p>Opr. A. Stefaniak-Guzik <\/p>\n","protected":false},"excerpt":{"rendered":"<p>Jan Sztromajer, fot. lata 50. XX wieku.Fot. Archiwum KG PSP 1. Imi\u0119 i nazwisko:\u00a0Jan Wac\u0142aw Strohmeyer vel Sztromajer 2. Pseudonim:\u00a0&#8211;&#8230;<\/p>\n","protected":false},"author":1,"featured_media":0,"parent":44,"menu_order":0,"comment_status":"closed","ping_status":"closed","template":"","meta":{"footnotes":""},"class_list":["post-473","page","type-page","status-publish","hentry"],"_links":{"self":[{"href":"https:\/\/spsro.pl\/index.php\/wp-json\/wp\/v2\/pages\/473","targetHints":{"allow":["GET"]}}],"collection":[{"href":"https:\/\/spsro.pl\/index.php\/wp-json\/wp\/v2\/pages"}],"about":[{"href":"https:\/\/spsro.pl\/index.php\/wp-json\/wp\/v2\/types\/page"}],"author":[{"embeddable":true,"href":"https:\/\/spsro.pl\/index.php\/wp-json\/wp\/v2\/users\/1"}],"replies":[{"embeddable":true,"href":"https:\/\/spsro.pl\/index.php\/wp-json\/wp\/v2\/comments?post=473"}],"version-history":[{"count":1,"href":"https:\/\/spsro.pl\/index.php\/wp-json\/wp\/v2\/pages\/473\/revisions"}],"predecessor-version":[{"id":475,"href":"https:\/\/spsro.pl\/index.php\/wp-json\/wp\/v2\/pages\/473\/revisions\/475"}],"up":[{"embeddable":true,"href":"https:\/\/spsro.pl\/index.php\/wp-json\/wp\/v2\/pages\/44"}],"wp:attachment":[{"href":"https:\/\/spsro.pl\/index.php\/wp-json\/wp\/v2\/media?parent=473"}],"curies":[{"name":"wp","href":"https:\/\/api.w.org\/{rel}","templated":true}]}}