{"id":60,"date":"2024-09-30T21:05:48","date_gmt":"2024-09-30T19:05:48","guid":{"rendered":"https:\/\/spsro.pl\/?page_id=60"},"modified":"2024-12-02T22:45:22","modified_gmt":"2024-12-02T21:45:22","slug":"wladze","status":"publish","type":"page","link":"https:\/\/spsro.pl\/index.php\/wladze\/","title":{"rendered":"W\u0142adze Stowarzyszenia"},"content":{"rendered":"\n<p class=\"has-text-align-center\"><strong>Prezydium Zarz\u0105du G\u0142\u00f3wnego Stowarzyszenia Pami\u0119ci Stra\u017cackiego Ruchu Oporu &#8222;Ska\u0142a&#8221;<\/strong><\/p>\n\n\n\n<p><strong>Prezes Zarz\u0105du G\u0142\u00f3wnego &#8211; <\/strong><a href=\"https:\/\/spsro.pl\/index.php\/wladze\/arkadiusz-stefaniak-guzik\/\" data-type=\"page\" data-id=\"175\">Arkadiusz Stefaniak-Guzik<\/a><br><strong>Wiceprezes Zarz\u0105du G\u0142\u00f3wnego &#8211; <\/strong>Kamil Gorlicki<br><strong>Wiceprezes Zarz\u0105du G\u0142\u00f3wnego &#8211; <\/strong>Mateusz Rosowski<br><strong>Sekretarz Generalny &#8211; <\/strong>vacat<br><strong>Skarbnik Zarz\u0105du G\u0142\u00f3wnego<\/strong> &#8211; Ma\u0142gorzata Stefaniak-Guzik<br><strong>Cz\u0142onek Zarz\u0105du G\u0142\u00f3wnego &#8211; <\/strong>Natalia Maciejczyk<\/p>\n\n\n\n<p class=\"has-text-align-center\"><strong>G\u0142\u00f3wna Komisja Rewizyjna<\/strong><\/p>\n\n\n\n<p class=\"has-text-align-left\"><strong>Przewodnicz\u0105cy G\u0142\u00f3wnej Komisji Rewizyjnej &#8211; <\/strong>Mateusz Mo\u017cd\u017ce\u0144<\/p>\n\n\n\n<p class=\"has-text-align-center\"><strong>G\u0142\u00f3wny S\u0105d Kole\u017ce\u0144ski<\/strong><\/p>\n\n\n\n<p><strong>Przewodnicz\u0105cy G\u0142\u00f3wnego S\u0105du Kole\u017ce\u0144skiego &#8211; <\/strong>p.o. Natalia Maciejczyk<\/p>\n\n\n\n<p><\/p>\n","protected":false},"excerpt":{"rendered":"<p>Prezydium Zarz\u0105du G\u0142\u00f3wnego Stowarzyszenia Pami\u0119ci Stra\u017cackiego Ruchu Oporu &#8222;Ska\u0142a&#8221; Prezes Zarz\u0105du G\u0142\u00f3wnego &#8211; Arkadiusz Stefaniak-GuzikWiceprezes Zarz\u0105du G\u0142\u00f3wnego &#8211; Kamil GorlickiWiceprezes&#8230;<\/p>\n","protected":false},"author":1,"featured_media":0,"parent":0,"menu_order":0,"comment_status":"closed","ping_status":"closed","template":"","meta":{"footnotes":""},"class_list":["post-60","page","type-page","status-publish","hentry"],"_links":{"self":[{"href":"https:\/\/spsro.pl\/index.php\/wp-json\/wp\/v2\/pages\/60","targetHints":{"allow":["GET"]}}],"collection":[{"href":"https:\/\/spsro.pl\/index.php\/wp-json\/wp\/v2\/pages"}],"about":[{"href":"https:\/\/spsro.pl\/index.php\/wp-json\/wp\/v2\/types\/page"}],"author":[{"embeddable":true,"href":"https:\/\/spsro.pl\/index.php\/wp-json\/wp\/v2\/users\/1"}],"replies":[{"embeddable":true,"href":"https:\/\/spsro.pl\/index.php\/wp-json\/wp\/v2\/comments?post=60"}],"version-history":[{"count":4,"href":"https:\/\/spsro.pl\/index.php\/wp-json\/wp\/v2\/pages\/60\/revisions"}],"predecessor-version":[{"id":333,"href":"https:\/\/spsro.pl\/index.php\/wp-json\/wp\/v2\/pages\/60\/revisions\/333"}],"wp:attachment":[{"href":"https:\/\/spsro.pl\/index.php\/wp-json\/wp\/v2\/media?parent=60"}],"curies":[{"name":"wp","href":"https:\/\/api.w.org\/{rel}","templated":true}]}}