{"id":62,"date":"2024-09-30T21:06:13","date_gmt":"2024-09-30T19:06:13","guid":{"rendered":"https:\/\/spsro.pl\/?page_id=62"},"modified":"2024-10-14T01:49:58","modified_gmt":"2024-10-13T23:49:58","slug":"statut","status":"publish","type":"page","link":"https:\/\/spsro.pl\/index.php\/statut\/","title":{"rendered":"Statut"},"content":{"rendered":"\n<p>Niniejszy Statut obejmuje tekst jednolity Statutu przyj\u0119ty na spotkaniu za\u0142o\u017cycielskim Stowarzyszenia Pami\u0119ci Stra\u017cackiego Ruchu Oporu \u201eSka\u0142a\u201d w Nowym Targu w dniu 21 kwietnia 2022 r. z uwzgl\u0119dnieniem zmian uchwalonych na mocy uchwa\u0142y nr 2\/24 Nadzwyczajnego Zjazdu Delegat\u00f3w Stowarzyszenia Pami\u0119ci Stra\u017cackiego Ruchu Oporu \u201eSka\u0142a\u201d z dnia 1 marca 2024 r.<\/p>\n\n\n\n<div data-wp-interactive=\"core\/file\" class=\"wp-block-file\"><object data-wp-bind--hidden=\"!state.hasPdfPreview\" hidden class=\"wp-block-file__embed\" data=\"https:\/\/spsro.pl\/wp-content\/uploads\/2024\/10\/STATUT-TEKST-JEDNOLITY-2.pdf\" type=\"application\/pdf\" style=\"width:100%;height:600px\" aria-label=\"Osadzone z STATUT TEKST JEDNOLITY.\"><\/object><a id=\"wp-block-file--media-7ada6bdd-c0dc-4c73-8105-160e0a95db24\" href=\"https:\/\/spsro.pl\/wp-content\/uploads\/2024\/10\/STATUT-TEKST-JEDNOLITY-2.pdf\">STATUT TEKST JEDNOLITY<\/a><a href=\"https:\/\/spsro.pl\/wp-content\/uploads\/2024\/10\/STATUT-TEKST-JEDNOLITY-2.pdf\" class=\"wp-block-file__button wp-element-button\" download aria-describedby=\"wp-block-file--media-7ada6bdd-c0dc-4c73-8105-160e0a95db24\">Pobierz<\/a><\/div>\n","protected":false},"excerpt":{"rendered":"<p>Niniejszy Statut obejmuje tekst jednolity Statutu przyj\u0119ty na spotkaniu za\u0142o\u017cycielskim Stowarzyszenia Pami\u0119ci Stra\u017cackiego Ruchu Oporu \u201eSka\u0142a\u201d w Nowym Targu w&#8230;<\/p>\n","protected":false},"author":1,"featured_media":0,"parent":0,"menu_order":0,"comment_status":"closed","ping_status":"closed","template":"","meta":{"footnotes":""},"class_list":["post-62","page","type-page","status-publish","hentry"],"_links":{"self":[{"href":"https:\/\/spsro.pl\/index.php\/wp-json\/wp\/v2\/pages\/62","targetHints":{"allow":["GET"]}}],"collection":[{"href":"https:\/\/spsro.pl\/index.php\/wp-json\/wp\/v2\/pages"}],"about":[{"href":"https:\/\/spsro.pl\/index.php\/wp-json\/wp\/v2\/types\/page"}],"author":[{"embeddable":true,"href":"https:\/\/spsro.pl\/index.php\/wp-json\/wp\/v2\/users\/1"}],"replies":[{"embeddable":true,"href":"https:\/\/spsro.pl\/index.php\/wp-json\/wp\/v2\/comments?post=62"}],"version-history":[{"count":4,"href":"https:\/\/spsro.pl\/index.php\/wp-json\/wp\/v2\/pages\/62\/revisions"}],"predecessor-version":[{"id":192,"href":"https:\/\/spsro.pl\/index.php\/wp-json\/wp\/v2\/pages\/62\/revisions\/192"}],"wp:attachment":[{"href":"https:\/\/spsro.pl\/index.php\/wp-json\/wp\/v2\/media?parent=62"}],"curies":[{"name":"wp","href":"https:\/\/api.w.org\/{rel}","templated":true}]}}