{"id":68,"date":"2024-09-30T21:14:30","date_gmt":"2024-09-30T19:14:30","guid":{"rendered":"https:\/\/spsro.pl\/?page_id=68"},"modified":"2024-10-13T17:01:36","modified_gmt":"2024-10-13T15:01:36","slug":"kontakt","status":"publish","type":"page","link":"https:\/\/spsro.pl\/index.php\/kontakt\/","title":{"rendered":"Kontakt"},"content":{"rendered":"\n<p class=\"has-text-align-center\"><strong>Stowarzyszenie Pami\u0119ci Stra\u017cackiego Ruchu Oporu &#8222;Ska\u0142a&#8221;<\/strong><br><strong>Zarz\u0105d G\u0142\u00f3wny<\/strong><\/p>\n\n\n\n<p>Ul. \u015aw. Katarzyny 3, 34-400 Nowy Targ<br>Tel. +48 576 473 389<br>E-mail: zg.spsros@gmail.com<\/p>\n\n\n\n<p>KRS: 0000975570<br>NIP: 7352905809<br>REGON: 52221991200000<br>Rachunek bie\u017c\u0105cy: 41 1870 1045 2078 1073 8436 0001<\/p>\n\n\n\n<p><\/p>\n","protected":false},"excerpt":{"rendered":"<p>Stowarzyszenie Pami\u0119ci Stra\u017cackiego Ruchu Oporu &#8222;Ska\u0142a&#8221;Zarz\u0105d G\u0142\u00f3wny Ul. \u015aw. Katarzyny 3, 34-400 Nowy TargTel. +48 576 473 389E-mail: zg.spsros@gmail.com KRS:&#8230;<\/p>\n","protected":false},"author":1,"featured_media":0,"parent":0,"menu_order":0,"comment_status":"closed","ping_status":"closed","template":"","meta":{"footnotes":""},"class_list":["post-68","page","type-page","status-publish","hentry"],"_links":{"self":[{"href":"https:\/\/spsro.pl\/index.php\/wp-json\/wp\/v2\/pages\/68","targetHints":{"allow":["GET"]}}],"collection":[{"href":"https:\/\/spsro.pl\/index.php\/wp-json\/wp\/v2\/pages"}],"about":[{"href":"https:\/\/spsro.pl\/index.php\/wp-json\/wp\/v2\/types\/page"}],"author":[{"embeddable":true,"href":"https:\/\/spsro.pl\/index.php\/wp-json\/wp\/v2\/users\/1"}],"replies":[{"embeddable":true,"href":"https:\/\/spsro.pl\/index.php\/wp-json\/wp\/v2\/comments?post=68"}],"version-history":[{"count":4,"href":"https:\/\/spsro.pl\/index.php\/wp-json\/wp\/v2\/pages\/68\/revisions"}],"predecessor-version":[{"id":117,"href":"https:\/\/spsro.pl\/index.php\/wp-json\/wp\/v2\/pages\/68\/revisions\/117"}],"wp:attachment":[{"href":"https:\/\/spsro.pl\/index.php\/wp-json\/wp\/v2\/media?parent=68"}],"curies":[{"name":"wp","href":"https:\/\/api.w.org\/{rel}","templated":true}]}}